{"id":7446,"date":"2013-07-21T18:12:48","date_gmt":"2013-07-21T16:12:48","guid":{"rendered":"http:\/\/klubmamgdynia.pl\/index.php\/produkt\/lol-surprise-color-change-pets-576334\/"},"modified":"2026-04-29T18:50:34","modified_gmt":"2026-04-29T16:50:34","slug":"lol-surprise-color-change-pets-576334","status":"publish","type":"product","link":"http:\/\/klubmamgdynia.pl\/index.php\/produkt\/lol-surprise-color-change-pets-576334\/","title":{"rendered":"LOL Surprise Color Change Pets 576334"},"content":{"rendered":"<p>Tym razem po odpakowaniu wszystkich warstw kuli w \u015brodku znajdziemy zwierz\u0105tko, ale nie b\u0119dzie to zwyk\u0142e zwierz\u0105tko! Ten malec potrafi zmienia\u0107 kolor! Odpakowuj kolejnych 6 warstw ods\u0142aniaj\u0105c nast\u0119puj\u0105ce po sobie niespodzianki: naklejki, akceoria, butelki czy ubranka. Po zdj\u0119ciu ostatniej, sz\u00f3stej warstwy, Twoim oczom uka\u017ce si\u0119 s\u0142odkie zwierz\u0105tko o wysoko\u015bci 6,3 cm. Jakie to b\u0119dzie zwierz\u0105tko? Nie wiadomo. Wiadomo natomiast, \u017ce b\u0119dzie posiada\u0142o funkcj\u0119 zmiany koloru. Zanurz malca w ciep\u0142ej wodzie i zobacz co si\u0119 stanie. Aby odwr\u00f3ci\u0107 proces, wystarczy umie\u015bci\u0107 zwierzaka w zimnej wodzie.Kula-opakowanie mo\u017ce zamieni\u0107 si\u0119 w domek dla zwierz\u0105tka, w kt\u00f3rym mo\u017cna wygodnie go przenosi\u0107.Laleczki L.O.L kochaj\u0105 dziewczynki na ca\u0142ym \u015bwiecie. Producentem L.O.L Surprise jest firma MGA. Laleczki wykonane zosta\u0142y z dba\u0142o\u015bci\u0105 o ka\u017cdy, nawet najmniejszy szczeg\u00f3\u0142, z jak najlepszej jako\u015bci materia\u0142\u00f3w. Ka\u017cda kolejna seria laleczek LOL wzbudza jeszcze wi\u0119ksze zainteresowanie i rado\u015b\u0107 w dzieciach.G\u0142\u00f3wny zamys\u0142 i zabawa polega na niespodziankach. Nigdy nie wiadomo jaka laleczka i akcesoria s\u0105 w kuli. Zrywaj\u0105c poszczeg\u00f3lne warstwy, odkrywamy kolejne niespodzianki, ubranka, akcesoria, laleczk\u0119. W\u015br\u00f3d produkt\u00f3w z serii L.O.L Surprise opr\u00f3cz Laleczek znajduj\u0105 si\u0119 ich siostrzyczki i zwierz\u0105tka. Ka\u017cdy zestaw posiada inn\u0105 liczb\u0119 warstw, a ka\u017cda seria skrywa nowe laleczki i akcesoria.Nigdy nie wiadomo co skrywaj\u0105 w sobie, wi\u0119c ekscytuj\u0105ca zabawa nie b\u0119dzie mia\u0142a ko\u0144ca<\/p>\n<h2>LOL Surprise Color Change Pets 576334 LOL Surprise<\/h2>\n<p>kolorowanki samochody, minecraft kolorowanki, quizy geograficzne, \u0142amig\u0142\u00f3wki dla dzieci do druku, pawe\u0142, kolorowanki ninjago, quiz dynastia mizio\u0142k\u00f3w, kolorowanka prezent, ko\u0142ysanki dla dzieci tekst, kolorowanki wed\u0142ug kodu do druku, nowe quizy do rozwi\u0105zania, drzewo genealogiczne do druku, sentencje ma\u0142y ksi\u0105\u017ce cytaty, zagadki na logiczne my\u015blenie, warsztaty dla dzieci warszawa, malowanki dla dzieci<\/p>\n<p>yyyyy<\/p>\n<p>&nbsp;<\/p>\n","protected":false},"excerpt":{"rendered":"<p>Tym razem po odpakowaniu wszystkich warstw kuli w \u015brodku znajdziemy zwierz\u0105tko, ale nie b\u0119dzie to zwyk\u0142e zwierz\u0105tko! Ten malec potrafi zmienia\u0107 kolor! Odpakowuj kolejnych 6 warstw ods\u0142aniaj\u0105c nast\u0119puj\u0105ce po sobie niespodzianki: naklejki, akceoria, butelki czy ubranka. Po zdj\u0119ciu ostatniej, sz\u00f3stej warstwy, Twoim oczom uka\u017ce si\u0119 s\u0142odkie zwierz\u0105tko o wysoko\u015bci 6,3 cm. Jakie to b\u0119dzie zwierz\u0105tko? [&hellip;]<\/p>\n","protected":false},"featured_media":7447,"comment_status":"closed","ping_status":"open","template":"","meta":[],"product_cat":[65,294],"product_tag":[700,749,582,745],"class_list":["post-7446","product","type-product","status-publish","has-post-thumbnail","hentry","product_cat-lalki","product_cat-lol-surprise","product_tag-bajki-do-czytania-dla-dzieci","product_tag-najlepsze-zarty-na-prima-aprilis","product_tag-nauka-pisania-literek-do-wydruku-pdf","product_tag-prezent-dla-15-latki"],"_links":{"self":[{"href":"http:\/\/klubmamgdynia.pl\/index.php\/wp-json\/wp\/v2\/product\/7446","targetHints":{"allow":["GET"]}}],"collection":[{"href":"http:\/\/klubmamgdynia.pl\/index.php\/wp-json\/wp\/v2\/product"}],"about":[{"href":"http:\/\/klubmamgdynia.pl\/index.php\/wp-json\/wp\/v2\/types\/product"}],"replies":[{"embeddable":true,"href":"http:\/\/klubmamgdynia.pl\/index.php\/wp-json\/wp\/v2\/comments?post=7446"}],"wp:featuredmedia":[{"embeddable":true,"href":"http:\/\/klubmamgdynia.pl\/index.php\/wp-json\/wp\/v2\/media\/7447"}],"wp:attachment":[{"href":"http:\/\/klubmamgdynia.pl\/index.php\/wp-json\/wp\/v2\/media?parent=7446"}],"wp:term":[{"taxonomy":"product_cat","embeddable":true,"href":"http:\/\/klubmamgdynia.pl\/index.php\/wp-json\/wp\/v2\/product_cat?post=7446"},{"taxonomy":"product_tag","embeddable":true,"href":"http:\/\/klubmamgdynia.pl\/index.php\/wp-json\/wp\/v2\/product_tag?post=7446"}],"curies":[{"name":"wp","href":"https:\/\/api.w.org\/{rel}","templated":true}]}}