{"id":7452,"date":"2011-02-03T18:55:13","date_gmt":"2011-02-03T17:55:13","guid":{"rendered":"http:\/\/klubmamgdynia.pl\/index.php\/produkt\/smily-play-mata-piankowa-zwierzeta\/"},"modified":"2026-04-03T19:00:50","modified_gmt":"2026-04-03T17:00:50","slug":"smily-play-mata-piankowa-zwierzeta","status":"publish","type":"product","link":"http:\/\/klubmamgdynia.pl\/index.php\/produkt\/smily-play-mata-piankowa-zwierzeta\/","title":{"rendered":"Smily Play Mata Piankowa Zwierz\u0119ta"},"content":{"rendered":"<p>Mata Puzzle Piankowe Pastelowe Zwierz\u0119taSmily PlayMata Puzzle Piankowe Pastelowe Zwierz\u0119ta Uk\u0142adanka Pastalowe Zwierz\u0119ta mo\u017ce by\u0107 u\u017cywana jako mata oraz jako puzzle do uk\u0142adania. Jest zrobiona z mi\u0119kkiej pianki, przyjaznej w dotyku. Mog\u0105 te\u017c pos\u0142u\u017cy\u0107 jako podk\u0142adka przy innych zabawach czy drzemce. Zabawka uczy: spostrzegawczo\u015bci, rozpoznawania kolor\u00f3w i kszta\u0142t\u00f3w, budowania figur przestrzennych i zabawy z wyobra\u017ani\u0105.Puzzlo-pianki mo\u017cna \u0142atwo umy\u0107. W przypadku zabrudzenia wystarczy je przetrze\u0107 wilgotn\u0105 \u015bciereczk\u0105. Jeden komplet to 9 du\u017cych kwadratowych puzzli. Ich sp\u00f3d jest g\u0142adki, a g\u00f3ra pokryta powierzni\u0105 antypo\u015blizgow\u0105.Marka: Smily PlayKod produktu: SP83581Wymiary produktu: 31 x 31 x 9 cmWiek: 10m+<\/p>\n<h2>Smily Play Mata Piankowa Zwierz\u0119ta Smily Play<\/h2>\n<p>test z lektury pies kt\u00f3ry je\u017adzi\u0142 kolej\u0105, prezent na \u015bwi\u0119ta dla nastolatka, s\u0142oneczko, prezent dla siedemnastolatka<\/p>\n<p>yyyyy<\/p>\n<p>&nbsp;<\/p>\n","protected":false},"excerpt":{"rendered":"<p>Mata Puzzle Piankowe Pastelowe Zwierz\u0119taSmily PlayMata Puzzle Piankowe Pastelowe Zwierz\u0119ta Uk\u0142adanka Pastalowe Zwierz\u0119ta mo\u017ce by\u0107 u\u017cywana jako mata oraz jako puzzle do uk\u0142adania. Jest zrobiona z mi\u0119kkiej pianki, przyjaznej w dotyku. Mog\u0105 te\u017c pos\u0142u\u017cy\u0107 jako podk\u0142adka przy innych zabawach czy drzemce. Zabawka uczy: spostrzegawczo\u015bci, rozpoznawania kolor\u00f3w i kszta\u0142t\u00f3w, budowania figur przestrzennych i zabawy z wyobra\u017ani\u0105.Puzzlo-pianki [&hellip;]<\/p>\n","protected":false},"featured_media":7453,"comment_status":"closed","ping_status":"open","template":"","meta":[],"product_cat":[55,62],"product_tag":[832,681,847,742,751],"class_list":["post-7452","product","type-product","status-publish","has-post-thumbnail","hentry","product_cat-maty-edukacyjne","product_cat-smily-play","product_tag-desery-dla-dzieci","product_tag-flagi-europy-quiz","product_tag-kolorowanki-pokemon","product_tag-piosenki-dla-dzieci-tekst","product_tag-psi-patrol-kolorowanka"],"_links":{"self":[{"href":"http:\/\/klubmamgdynia.pl\/index.php\/wp-json\/wp\/v2\/product\/7452","targetHints":{"allow":["GET"]}}],"collection":[{"href":"http:\/\/klubmamgdynia.pl\/index.php\/wp-json\/wp\/v2\/product"}],"about":[{"href":"http:\/\/klubmamgdynia.pl\/index.php\/wp-json\/wp\/v2\/types\/product"}],"replies":[{"embeddable":true,"href":"http:\/\/klubmamgdynia.pl\/index.php\/wp-json\/wp\/v2\/comments?post=7452"}],"wp:featuredmedia":[{"embeddable":true,"href":"http:\/\/klubmamgdynia.pl\/index.php\/wp-json\/wp\/v2\/media\/7453"}],"wp:attachment":[{"href":"http:\/\/klubmamgdynia.pl\/index.php\/wp-json\/wp\/v2\/media?parent=7452"}],"wp:term":[{"taxonomy":"product_cat","embeddable":true,"href":"http:\/\/klubmamgdynia.pl\/index.php\/wp-json\/wp\/v2\/product_cat?post=7452"},{"taxonomy":"product_tag","embeddable":true,"href":"http:\/\/klubmamgdynia.pl\/index.php\/wp-json\/wp\/v2\/product_tag?post=7452"}],"curies":[{"name":"wp","href":"https:\/\/api.w.org\/{rel}","templated":true}]}}