{"id":7454,"date":"2016-02-24T10:43:28","date_gmt":"2016-02-24T09:43:28","guid":{"rendered":"http:\/\/klubmamgdynia.pl\/index.php\/produkt\/nicorette-coolmint-4mg-20-tabletek-do-ssania\/"},"modified":"2026-04-29T18:46:43","modified_gmt":"2026-04-29T16:46:43","slug":"nicorette-coolmint-4mg-20-tabletek-do-ssania","status":"publish","type":"product","link":"http:\/\/klubmamgdynia.pl\/index.php\/produkt\/nicorette-coolmint-4mg-20-tabletek-do-ssania\/","title":{"rendered":"Nicorette Coolmint 4mg 20 tabletek do ssania"},"content":{"rendered":"<p>Wskazania<\/p>\n<p>Leczenie uzale\u017cnienia od wyrob\u00f3w tytoniowych poprzez \u0142agodzenie objaw\u00f3w odstawienia nikotyny i g\u0142odu nikotynowego u os\u00f3b pal\u0105cych w wieku 18 lat i starszych. Ko\u0144cowym celem stosowania jest trwa\u0142e zaprzestanie u\u017cywania wyrob\u00f3w tytoniowych. W miar\u0119 mo\u017cliwo\u015bci NICORETTE Coolmint nale\u017cy stosowa\u0107 w po\u0142\u0105czeniu z programem wsparcia behawioralnego. Stosowanie u os\u00f3b pal\u0105cych w wieku 12-17 lat wed\u0142ug uznania lekarza.                            <\/p>\n<p>            Dawkowanie<\/p>\n<p>Tabletk\u0119 do ssania nale\u017cy umie\u015bci\u0107 w jamie ustnej i poczeka\u0107 na rozpuszczenie jej i uwolnienie nikotyny, by ta mog\u0142a si\u0119 wch\u0142on\u0105\u0107 do organizmu. Prawid\u0142owym sposobem stosowania leku jest umieszczenie jednej tabletki w jamie ustnej i przesuwanie jej od czasu do czasu z jednej strony jamy ustnej na drug\u0105, a\u017c do ca\u0142kowitego rozpuszczenia. Powinno to potrwa\u0107 mniej ni\u017c 20 minut. Tabletki do ssania nie nale\u017cy rozgryza\u0107 ani po\u0142yka\u0107 w ca\u0142o\u015bci. Nie stosowa\u0107 wi\u0119cej ni\u017c 15 tabletek do ssania na dob\u0119.Rozpocz\u0105\u0107 terapi\u0119 od stosowania od 8 do 12 tabletek do ssania na dob\u0119. Gdy tylko pojawi si\u0119 pragnienie zapalenia papierosa, nale\u017cy umie\u015bci\u0107 w jamie ustnej jedn\u0105 tabletk\u0119 do ssania i poczeka\u0107, a\u017c si\u0119 rozpu\u015bci. Stosowa\u0107 w ten spos\u00f3b tabletki do ssania przez maksymalnie 6 tygodni, a nast\u0119pnie stopniowo zmniejsza\u0107 liczb\u0119 tabletek stosowanych w ci\u0105gu doby. Gdy stosujesz tylko 1 lub 2 tabletki do ssania na dob\u0119 oznacza to, \u017ce jeste\u015b wolny od na\u0142ogu i mo\u017cesz zaprzesta\u0107 stosowania NICORETTE.Po ca\u0142kowitym zaprzestaniu palenia mo\u017cesz czasem odczuwa\u0107 gwa\u0142town\u0105 potrzeb\u0119 zapalenia papierosa. W takim wypadku mo\u017cna ponownie zastosowa\u0107 tabletk\u0119 do ssania.                            <\/p>\n<p>            Sk\u0142ad<\/p>\n<p>1 tabletka do ssania zawiera: 4mg nikotyny (w postaci nikotyny z kationitem) oraz substancje pomocnicze: rdze\u0144 tabletki : mannitol, guma ksantan, Winterfresh RDE4-149 suszona rozpy\u0142owo (guma arabska, aromat mi\u0119ty pieprzowej, mentolu i eukaliptusa), sodu w\u0119glan bezwodny, sukraloza, acesulfam potasowy, magnezu stearynian; otoczka: hypermeloza, Winterfresh RDE4-149 (aromaty mi\u0119ty pieprzowej mentolu i eukaliptusa), tytanu dwutlenek (E 171), sukraloza, Sepifilm Gloss (hypermeloza, celuloza mikrokrystaliczna, krzemian glinowo-potasowy, tytanu dwutlenek (E 171)), acesulfam potasowy, polisorbat 80.<\/p>\n<h2>Nicorette Coolmint 4mg 20 tabletek do ssania McNeil<\/h2>\n<p>smerfy kolorowanka, m\u0105dre cytaty dla dzieci, Keyword, pozna\u0144 atrakcje dla dzieci, kolorowanki kotki, jeziora blisko warszawy, podchwytliwe zagadki dla dzieci<\/p>\n<p>yyyyy<\/p>\n<p>&nbsp;<\/p>\n","protected":false},"excerpt":{"rendered":"<p>Wskazania Leczenie uzale\u017cnienia od wyrob\u00f3w tytoniowych poprzez \u0142agodzenie objaw\u00f3w odstawienia nikotyny i g\u0142odu nikotynowego u os\u00f3b pal\u0105cych w wieku 18 lat i starszych. Ko\u0144cowym celem stosowania jest trwa\u0142e zaprzestanie u\u017cywania wyrob\u00f3w tytoniowych. W miar\u0119 mo\u017cliwo\u015bci NICORETTE Coolmint nale\u017cy stosowa\u0107 w po\u0142\u0105czeniu z programem wsparcia behawioralnego. Stosowanie u os\u00f3b pal\u0105cych w wieku 12-17 lat wed\u0142ug uznania [&hellip;]<\/p>\n","protected":false},"featured_media":7455,"comment_status":"closed","ping_status":"open","template":"","meta":[],"product_cat":[1604,1206],"product_tag":[656,757,632,710,805],"class_list":["post-7454","product","type-product","status-publish","has-post-thumbnail","hentry","product_cat-mcneil","product_cat-rzuc-palenie","product_tag-kolorowanki-lol","product_tag-test-z-lektury-ania-z-zielonego-wzgorza-klasa-6-z-odpowiedziami","product_tag-warszawa-atrakcje-dla-mlodziezy","product_tag-zagadki-dla-dzieci-10-12-lat","product_tag-znaczenie-imienia-alan"],"_links":{"self":[{"href":"http:\/\/klubmamgdynia.pl\/index.php\/wp-json\/wp\/v2\/product\/7454","targetHints":{"allow":["GET"]}}],"collection":[{"href":"http:\/\/klubmamgdynia.pl\/index.php\/wp-json\/wp\/v2\/product"}],"about":[{"href":"http:\/\/klubmamgdynia.pl\/index.php\/wp-json\/wp\/v2\/types\/product"}],"replies":[{"embeddable":true,"href":"http:\/\/klubmamgdynia.pl\/index.php\/wp-json\/wp\/v2\/comments?post=7454"}],"wp:featuredmedia":[{"embeddable":true,"href":"http:\/\/klubmamgdynia.pl\/index.php\/wp-json\/wp\/v2\/media\/7455"}],"wp:attachment":[{"href":"http:\/\/klubmamgdynia.pl\/index.php\/wp-json\/wp\/v2\/media?parent=7454"}],"wp:term":[{"taxonomy":"product_cat","embeddable":true,"href":"http:\/\/klubmamgdynia.pl\/index.php\/wp-json\/wp\/v2\/product_cat?post=7454"},{"taxonomy":"product_tag","embeddable":true,"href":"http:\/\/klubmamgdynia.pl\/index.php\/wp-json\/wp\/v2\/product_tag?post=7454"}],"curies":[{"name":"wp","href":"https:\/\/api.w.org\/{rel}","templated":true}]}}