{"id":7456,"date":"2016-03-10T17:18:03","date_gmt":"2016-03-10T16:18:03","guid":{"rendered":"http:\/\/klubmamgdynia.pl\/index.php\/produkt\/cybex-libelle-2-0-beach-blue-spacerowy\/"},"modified":"2026-05-17T22:23:49","modified_gmt":"2026-05-17T20:23:49","slug":"cybex-libelle-2-0-beach-blue-spacerowy","status":"publish","type":"product","link":"http:\/\/klubmamgdynia.pl\/index.php\/produkt\/cybex-libelle-2-0-beach-blue-spacerowy\/","title":{"rendered":"Cybex Libelle 2.0 Beach Blue Spacerowy"},"content":{"rendered":"<p>Niezale\u017cnie od destynacji, spacer\u00f3wka Cybex Libelle 2.0 doskonale sprawdzi si\u0119 podczas podr\u00f3\u017cy poci\u0105giem, samolotem, sprawiaj\u0105c, \u017ce wsp\u00f3lne zwiedzanie b\u0119dzie jeszcze przyjemniejsze.<\/p>\n<h2>Cybex Libelle 2.0 Beach Blue Spacerowy Cybex<\/h2>\n<p>g\u0142upie zagadki, cytaty o nauczycielach, kartki na dobranoc dla przyjaci\u00f3\u0142, cytat o rodzinie, bajka terapeutyczna o emocjach, papierowe ozdoby \u015bwi\u0105teczne, kolorowanka harry potter, zagadki dla nastolatk\u00f3w<\/p>\n<p>yyyyy<\/p>\n<p>&nbsp;<\/p>\n","protected":false},"excerpt":{"rendered":"<p>Niezale\u017cnie od destynacji, spacer\u00f3wka Cybex Libelle 2.0 doskonale sprawdzi si\u0119 podczas podr\u00f3\u017cy poci\u0105giem, samolotem, sprawiaj\u0105c, \u017ce wsp\u00f3lne zwiedzanie b\u0119dzie jeszcze przyjemniejsze. Cybex Libelle 2.0 Beach Blue Spacerowy Cybex g\u0142upie zagadki, cytaty o nauczycielach, kartki na dobranoc dla przyjaci\u00f3\u0142, cytat o rodzinie, bajka terapeutyczna o emocjach, papierowe ozdoby \u015bwi\u0105teczne, kolorowanka harry potter, zagadki dla nastolatk\u00f3w yyyyy [&hellip;]<\/p>\n","protected":false},"featured_media":7457,"comment_status":"closed","ping_status":"open","template":"","meta":[],"product_cat":[34,71],"product_tag":[598,790,852],"class_list":["post-7456","product","type-product","status-publish","has-post-thumbnail","hentry","product_cat-cybex","product_cat-wozki-spacerowe","product_tag-co-na-roczek-dla-dziewczynki","product_tag-gry-planszowe-dla-nastolatkow","product_tag-jak-zrobic-samolot-z-papieru"],"_links":{"self":[{"href":"http:\/\/klubmamgdynia.pl\/index.php\/wp-json\/wp\/v2\/product\/7456","targetHints":{"allow":["GET"]}}],"collection":[{"href":"http:\/\/klubmamgdynia.pl\/index.php\/wp-json\/wp\/v2\/product"}],"about":[{"href":"http:\/\/klubmamgdynia.pl\/index.php\/wp-json\/wp\/v2\/types\/product"}],"replies":[{"embeddable":true,"href":"http:\/\/klubmamgdynia.pl\/index.php\/wp-json\/wp\/v2\/comments?post=7456"}],"wp:featuredmedia":[{"embeddable":true,"href":"http:\/\/klubmamgdynia.pl\/index.php\/wp-json\/wp\/v2\/media\/7457"}],"wp:attachment":[{"href":"http:\/\/klubmamgdynia.pl\/index.php\/wp-json\/wp\/v2\/media?parent=7456"}],"wp:term":[{"taxonomy":"product_cat","embeddable":true,"href":"http:\/\/klubmamgdynia.pl\/index.php\/wp-json\/wp\/v2\/product_cat?post=7456"},{"taxonomy":"product_tag","embeddable":true,"href":"http:\/\/klubmamgdynia.pl\/index.php\/wp-json\/wp\/v2\/product_tag?post=7456"}],"curies":[{"name":"wp","href":"https:\/\/api.w.org\/{rel}","templated":true}]}}