{"id":7458,"date":"2019-09-25T21:32:14","date_gmt":"2019-09-25T19:32:14","guid":{"rendered":"http:\/\/klubmamgdynia.pl\/index.php\/produkt\/sylimarol-70mg-30-tabl\/"},"modified":"2026-04-23T22:12:10","modified_gmt":"2026-04-23T20:12:10","slug":"sylimarol-70mg-30-tabl","status":"publish","type":"product","link":"http:\/\/klubmamgdynia.pl\/index.php\/produkt\/sylimarol-70mg-30-tabl\/","title":{"rendered":"Sylimarol 70mg 30 tabl"},"content":{"rendered":"<p>Sylimarol 70mg 30 tablSylimarol 70 mg to leczniczy produkt ro\u015blinny w postaci tabletek dra\u017cowanych, kt\u00f3ry stosuje si\u0119 wspomagaj\u0105co w rekonwalescencji po toksyczno-metabolicznych uszkodzeniach w\u0105troby (alkohol, \u015brodki ochrony ro\u015blin) oraz po spo\u017cyciu ci\u0119\u017ckostrawnych pokarm\u00f3w. Sylimarol stosuje si\u0119 r\u00f3wnie\u017c wspomagaj\u0105co w dolegliwo\u015bciach wyst\u0119puj\u0105cych po przebyciu ostrych i przewlek\u0142ych chor\u00f3b w\u0105troby.                            <\/p>\n<p>W\u0142a\u015bciwo\u015bci:Sylimarol 70 mg to ro\u015blinny produkt leczniczy zawieraj\u0105cy wyci\u0105g z \u0142uski ostropestu plamistego. Wspomaga w stanach rekonwalescencji po toksyczno-metabolicznych uszkodzeniach w\u0105troby spowodowanych mi\u0119dzy innymi czynnikami toksycznymi oraz w niestrawno\u015bci po spo\u017cyciu ci\u0119\u017ckostrawnych posi\u0142k\u00f3w. Ponadto pomaga \u0142agodzi\u0107 dolegliwo\u015bci po przebyciu ostrych i przewlek\u0142ych chor\u00f3b w\u0105troby.                            <\/p>\n<p>DawkowanieDoro\u015bli i m\u0142odzie\u017c powy\u017cej 12 lat:\u00a0\u00a03 razy dziennie 1 tabletk\u0119 po jedzeniuProdukt wymaga systematycznego stosowania przez ok.2-4 tygodnie. Je\u015bli dolegliwo\u015bci nasil\u0105 si\u0119 lub nie ust\u0105pi\u0105 nale\u017cy skontaktowa\u0107 si\u0119 z lekarzem, kt\u00f3ry mo\u017ce przed\u0142u\u017cy\u0107 leczeie do np. 6 miesi\u0119cy.Ten lek nale\u017cy zawsze stosowa\u0107 dok\u0142adnie tak, jak opisano to w ulotce dla pacjenta lub wed\u0142ug zalece\u0144 lekarza lub farmaceuty.                            <\/p>\n<p>Sk\u0142ad:\u00a0100 mg wyci\u0105gu suchego z \u0142uski ostropestu plamistego (Silybi mariani fructus extractum siccum DER 20 &#8211; 34 : 1), ekstrahent &#8211; metanol 90%.                            <\/p>\n<p>***Przed u\u017cyciem zapoznaj si\u0119 z ulotk\u0105, kt\u00f3ra zawiera wskazania, przeciwwskazania, dane dotycz\u0105ce dzia\u0142a\u0144 niepo\u017c\u0105danych i dawkowanie oraz informacje dotycz\u0105ce stosowania produktu leczniczego, b\u0105d\u017a skonsultuj si\u0119 z lekarzem lub farmaceut\u0105, gdy\u017c ka\u017cdy lek niew\u0142a\u015bciwie stosowany zagra\u017ca Twojemu \u017cyciu lub zdrowiu. Nie stosowa\u0107 u dzieci poni\u017cej 12 roku \u017cycia.\u00a0<\/p>\n<h2>Sylimarol 70mg 30 tabl Herbapol Pozna\u0144 S.A.<\/h2>\n<p>zagadki logiczne \u015bmieszne, z\u0142ote my\u015bli o przyja\u017ani, matylda imi\u0119, paloma, smieszne zagadki, najlepsze zarty na prima aprilis, koty kolorowanka, prima aprilis w szkole, quiz konie, fajne zagadki, bajka o piesku do czytania, teksty o rodzinie<\/p>\n<p>yyyyy<\/p>\n<p>&nbsp;<\/p>\n","protected":false},"excerpt":{"rendered":"<p>Sylimarol 70mg 30 tablSylimarol 70 mg to leczniczy produkt ro\u015blinny w postaci tabletek dra\u017cowanych, kt\u00f3ry stosuje si\u0119 wspomagaj\u0105co w rekonwalescencji po toksyczno-metabolicznych uszkodzeniach w\u0105troby (alkohol, \u015brodki ochrony ro\u015blin) oraz po spo\u017cyciu ci\u0119\u017ckostrawnych pokarm\u00f3w. Sylimarol stosuje si\u0119 r\u00f3wnie\u017c wspomagaj\u0105co w dolegliwo\u015bciach wyst\u0119puj\u0105cych po przebyciu ostrych i przewlek\u0142ych chor\u00f3b w\u0105troby. W\u0142a\u015bciwo\u015bci:Sylimarol 70 mg to ro\u015blinny produkt leczniczy [&hellip;]<\/p>\n","protected":false},"featured_media":7459,"comment_status":"closed","ping_status":"open","template":"","meta":[],"product_cat":[1605,212],"product_tag":[834,826,591,794,649],"class_list":["post-7458","product","type-product","status-publish","has-post-thumbnail","hentry","product_cat-herbapol-poznan-s-a","product_cat-uklad-pokarmowy","product_tag-bajka-do-czytania-na-dobranoc","product_tag-prezent-dla-15-latka","product_tag-quiz-o-minecraft","product_tag-test-opowiesci-z-narnii-lew-czarownica-i-stara-szafa-do-druku","product_tag-zagadki-dla-nastolatkow"],"_links":{"self":[{"href":"http:\/\/klubmamgdynia.pl\/index.php\/wp-json\/wp\/v2\/product\/7458","targetHints":{"allow":["GET"]}}],"collection":[{"href":"http:\/\/klubmamgdynia.pl\/index.php\/wp-json\/wp\/v2\/product"}],"about":[{"href":"http:\/\/klubmamgdynia.pl\/index.php\/wp-json\/wp\/v2\/types\/product"}],"replies":[{"embeddable":true,"href":"http:\/\/klubmamgdynia.pl\/index.php\/wp-json\/wp\/v2\/comments?post=7458"}],"wp:featuredmedia":[{"embeddable":true,"href":"http:\/\/klubmamgdynia.pl\/index.php\/wp-json\/wp\/v2\/media\/7459"}],"wp:attachment":[{"href":"http:\/\/klubmamgdynia.pl\/index.php\/wp-json\/wp\/v2\/media?parent=7458"}],"wp:term":[{"taxonomy":"product_cat","embeddable":true,"href":"http:\/\/klubmamgdynia.pl\/index.php\/wp-json\/wp\/v2\/product_cat?post=7458"},{"taxonomy":"product_tag","embeddable":true,"href":"http:\/\/klubmamgdynia.pl\/index.php\/wp-json\/wp\/v2\/product_tag?post=7458"}],"curies":[{"name":"wp","href":"https:\/\/api.w.org\/{rel}","templated":true}]}}