{"id":746,"date":"2015-06-06T06:44:04","date_gmt":"2015-06-06T04:44:04","guid":{"rendered":"http:\/\/klubmamgdynia.pl\/index.php\/produkt\/medela-podtrzymujacy-pas-ciazowy-czarny-l\/"},"modified":"2026-04-05T03:44:46","modified_gmt":"2026-04-05T01:44:46","slug":"medela-podtrzymujacy-pas-ciazowy-czarny-l","status":"publish","type":"product","link":"http:\/\/klubmamgdynia.pl\/index.php\/produkt\/medela-podtrzymujacy-pas-ciazowy-czarny-l\/","title":{"rendered":"Medela Podtrzymuj\u0105cy Pas Ci\u0105\u017cowy Czarny L"},"content":{"rendered":"<p>Medela Podtrzymuj\u0105cy Pas Ci\u0105\u017cowy Czarny                            <\/p>\n<p>Firma Medela opracowa\u0142a szerok\u0105 gam\u0119 odzie\u017cy ci\u0105\u017cowej. W\u015br\u00f3d naszych produkt\u00f3w znalaz\u0142 si\u0119 tak\u017ce bezszwowy, podtrzymuj\u0105cy pas ci\u0105\u017cowy, kt\u00f3ry zapewnia komfort i ulg\u0119 w obszarze wra\u017cliwych cz\u0119\u015bci cia\u0142a, takich jak podbrzusze i dolna cz\u0119\u015b\u0107 plec\u00f3w. Zastosowana technologia splotu oraz oddychaj\u0105cy materia\u0142 sprawiaj\u0105, \u017ce wyj\u0105tkowo elastyczna tkanina rozci\u0105ga si\u0119 na brzuchu w miar\u0119 post\u0119pu ci\u0105\u017cy, zapewniaj\u0105c podparcie potrzebne przed porodem oraz po nim.Podczas ci\u0105\u017cy i po porodzie Twoje cia\u0142o nieustannie si\u0119 zmienia. To dlatego firma Medela zaprojektowa\u0142a bezszwowy pas podtrzymuj\u0105cy brzuch, kt\u00f3ry dostosuje si\u0119 do Twoich potrzeb, zapewniaj\u0105c delikatne podparcie kr\u0119gos\u0142upa. Funkcjonalna d\u0142ugo\u015b\u0107 pasa ci\u0105\u017cowego sprawia, \u017ce stanowi on doskona\u0142e uzupe\u0142nienie ubra\u0144, kt\u00f3re sta\u0142y si\u0119 zbyt ciasne lub zbyt kr\u00f3tkie.Zapewnia ulg\u0119 zm\u0119czonym mi\u0119\u015bniom plec\u00f3w i brzucha, jednocze\u015bnie nie sprawiaj\u0105c wra\u017cenia nadmiaru materia\u0142u, pocenia si\u0119 i dyskomfortu                            <\/p>\n<p>Wzmacniane wstawki zapewniaj\u0105ce podparcie i ulg\u0119: Wzmacniane wstawki w cz\u0119\u015bci plec\u00f3w i podbrzusza zapewniaj\u0105 delikatne wsparcie i ulg\u0119 dla tych cz\u0119\u015bci cia\u0142a.Bezszwowa, oddychaj\u0105ca tkanina dla pe\u0142nego komfortu: Bezszwowy, oddychaj\u0105cy pas na brzuch przyjemnie przylega do cia\u0142a, dzi\u0119ki czemu jest niezwykle wygodny.Wyj\u0105tkowo elastyczny obszar okolic brzucha, kt\u00f3ry rozwija si\u0119 wraz z Tob\u0105: Dzi\u0119ki wyj\u0105tkowo elastycznym wstawkom w cz\u0119\u015bci brzusznej pas ro\u015bnie wraz z Tob\u0105, zapewniaj\u0105c podparcie przed porodem oraz po nim.Funkcjonalna d\u0142ugo\u015b\u0107 u\u0142atwiaj\u0105ca uzupe\u0142nienie ubioru: W trakcie ci\u0105\u017cy pas na brzuch stanowi doskona\u0142e okrycie lub przed\u0142u\u017cenie ubra\u0144, kt\u00f3re sta\u0142y si\u0119 zbyt ciasne lub zbyt kr\u00f3tkie.                            <\/p>\n<p>JAK DOBRA\u0106 ROZMIAR?                            <\/p>\n<p>Ka\u017cda kobieta jest inna, a Medela uwzgl\u0119dnia te r\u00f3\u017cnice. Je\u017celi nie mo\u017cesz znale\u017a\u0107 swojego rozmiaru w naszej tabeli rozmiar\u00f3w, radzimy wybra\u0107 rozmiar Medela najbardziej zbli\u017cony do Twoich wymiar\u00f3w.                            <\/p>\n<p>SPRAWD\u0179 PASY CI\u0104\u017bOWE MEDELA                            <\/p>\n<p>Medela Podtrzymuj\u0105cy Pas Ci\u0105\u017cowy Bia\u0142y                            <\/p>\n<p>Medela Podtrzymuj\u0105cy Pas Ci\u0105\u017cowy Czarny<\/p>\n<h2>Medela Podtrzymuj\u0105cy Pas Ci\u0105\u017cowy Czarny L Medela<\/h2>\n<p>imi\u0119 mia, kr\u00f3tkie bajki dla dzieci do czytania, quiz dzieci z bullerbyn, zagadki na inteligencj\u0119, bajki na dobranoc dla dzieci, ch\u0142opcy z placu broni &#8211; test<\/p>\n<p>yyyyy<\/p>\n<p>&nbsp;<\/p>\n","protected":false},"excerpt":{"rendered":"<p>Medela Podtrzymuj\u0105cy Pas Ci\u0105\u017cowy Czarny Firma Medela opracowa\u0142a szerok\u0105 gam\u0119 odzie\u017cy ci\u0105\u017cowej. W\u015br\u00f3d naszych produkt\u00f3w znalaz\u0142 si\u0119 tak\u017ce bezszwowy, podtrzymuj\u0105cy pas ci\u0105\u017cowy, kt\u00f3ry zapewnia komfort i ulg\u0119 w obszarze wra\u017cliwych cz\u0119\u015bci cia\u0142a, takich jak podbrzusze i dolna cz\u0119\u015b\u0107 plec\u00f3w. Zastosowana technologia splotu oraz oddychaj\u0105cy materia\u0142 sprawiaj\u0105, \u017ce wyj\u0105tkowo elastyczna tkanina rozci\u0105ga si\u0119 na brzuchu w [&hellip;]<\/p>\n","protected":false},"featured_media":747,"comment_status":"closed","ping_status":"open","template":"","meta":[],"product_cat":[267,271],"product_tag":[644,646,811,712,746],"class_list":["post-746","product","type-product","status-publish","has-post-thumbnail","hentry","product_cat-medela","product_cat-pasy-ciazowe","product_tag-mia","product_tag-prezent-na-pierwsze-urodziny","product_tag-zagadki-logiczne-dla-dzieci","product_tag-zagadki-o-zwierzetach","product_tag-zagadki-typu-co-to-jest"],"_links":{"self":[{"href":"http:\/\/klubmamgdynia.pl\/index.php\/wp-json\/wp\/v2\/product\/746","targetHints":{"allow":["GET"]}}],"collection":[{"href":"http:\/\/klubmamgdynia.pl\/index.php\/wp-json\/wp\/v2\/product"}],"about":[{"href":"http:\/\/klubmamgdynia.pl\/index.php\/wp-json\/wp\/v2\/types\/product"}],"replies":[{"embeddable":true,"href":"http:\/\/klubmamgdynia.pl\/index.php\/wp-json\/wp\/v2\/comments?post=746"}],"wp:featuredmedia":[{"embeddable":true,"href":"http:\/\/klubmamgdynia.pl\/index.php\/wp-json\/wp\/v2\/media\/747"}],"wp:attachment":[{"href":"http:\/\/klubmamgdynia.pl\/index.php\/wp-json\/wp\/v2\/media?parent=746"}],"wp:term":[{"taxonomy":"product_cat","embeddable":true,"href":"http:\/\/klubmamgdynia.pl\/index.php\/wp-json\/wp\/v2\/product_cat?post=746"},{"taxonomy":"product_tag","embeddable":true,"href":"http:\/\/klubmamgdynia.pl\/index.php\/wp-json\/wp\/v2\/product_tag?post=746"}],"curies":[{"name":"wp","href":"https:\/\/api.w.org\/{rel}","templated":true}]}}