{"id":7460,"date":"2022-07-08T08:33:44","date_gmt":"2022-07-08T06:33:44","guid":{"rendered":"http:\/\/klubmamgdynia.pl\/index.php\/produkt\/doz-product-witamina-d3-baby-400-j-m-105kaps-twist-off\/"},"modified":"2026-04-30T18:42:16","modified_gmt":"2026-04-30T16:42:16","slug":"doz-product-witamina-d3-baby-400-j-m-105kaps-twist-off","status":"publish","type":"product","link":"http:\/\/klubmamgdynia.pl\/index.php\/produkt\/doz-product-witamina-d3-baby-400-j-m-105kaps-twist-off\/","title":{"rendered":"Doz PRODUCT Witamina D3 baby 400 j.m. 105kaps. twist-off"},"content":{"rendered":"<p>DOZ PRODUCT WITAMINA D3 BABY &#8211; suplement diety przeznaczony dla niemowl\u0105t i dzieci powy\u017cej 1 roku \u017cycia.<\/p>\n<h2>Doz PRODUCT Witamina D3 baby 400 j.m. 105kaps. twist-off Doz<\/h2>\n<p>zadania dla 7 latka do druku, alina, paj\u0105czek na rowerze test, konkurencje sportowe dla dzieci, aurelia imie, imi\u0119 alan, zagadki dla dzieci 6-7 lat online, kolorowanki do druku dla dziewczyn, jak zapakowa\u0107 prezent dla dziecka, znane misie z film\u00f3w animowanych, zagadki rymowane, halloween dla dzieci warszawa 2021, stanis\u0142awa znaczenie imienia, prezenty dla nastolatki, wierszyki o marzannie, samochwa\u0142a, kolorowanki dla dziewczynek lol, opowiadanie o jesieni dla dzieci<\/p>\n<p>yyyyy<\/p>\n<p>&nbsp;<\/p>\n","protected":false},"excerpt":{"rendered":"<p>DOZ PRODUCT WITAMINA D3 BABY &#8211; suplement diety przeznaczony dla niemowl\u0105t i dzieci powy\u017cej 1 roku \u017cycia. Doz PRODUCT Witamina D3 baby 400 j.m. 105kaps. twist-off Doz zadania dla 7 latka do druku, alina, paj\u0105czek na rowerze test, konkurencje sportowe dla dzieci, aurelia imie, imi\u0119 alan, zagadki dla dzieci 6-7 lat online, kolorowanki do druku [&hellip;]<\/p>\n","protected":false},"featured_media":7461,"comment_status":"closed","ping_status":"open","template":"","meta":[],"product_cat":[1606,1533],"product_tag":[580,683,612,608,756],"class_list":["post-7460","product","type-product","status-publish","has-post-thumbnail","hentry","product_cat-doz","product_cat-suplementy-dla-dzieci","product_tag-janusz","product_tag-karaluchy-pod-poduchy","product_tag-kolorowanki-do-druku","product_tag-zagadki-i-odpowiedzi","product_tag-zaproszenie-na-urodziny-do-druku"],"_links":{"self":[{"href":"http:\/\/klubmamgdynia.pl\/index.php\/wp-json\/wp\/v2\/product\/7460","targetHints":{"allow":["GET"]}}],"collection":[{"href":"http:\/\/klubmamgdynia.pl\/index.php\/wp-json\/wp\/v2\/product"}],"about":[{"href":"http:\/\/klubmamgdynia.pl\/index.php\/wp-json\/wp\/v2\/types\/product"}],"replies":[{"embeddable":true,"href":"http:\/\/klubmamgdynia.pl\/index.php\/wp-json\/wp\/v2\/comments?post=7460"}],"wp:featuredmedia":[{"embeddable":true,"href":"http:\/\/klubmamgdynia.pl\/index.php\/wp-json\/wp\/v2\/media\/7461"}],"wp:attachment":[{"href":"http:\/\/klubmamgdynia.pl\/index.php\/wp-json\/wp\/v2\/media?parent=7460"}],"wp:term":[{"taxonomy":"product_cat","embeddable":true,"href":"http:\/\/klubmamgdynia.pl\/index.php\/wp-json\/wp\/v2\/product_cat?post=7460"},{"taxonomy":"product_tag","embeddable":true,"href":"http:\/\/klubmamgdynia.pl\/index.php\/wp-json\/wp\/v2\/product_tag?post=7460"}],"curies":[{"name":"wp","href":"https:\/\/api.w.org\/{rel}","templated":true}]}}