{"id":7462,"date":"2022-02-26T08:16:11","date_gmt":"2022-02-26T07:16:11","guid":{"rendered":"http:\/\/klubmamgdynia.pl\/index.php\/produkt\/bobo-frut-sok-100-jablko-banan-i-marchewka-dla-niemowlat-po-5-miesiacu-300ml\/"},"modified":"2026-04-26T15:55:08","modified_gmt":"2026-04-26T13:55:08","slug":"bobo-frut-sok-100-jablko-banan-i-marchewka-dla-niemowlat-po-5-miesiacu-300ml","status":"publish","type":"product","link":"http:\/\/klubmamgdynia.pl\/index.php\/produkt\/bobo-frut-sok-100-jablko-banan-i-marchewka-dla-niemowlat-po-5-miesiacu-300ml\/","title":{"rendered":"Bobo Frut Sok 100% Jab\u0142ko Banan I Marchewka dla niemowl\u0105t po 5 Miesi\u0105cu 300ml"},"content":{"rendered":"<p>Sok 100% jab\u0142ko, banan i marchewkaSok owocowo-warzywny z jab\u0142kiem, bananem i marchewk\u0105 mo\u017cesz podawa\u0107 dziecku ju\u017c po 5. miesi\u0105cu \u017cycia. Produkt zawiera \u00b9witamin\u0119 C, kt\u00f3ra pomaga wspiera\u0107 uk\u0142ad odporno\u015bciowy Twojego maluszka. Sk\u0142adniki soku zamkn\u0119li\u015bmy w opakowaniu, kt\u00f3re w 100% nadaje si\u0119 do recyclingu.                            <\/p>\n<p>ODKRYJ ZALETY PRODUKTUBOBO FRUT Jab\u0142ko, banan, marchewka to sok, kt\u00f3ry jest po\u0142\u0105czeniem owoc\u00f3w i warzyw. To r\u00f3wnie\u017c \u017ar\u00f3d\u0142o \u00b9witaminy C, pomagaj\u0105cej wspiera\u0107 uk\u0142ad odporno\u015bciowy Twojego maluszka. Produkt powsta\u0142 bez dodatku cukru*. Zgodnie z przepisami prawa nie zawiera substancji konserwuj\u0105cych i barwnik\u00f3w. W jego sk\u0142adzie nie ma tak\u017ce glutenu. Spe\u0142nia rygorystyczne normy jako\u015bciowe \u017cywno\u015bci dla niemowl\u0105t i ma\u0142ych dzieci.                            <\/p>\n<p>Tabela Warto\u015bci od\u017cywczych i sk\u0142adniki produktu\u00a0                            <\/p>\n<p>Sk\u0142adnikisok jab\u0142kowy (57%), banany (22,8%), marchew (12%), woda, witamina C.Cz\u0119\u015bciowo z zag\u0119szczonego soku i przecieru.\u00a0Przecier owocowy mo\u017ce tworzy\u0107 naturalny osad na dnie butelki.\u00a0Produkt utrwalony termicznie, pasteryzowany.Spos\u00f3b przygotowania\u00a0                            <\/p>\n<p>Potrzebn\u0105 porcj\u0119 przelej do kubeczka.                            <\/p>\n<p>Podawaj w temperaturze pokojowej.                            <\/p>\n<p>Przed podaniem wymieszaj i sprawd\u017a temperatur\u0119 produktu.                            <\/p>\n<p>Po otwarciu przechowuj w zamkni\u0119tej butelce w lod\u00f3wce nie d\u0142u\u017cej ni\u017c 48 godzin.                            <\/p>\n<p>Przechowywanie: Zamkni\u0119te butelki przechowuj w temperaturze pokojowej.                            <\/p>\n<p>Zachowaj zasady bezpiecze\u0144stwa                            <\/p>\n<p>Zamkni\u0119te butelki przechowuj w temperaturze pokojowej.                            <\/p>\n<p>Nie u\u017cywaj, je\u015bli wieczko si\u0119 ugina.                            <\/p>\n<p>Przy pierwszym otwarciu wieczko musi \u201eklikn\u0105\u0107\u201d.                            <\/p>\n<p>Najlepiej spo\u017cy\u0107 przed ko\u0144cem: patrz na wieczku.<\/p>\n<h2>Bobo Frut Sok 100% Jab\u0142ko Banan I Marchewka dla niemowl\u0105t po 5 Miesi\u0105cu 300ml Bobo Frut<\/h2>\n<p>znaczenie imiona alan, znaczenie imienia lilia, prezent dla 15 latki, quiz o flagach europy, konkurs dla dzieci, zagadki dla dzieci logiczne, kolorowanki lol do druku, maska kota, najtrudniejsze zagadki<\/p>\n<p>yyyyy<\/p>\n<p>&nbsp;<\/p>\n","protected":false},"excerpt":{"rendered":"<p>Sok 100% jab\u0142ko, banan i marchewkaSok owocowo-warzywny z jab\u0142kiem, bananem i marchewk\u0105 mo\u017cesz podawa\u0107 dziecku ju\u017c po 5. miesi\u0105cu \u017cycia. Produkt zawiera \u00b9witamin\u0119 C, kt\u00f3ra pomaga wspiera\u0107 uk\u0142ad odporno\u015bciowy Twojego maluszka. Sk\u0142adniki soku zamkn\u0119li\u015bmy w opakowaniu, kt\u00f3re w 100% nadaje si\u0119 do recyclingu. ODKRYJ ZALETY PRODUKTUBOBO FRUT Jab\u0142ko, banan, marchewka to sok, kt\u00f3ry jest po\u0142\u0105czeniem [&hellip;]<\/p>\n","protected":false},"featured_media":7463,"comment_status":"closed","ping_status":"open","template":"","meta":[],"product_cat":[1587,515],"product_tag":[666,680,696,661],"class_list":["post-7462","product","type-product","status-publish","has-post-thumbnail","hentry","product_cat-bobo-frut","product_cat-herbatki-i-soki-dla-dzieci","product_tag-afrykanskie-imiona","product_tag-cytaty-z-malego-ksiecia","product_tag-film-rodzinny-o-swietach","product_tag-swinka-peppa-kolorowanka"],"_links":{"self":[{"href":"http:\/\/klubmamgdynia.pl\/index.php\/wp-json\/wp\/v2\/product\/7462","targetHints":{"allow":["GET"]}}],"collection":[{"href":"http:\/\/klubmamgdynia.pl\/index.php\/wp-json\/wp\/v2\/product"}],"about":[{"href":"http:\/\/klubmamgdynia.pl\/index.php\/wp-json\/wp\/v2\/types\/product"}],"replies":[{"embeddable":true,"href":"http:\/\/klubmamgdynia.pl\/index.php\/wp-json\/wp\/v2\/comments?post=7462"}],"wp:featuredmedia":[{"embeddable":true,"href":"http:\/\/klubmamgdynia.pl\/index.php\/wp-json\/wp\/v2\/media\/7463"}],"wp:attachment":[{"href":"http:\/\/klubmamgdynia.pl\/index.php\/wp-json\/wp\/v2\/media?parent=7462"}],"wp:term":[{"taxonomy":"product_cat","embeddable":true,"href":"http:\/\/klubmamgdynia.pl\/index.php\/wp-json\/wp\/v2\/product_cat?post=7462"},{"taxonomy":"product_tag","embeddable":true,"href":"http:\/\/klubmamgdynia.pl\/index.php\/wp-json\/wp\/v2\/product_tag?post=7462"}],"curies":[{"name":"wp","href":"https:\/\/api.w.org\/{rel}","templated":true}]}}