{"id":7464,"date":"2023-09-22T16:53:04","date_gmt":"2023-09-22T14:53:04","guid":{"rendered":"http:\/\/klubmamgdynia.pl\/?post_type=product&#038;p=7464"},"modified":"2026-04-03T17:41:52","modified_gmt":"2026-04-03T15:41:52","slug":"bobo-frut-sok-100-jablko-marchewka-morela-dla-niemowlat-po-5-miesiacu-6x300ml","status":"publish","type":"product","link":"http:\/\/klubmamgdynia.pl\/index.php\/produkt\/bobo-frut-sok-100-jablko-marchewka-morela-dla-niemowlat-po-5-miesiacu-6x300ml\/","title":{"rendered":"Bobo Frut Sok 100% Jab\u0142ko Marchewka Morela dla niemowl\u0105t Po 5 Miesi\u0105cu 6x300ml"},"content":{"rendered":"<p>Bobo Frut 100% Sok jab\u0142ko, marchewka i morelaSok stworzony z my\u015bl\u0105 o niemowl\u0119tach po 5. miesi\u0105cu \u017cycia. Wyprodukowany ze wystarannie selekcjonowanych owoc\u00f3w i warzyw z kontrolowanych upraw.                            <\/p>\n<p>Warto wiedzie\u0107                            <\/p>\n<p>Poznaj produkty Bobo Frut                            <\/p>\n<p>Tabela Warto\u015bci od\u017cywczych i sk\u0142adniki produktu\u00a0                            <\/p>\n<p>Sk\u0142adnikisok jab\u0142kowy (69,4%), marchew (15%), morele (9,9%),\u00a0 jab\u0142ka (5%), sok cytrynowy, witamina CSpos\u00f3b przygotowania                            <\/p>\n<p>Potrzebn\u0105 porcj\u0119 przelej do kubeczka.                            <\/p>\n<p>Podawaj w temperaturze pokojowej.                            <\/p>\n<p>Przed podaniem wymieszaj i sprawd\u017a temperatur\u0119 produktu.                            <\/p>\n<p>Po otwarciu przechowuj w zamkni\u0119tej butelce w lod\u00f3wce nie d\u0142u\u017cej ni\u017c 48 godzin.                            <\/p>\n<p>Przechowywanie: Zamkni\u0119te butelki przechowuj w temperaturze pokojowej.<\/p>\n<h2>Bobo Frut Sok 100% Jab\u0142ko Marchewka Morela dla niemowl\u0105t Po 5 Miesi\u0105cu 6x300ml Bobo Frut<\/h2>\n<p>maska misia do druku, po \u0142\u0105ce biega lato tekst, zagadki o zwierz\u0119tach, zagadki logiczne<\/p>\n<p>yyyyy<\/p>\n<p>&nbsp;<\/p>\n","protected":false},"excerpt":{"rendered":"<p>Bobo Frut 100% Sok jab\u0142ko, marchewka i morelaSok stworzony z my\u015bl\u0105 o niemowl\u0119tach po 5. miesi\u0105cu \u017cycia. Wyprodukowany ze wystarannie selekcjonowanych owoc\u00f3w i warzyw z kontrolowanych upraw. Warto wiedzie\u0107 Poznaj produkty Bobo Frut Tabela Warto\u015bci od\u017cywczych i sk\u0142adniki produktu\u00a0 Sk\u0142adnikisok jab\u0142kowy (69,4%), marchew (15%), morele (9,9%),\u00a0 jab\u0142ka (5%), sok cytrynowy, witamina CSpos\u00f3b przygotowania Potrzebn\u0105 porcj\u0119 [&hellip;]<\/p>\n","protected":false},"featured_media":7465,"comment_status":"closed","ping_status":"open","template":"","meta":[],"product_cat":[1587,515],"product_tag":[687,769,579],"class_list":["post-7464","product","type-product","status-publish","has-post-thumbnail","hentry","product_cat-bobo-frut","product_cat-herbatki-i-soki-dla-dzieci","product_tag-podchwytliwe-zagadki-matematyczne","product_tag-psi-patrol-do-czytania","product_tag-quiz-opowiesci-z-narnii-lew-czarownica-i-stara-szafa"],"_links":{"self":[{"href":"http:\/\/klubmamgdynia.pl\/index.php\/wp-json\/wp\/v2\/product\/7464","targetHints":{"allow":["GET"]}}],"collection":[{"href":"http:\/\/klubmamgdynia.pl\/index.php\/wp-json\/wp\/v2\/product"}],"about":[{"href":"http:\/\/klubmamgdynia.pl\/index.php\/wp-json\/wp\/v2\/types\/product"}],"replies":[{"embeddable":true,"href":"http:\/\/klubmamgdynia.pl\/index.php\/wp-json\/wp\/v2\/comments?post=7464"}],"wp:featuredmedia":[{"embeddable":true,"href":"http:\/\/klubmamgdynia.pl\/index.php\/wp-json\/wp\/v2\/media\/7465"}],"wp:attachment":[{"href":"http:\/\/klubmamgdynia.pl\/index.php\/wp-json\/wp\/v2\/media?parent=7464"}],"wp:term":[{"taxonomy":"product_cat","embeddable":true,"href":"http:\/\/klubmamgdynia.pl\/index.php\/wp-json\/wp\/v2\/product_cat?post=7464"},{"taxonomy":"product_tag","embeddable":true,"href":"http:\/\/klubmamgdynia.pl\/index.php\/wp-json\/wp\/v2\/product_tag?post=7464"}],"curies":[{"name":"wp","href":"https:\/\/api.w.org\/{rel}","templated":true}]}}