{"id":7466,"date":"2019-04-27T16:34:31","date_gmt":"2019-04-27T14:34:31","guid":{"rendered":"http:\/\/klubmamgdynia.pl\/index.php\/produkt\/la-millou-farmland-velvet-khaki-wkladka-do-wozka-stroller-pad-organic-jersey-collection\/"},"modified":"2026-04-05T22:16:46","modified_gmt":"2026-04-05T20:16:46","slug":"la-millou-farmland-velvet-khaki-wkladka-do-wozka-stroller-pad-organic-jersey-collection","status":"publish","type":"product","link":"http:\/\/klubmamgdynia.pl\/index.php\/produkt\/la-millou-farmland-velvet-khaki-wkladka-do-wozka-stroller-pad-organic-jersey-collection\/","title":{"rendered":"La Millou Farmland &amp; Velvet Khaki Wk\u0142adka Do W\u00f3zka Stroller Pad Organic Jersey Collection"},"content":{"rendered":"<p>Komfortowo i stylowo! W\u0142a\u015bnie tak wygl\u0105daj\u0105 spacery z dwustronna\u0105 wk\u0142adk\u0105 do w\u00f3zka.<\/p>\n<h2>La Millou Farmland &amp; Velvet Khaki Wk\u0142adka Do W\u00f3zka Stroller Pad Organic Jersey Collection La Millou<\/h2>\n<p>zagadki zimowe, ciekawe zagadki i odpowiedzi, jesienne piosenki dla dzieci, gwiazdka do druku, zagadki \u015bmieszne, sentencja dla dziecka, pomys\u0142 na prezent na roczek, europa stolice quiz, nietypowe imiona, najpi\u0119kniejsze cytaty cytaty dla mamy, cytaty dzie\u0144 nauczyciela, imi\u0119 adriana, imi\u0119 marcel<\/p>\n<p>yyyyy<\/p>\n<p>&nbsp;<\/p>\n","protected":false},"excerpt":{"rendered":"<p>Komfortowo i stylowo! W\u0142a\u015bnie tak wygl\u0105daj\u0105 spacery z dwustronna\u0105 wk\u0142adk\u0105 do w\u00f3zka. La Millou Farmland &amp; Velvet Khaki Wk\u0142adka Do W\u00f3zka Stroller Pad Organic Jersey Collection La Millou zagadki zimowe, ciekawe zagadki i odpowiedzi, jesienne piosenki dla dzieci, gwiazdka do druku, zagadki \u015bmieszne, sentencja dla dziecka, pomys\u0142 na prezent na roczek, europa stolice quiz, nietypowe [&hellip;]<\/p>\n","protected":false},"featured_media":7467,"comment_status":"closed","ping_status":"open","template":"","meta":[],"product_cat":[127,1595],"product_tag":[755,585,858,631,615],"class_list":["post-7466","product","type-product","status-publish","has-post-thumbnail","hentry","product_cat-akcesoria-do-wozkow","product_cat-la-millou","product_tag-henryk","product_tag-kolorowanki-dla-chlopcow","product_tag-podchwytliwe-zagadki","product_tag-prezent-na-roczek","product_tag-znane-misie-z-filmow-animowanych"],"_links":{"self":[{"href":"http:\/\/klubmamgdynia.pl\/index.php\/wp-json\/wp\/v2\/product\/7466","targetHints":{"allow":["GET"]}}],"collection":[{"href":"http:\/\/klubmamgdynia.pl\/index.php\/wp-json\/wp\/v2\/product"}],"about":[{"href":"http:\/\/klubmamgdynia.pl\/index.php\/wp-json\/wp\/v2\/types\/product"}],"replies":[{"embeddable":true,"href":"http:\/\/klubmamgdynia.pl\/index.php\/wp-json\/wp\/v2\/comments?post=7466"}],"wp:featuredmedia":[{"embeddable":true,"href":"http:\/\/klubmamgdynia.pl\/index.php\/wp-json\/wp\/v2\/media\/7467"}],"wp:attachment":[{"href":"http:\/\/klubmamgdynia.pl\/index.php\/wp-json\/wp\/v2\/media?parent=7466"}],"wp:term":[{"taxonomy":"product_cat","embeddable":true,"href":"http:\/\/klubmamgdynia.pl\/index.php\/wp-json\/wp\/v2\/product_cat?post=7466"},{"taxonomy":"product_tag","embeddable":true,"href":"http:\/\/klubmamgdynia.pl\/index.php\/wp-json\/wp\/v2\/product_tag?post=7466"}],"curies":[{"name":"wp","href":"https:\/\/api.w.org\/{rel}","templated":true}]}}