{"id":7468,"date":"2015-09-11T22:05:24","date_gmt":"2015-09-11T20:05:24","guid":{"rendered":"http:\/\/klubmamgdynia.pl\/index.php\/produkt\/kiddymoon-plastikowe-pileczki-7cm-zestaw-kulek-turkus-17087434\/"},"modified":"2026-04-15T00:01:42","modified_gmt":"2026-04-14T22:01:42","slug":"kiddymoon-plastikowe-pileczki-7cm-zestaw-kulek-turkus-17087434","status":"publish","type":"product","link":"http:\/\/klubmamgdynia.pl\/index.php\/produkt\/kiddymoon-plastikowe-pileczki-7cm-zestaw-kulek-turkus-17087434\/","title":{"rendered":"Kiddymoon Plastikowe pi\u0142eczki 7cm zestaw kulek turkus (17087434)"},"content":{"rendered":"<p>Kolorowe pi\u0142eczki, kt\u00f3re posiadaj\u0105 atesty i s\u0105 bezpieczne dla Twojego Dziecka. Lekkie i przyjemne w dotyku zapewni\u0105 \u015bwietn\u0105 kolorow\u0105 zabaw\u0119.Posiadaj\u0105 certyfikat CE.\u015arednica pi\u0142eczek wynosi 7cm.Sk\u0142ad: 100% polietylen.<\/p>\n<h2>Kiddymoon Plastikowe pi\u0142eczki 7cm zestaw kulek turkus (17087434) KiddyMoon<\/h2>\n<p>zabawki na roczek dla dziewczynki, skye psi patrol kolorowanka, dla dzieci warszawa, czapka g\u00f3rnika szablon chomikuj, gdzie strumyk p\u0142ynie z wolna, ozdoby choinkowe dla dzieci, dyplomy do druku, \u015bwinka peppa kolorowanka do druku, imie iwo, \u015bmigus dyngus lany poniedzia\u0142ek zyczenia, pisanie po \u015bladzie do druku pdf, atrakcje dla dzieci wroc\u0142aw i okolice, kolorowanki do druku pokemon, kr\u00f3tkie bajki dla dzieci, dyplomy do wydrukowania a4, eneduerabe, kotki do druku, gdzie strumyk p\u0142ynie z wolna<\/p>\n<p>yyyyy<\/p>\n<p>&nbsp;<\/p>\n","protected":false},"excerpt":{"rendered":"<p>Kolorowe pi\u0142eczki, kt\u00f3re posiadaj\u0105 atesty i s\u0105 bezpieczne dla Twojego Dziecka. Lekkie i przyjemne w dotyku zapewni\u0105 \u015bwietn\u0105 kolorow\u0105 zabaw\u0119.Posiadaj\u0105 certyfikat CE.\u015arednica pi\u0142eczek wynosi 7cm.Sk\u0142ad: 100% polietylen. Kiddymoon Plastikowe pi\u0142eczki 7cm zestaw kulek turkus (17087434) KiddyMoon zabawki na roczek dla dziewczynki, skye psi patrol kolorowanka, dla dzieci warszawa, czapka g\u00f3rnika szablon chomikuj, gdzie strumyk p\u0142ynie [&hellip;]<\/p>\n","protected":false},"featured_media":7469,"comment_status":"closed","ping_status":"open","template":"","meta":[],"product_cat":[346,295],"product_tag":[611,626,730,711,659,588],"class_list":["post-7468","product","type-product","status-publish","has-post-thumbnail","hentry","product_cat-kiddymoon","product_cat-pozostale-zabawki","product_tag-bajki-do-czytania-psi-patrol","product_tag-jacek","product_tag-karyna","product_tag-prezenty-dla-nastolatkow","product_tag-tupu-tup-po-sniegu-tekst","product_tag-wzruszajace-slowa-dla-przyjaciela"],"_links":{"self":[{"href":"http:\/\/klubmamgdynia.pl\/index.php\/wp-json\/wp\/v2\/product\/7468","targetHints":{"allow":["GET"]}}],"collection":[{"href":"http:\/\/klubmamgdynia.pl\/index.php\/wp-json\/wp\/v2\/product"}],"about":[{"href":"http:\/\/klubmamgdynia.pl\/index.php\/wp-json\/wp\/v2\/types\/product"}],"replies":[{"embeddable":true,"href":"http:\/\/klubmamgdynia.pl\/index.php\/wp-json\/wp\/v2\/comments?post=7468"}],"wp:featuredmedia":[{"embeddable":true,"href":"http:\/\/klubmamgdynia.pl\/index.php\/wp-json\/wp\/v2\/media\/7469"}],"wp:attachment":[{"href":"http:\/\/klubmamgdynia.pl\/index.php\/wp-json\/wp\/v2\/media?parent=7468"}],"wp:term":[{"taxonomy":"product_cat","embeddable":true,"href":"http:\/\/klubmamgdynia.pl\/index.php\/wp-json\/wp\/v2\/product_cat?post=7468"},{"taxonomy":"product_tag","embeddable":true,"href":"http:\/\/klubmamgdynia.pl\/index.php\/wp-json\/wp\/v2\/product_tag?post=7468"}],"curies":[{"name":"wp","href":"https:\/\/api.w.org\/{rel}","templated":true}]}}