{"id":7470,"date":"2025-02-02T11:33:46","date_gmt":"2025-02-02T10:33:46","guid":{"rendered":"http:\/\/klubmamgdynia.pl\/?post_type=product&#038;p=7470"},"modified":"2026-04-22T22:06:06","modified_gmt":"2026-04-22T20:06:06","slug":"cybex-priam-4-0-spacerowy-plus-manhattan-grey-matt-black","status":"publish","type":"product","link":"http:\/\/klubmamgdynia.pl\/index.php\/produkt\/cybex-priam-4-0-spacerowy-plus-manhattan-grey-matt-black\/","title":{"rendered":"Cybex Priam 4.0 Spacerowy-Plus Manhattan Grey-Matt Black"},"content":{"rendered":"<p>Cybex Priam 4.0 &#8211; w\u00f3zek spacerowy-Plus Manhattan Grey-Matt Black, Nowa ods\u0142ona kultowego w\u00f3zka firmy Cybex.<\/p>\n<h2>Cybex Priam 4.0 Spacerowy-Plus Manhattan Grey-Matt Black Cybex<\/h2>\n<p>quizy dla dzieci o zwierz\u0119tach, zagadki dla doros\u0142ych, traktor z przyczep\u0105 kolorowanka do druku, prezent dla 16 latka, kolorowanki na andrzejki do wydruku, zagadki wiosenne dla dzieci, zadania logiczne, jak narysowa\u0107 cz\u0142owieka, zaj\u0105czek z jajka ugotowanego, zagadki o zimie, prezent dla nastolatk\u00f3w, bajki z misiami<\/p>\n<p>yyyyy<\/p>\n<p>&nbsp;<\/p>\n","protected":false},"excerpt":{"rendered":"<p>Cybex Priam 4.0 &#8211; w\u00f3zek spacerowy-Plus Manhattan Grey-Matt Black, Nowa ods\u0142ona kultowego w\u00f3zka firmy Cybex. Cybex Priam 4.0 Spacerowy-Plus Manhattan Grey-Matt Black Cybex quizy dla dzieci o zwierz\u0119tach, zagadki dla doros\u0142ych, traktor z przyczep\u0105 kolorowanka do druku, prezent dla 16 latka, kolorowanki na andrzejki do wydruku, zagadki wiosenne dla dzieci, zadania logiczne, jak narysowa\u0107 cz\u0142owieka, [&hellip;]<\/p>\n","protected":false},"featured_media":7471,"comment_status":"closed","ping_status":"open","template":"","meta":[],"product_cat":[34,71],"product_tag":[722,821,582,594,738],"class_list":["post-7470","product","type-product","status-publish","has-post-thumbnail","hentry","product_cat-cybex","product_cat-wozki-spacerowe","product_tag-cytaty-o-przyjazni","product_tag-marianna","product_tag-nauka-pisania-literek-do-wydruku-pdf","product_tag-podchwytliwe-zagadki-dla-dzieci","product_tag-wroclaw-dla-dzieci"],"_links":{"self":[{"href":"http:\/\/klubmamgdynia.pl\/index.php\/wp-json\/wp\/v2\/product\/7470","targetHints":{"allow":["GET"]}}],"collection":[{"href":"http:\/\/klubmamgdynia.pl\/index.php\/wp-json\/wp\/v2\/product"}],"about":[{"href":"http:\/\/klubmamgdynia.pl\/index.php\/wp-json\/wp\/v2\/types\/product"}],"replies":[{"embeddable":true,"href":"http:\/\/klubmamgdynia.pl\/index.php\/wp-json\/wp\/v2\/comments?post=7470"}],"wp:featuredmedia":[{"embeddable":true,"href":"http:\/\/klubmamgdynia.pl\/index.php\/wp-json\/wp\/v2\/media\/7471"}],"wp:attachment":[{"href":"http:\/\/klubmamgdynia.pl\/index.php\/wp-json\/wp\/v2\/media?parent=7470"}],"wp:term":[{"taxonomy":"product_cat","embeddable":true,"href":"http:\/\/klubmamgdynia.pl\/index.php\/wp-json\/wp\/v2\/product_cat?post=7470"},{"taxonomy":"product_tag","embeddable":true,"href":"http:\/\/klubmamgdynia.pl\/index.php\/wp-json\/wp\/v2\/product_tag?post=7470"}],"curies":[{"name":"wp","href":"https:\/\/api.w.org\/{rel}","templated":true}]}}