{"id":7472,"date":"2016-10-23T14:57:41","date_gmt":"2016-10-23T12:57:41","guid":{"rendered":"http:\/\/klubmamgdynia.pl\/index.php\/produkt\/natursept-med-kaszel-lizak-smak-pomaranczowy-6-szt\/"},"modified":"2026-04-12T18:45:14","modified_gmt":"2026-04-12T16:45:14","slug":"natursept-med-kaszel-lizak-smak-pomaranczowy-6-szt","status":"publish","type":"product","link":"http:\/\/klubmamgdynia.pl\/index.php\/produkt\/natursept-med-kaszel-lizak-smak-pomaranczowy-6-szt\/","title":{"rendered":"NATURSEPT MED KASZEL lizak smak pomara\u0144czowy 6 szt."},"content":{"rendered":"<p>wyr\u00f3b medyczny o smaku pomara\u0144czowym powlekaj\u0105c b\u0142on\u0119 \u015bluzow\u0105 gard\u0142a ochronnym filmem: \u0142agodzi kaszel u\u0142atwia odkrztuszanie zmniejsza cz\u0119stotliwo\u015b\u0107 kaszlu<\/p>\n<h2>NATURSEPT MED KASZEL lizak smak pomara\u0144czowy 6 szt. Aflofarm<\/h2>\n<p>literki do pisania do druku, quiz o psie kt\u00f3ry je\u017adzi\u0142 kolej\u0105, uk\u0142ad s\u0142oneczny dla dzieci do druku, bursztynek, ferie warszawa 2022, alina, zagadki co to jest, psi patrol do czytania, zabawy z pi\u0142k\u0105, mini zoo warszawa<\/p>\n<p>yyyyy<\/p>\n<p>&nbsp;<\/p>\n","protected":false},"excerpt":{"rendered":"<p>wyr\u00f3b medyczny o smaku pomara\u0144czowym powlekaj\u0105c b\u0142on\u0119 \u015bluzow\u0105 gard\u0142a ochronnym filmem: \u0142agodzi kaszel u\u0142atwia odkrztuszanie zmniejsza cz\u0119stotliwo\u015b\u0107 kaszlu NATURSEPT MED KASZEL lizak smak pomara\u0144czowy 6 szt. Aflofarm literki do pisania do druku, quiz o psie kt\u00f3ry je\u017adzi\u0142 kolej\u0105, uk\u0142ad s\u0142oneczny dla dzieci do druku, bursztynek, ferie warszawa 2022, alina, zagadki co to jest, psi patrol [&hellip;]<\/p>\n","protected":false},"featured_media":7473,"comment_status":"closed","ping_status":"open","template":"","meta":[],"product_cat":[201,1533],"product_tag":[817,697,705,647],"class_list":["post-7472","product","type-product","status-publish","has-post-thumbnail","hentry","product_cat-aflofarm","product_cat-suplementy-dla-dzieci","product_tag-bajka-terapeutyczna-o-emocjach","product_tag-krotkie-bajki-do-czytania","product_tag-prezent-na-roczek-dla-chlopca","product_tag-warszawa-z-dzieckiem"],"_links":{"self":[{"href":"http:\/\/klubmamgdynia.pl\/index.php\/wp-json\/wp\/v2\/product\/7472","targetHints":{"allow":["GET"]}}],"collection":[{"href":"http:\/\/klubmamgdynia.pl\/index.php\/wp-json\/wp\/v2\/product"}],"about":[{"href":"http:\/\/klubmamgdynia.pl\/index.php\/wp-json\/wp\/v2\/types\/product"}],"replies":[{"embeddable":true,"href":"http:\/\/klubmamgdynia.pl\/index.php\/wp-json\/wp\/v2\/comments?post=7472"}],"wp:featuredmedia":[{"embeddable":true,"href":"http:\/\/klubmamgdynia.pl\/index.php\/wp-json\/wp\/v2\/media\/7473"}],"wp:attachment":[{"href":"http:\/\/klubmamgdynia.pl\/index.php\/wp-json\/wp\/v2\/media?parent=7472"}],"wp:term":[{"taxonomy":"product_cat","embeddable":true,"href":"http:\/\/klubmamgdynia.pl\/index.php\/wp-json\/wp\/v2\/product_cat?post=7472"},{"taxonomy":"product_tag","embeddable":true,"href":"http:\/\/klubmamgdynia.pl\/index.php\/wp-json\/wp\/v2\/product_tag?post=7472"}],"curies":[{"name":"wp","href":"https:\/\/api.w.org\/{rel}","templated":true}]}}