{"id":7474,"date":"2025-07-04T20:27:06","date_gmt":"2025-07-04T18:27:06","guid":{"rendered":"http:\/\/klubmamgdynia.pl\/?post_type=product&#038;p=7474"},"modified":"2026-05-17T22:05:07","modified_gmt":"2026-05-17T20:05:07","slug":"cybex-beezy-2-0-lava-grey-spacerowy","status":"publish","type":"product","link":"http:\/\/klubmamgdynia.pl\/index.php\/produkt\/cybex-beezy-2-0-lava-grey-spacerowy\/","title":{"rendered":"Cybex Beezy 2.0 Lava Grey Spacerowy"},"content":{"rendered":"<p>Cybex Beezy 2 &#8211; lekki w\u00f3zek spacerowyKolor\/wz\u00f3r: Lava GreyW dobie trendu nawo\u0142uj\u0105cego do bycia aktywnym, \u015bwiadomym rodzicem cz\u0119sto zapominamy jak bardzo potrzebne s\u0105 nam do tego odpowiednie narz\u0119dzia. Otaczamy si\u0119 coraz wi\u0119ksz\u0105 ilo\u015bci\u0105 przedmiot\u00f3w, kt\u00f3re u\u0142atwiaj\u0105 \u017cycie z maluchem i sprawiaj\u0105, \u017ce nie musimy po\u015bwi\u0119ca\u0107 pasji, marze\u0144, nawyk\u00f3w dla opieki nad dzieckiem. Coraz cz\u0119\u015bciej obie te rzeczy mo\u017cemy ze sob\u0105 \u0142\u0105czy\u0107 i zwykle pozytywnie zaskakuje nas efekt ko\u0144cowy.Cybex wprowadzi\u0142 do swojej oferty w\u00f3zek Beezy 2, kt\u00f3ry doskonale harmonizuje z rodzicami, kt\u00f3rzy s\u0105 aktywni, lubi\u0105 przebywanie na \u015bwie\u017cym powietrzu i kochaj\u0105 swoje dziecko do szale\u0144stwa! Beezy 2 to spacer\u00f3wka zwrotna, lekka, ma\u0142a po z\u0142o\u017ceniu jednocze\u015bnie pozostaje wygodna i komfortowa dla dziecka. To w\u00f3zek spacerowy nie tylko na miejskie chodniki, ale te\u017c na wakacyjne podr\u00f3\u017cowanie.Wyobra\u017a sobie jak pi\u0119knie mo\u017cesz sp\u0119dzi\u0107 urlop maj\u0105c stylowy, lekki w\u00f3zek u swojego boku.W zestawie:w\u00f3zek spacerowypa\u0142\u0105kCechy charakterystyczneBudka XLCybex Beezy 2 zosta\u0142 wyposa\u017cony w wyj\u0105tkowo obszern\u0105 budk\u0119 z filtrem UPF50+, kt\u00f3ra pomo\u017ce chroni\u0107 Twoje dziecko przed szkodliwym promieniowaniem UV i nieprzyjemnym wiatrem.Prawdziwa pozycja le\u017c\u0105caJako jeden z niewielu w\u00f3zk\u00f3w spacerowych Cybex Beezy 2 oferuje prawdziw\u0105 pozycj\u0119 le\u017c\u0105c\u0105. P\u0142askie u\u0142o\u017cenie siedziska sprawi, \u017ce sen pasa\u017cera b\u0119dzie tak samo krzepi\u0105cy, jak w jego w\u0142asnym \u0142\u00f3\u017cku.Wygoda dla n\u00f3\u017cekRegulowany podn\u00f3\u017cek zapewni odpowiednie podparcie strudzonych n\u00f3\u017cek, dzi\u0119ki mo\u017cliwo\u015b\u0107 ustawiania na p\u0142asko, popo\u0142udniowy odpoczynek b\u0119dzie jeszcze bardziej regeneruj\u0105cy.Pi\u0119ciopunktowe pasy bezpiecze\u0144stwaPi\u0119ciopunktowa uprz\u0105\u017c zabezpieczy maluszka przed przypadkowym wysuni\u0119ciem si\u0119 z siedziska. Dzi\u0119ki mi\u0119kkim otulinom ma\u0142y pasa\u017cer poczuje si\u0119 komfortowo i nie b\u0119dzie mia\u0142 nic przeciwko codziennemu zabezpieczaniu na czas podr\u00f3\u017cy.Zwrotny i wygodnyW w\u00f3zku Beezy2 ka\u017cde z k\u00f3\u0142 posiada osobn\u0105 amortyzacj\u0119, dlatego jazda po kostce brukowej i innych drobnych nier\u00f3wno\u015bciach b\u0119dzie niezwykle p\u0142ynna. Wszystkie ko\u0142a s\u0105 odporne na przebicie, dzi\u0119ki temu unikniesz niepotrzebnych zmartwie\u0144 podczas relaksuj\u0105cych spacer\u00f3w. Dzi\u0119ki przednim obrotowym ko\u0142om Beezy 2 prowadzi si\u0119 znakomicie podczas jazdy po ciasnych miejskich uliczkach. Kiedy znajdziesz si\u0119 na prostej drodze, mo\u017cesz u\u017cy\u0107 blokady do jazdy na wprost, by prowadzi\u0107 w\u00f3zek za pomoc\u0105 jednej r\u0119ki.Materia\u0142y najwy\u017cszej jako\u015bciDzi\u0119ki zastosowaniu wysokiej jako\u015bci materia\u0142\u00f3w tapicerka Beezy 2 wyr\u00f3\u017cnia si\u0119 na tle konkurencji. Wyra\u017any splot nadaje ca\u0142o\u015bci solidnego charakteru. R\u0105czka w\u00f3zka zosta\u0142a wykonana z wysokiej jako\u015bci pianki, dlatego d\u0142onie b\u0119d\u0105 mia\u0142y wi\u0119ksz\u0105 przyczepno\u015b\u0107.Idealny na zakupyPojemna torba umieszczona na spodzie w\u00f3zka sprawi, \u017ce zapomnisz o noszeniu ci\u0119\u017ckich niepor\u0119cznych toreb. Z Cybex Beezy 2 zrobienie du\u017cych zakup\u00f3w nie b\u0119dzie musia\u0142o oznacza\u0107 ko\u0144ca spaceru.Sk\u0142adnie jedn\u0105 r\u0119k\u0105Sk\u0142adnie niekt\u00f3rych w\u00f3zk\u00f3w mo\u017ce przypomina\u0107 odprawianie d\u0142ugich staro\u017cytnych rytua\u0142\u00f3w. W przypadku Beezy 2 wystarczy ruch jednej r\u0119ki, by ten z\u0142o\u017cy\u0142 si\u0119 do rozmiar\u00f3w niewielkiej torby podr\u00f3\u017cnej. Z\u0142o\u017cony Beezy 2 stoi o w\u0142asnych si\u0142ach, bez potrzeby podpierania go.Wygodna podr\u00f3\u017c z fotelikiemP\u0142aska pozycja le\u017c\u0105ca stwarza wiele mo\u017cliwo\u015bci, w tym r\u00f3wnie\u017c bezpieczne wpi\u0119cie fotelika samochodowego z grupy wagowej 0 -13 kg. Wystarczy zakupi\u0107 dedykowane adaptery, by wraz z Beezy 2 stworzy\u0107 niezawodny system podr\u00f3\u017cny. Dzi\u0119ki temu zapomnisz o konieczno\u015bci budzenia dziecka po zako\u0144czeniu podr\u00f3\u017cy.SpecyfikacjaWaga:8.1 kgWymiary:81 x 105 x 44 cmWymiary po z\u0142o\u017ceniu:26 x 58 x 43 cm<\/p>\n<h2>Cybex Beezy 2.0 Lava Grey Spacerowy Cybex<\/h2>\n<p>prezent dla nastolatk\u00f3w na \u015bwi\u0119ta, miko\u0142ajki 2021 warszawa, matylda imie, psi patrol kolorowanki, bajki do czytania dla dzieci, jak narysowac kota, wiosenne zagadki, fajne prezenty dla nastolatk\u00f3w, znane misie z film\u00f3w animowanych, dzie\u0144 dziecka dla nastolatk\u00f3w, jak dobra\u0107 narty dla dziecka, \u015bmieszne zagadki dla dzieci, testy ma\u0142y ksi\u0105\u017ce, transformers kolorowanka, kolorowanki lato, trudne \u0142amig\u0142\u00f3wki<\/p>\n<p>yyyyy<\/p>\n<p>&nbsp;<\/p>\n","protected":false},"excerpt":{"rendered":"<p>Cybex Beezy 2 &#8211; lekki w\u00f3zek spacerowyKolor\/wz\u00f3r: Lava GreyW dobie trendu nawo\u0142uj\u0105cego do bycia aktywnym, \u015bwiadomym rodzicem cz\u0119sto zapominamy jak bardzo potrzebne s\u0105 nam do tego odpowiednie narz\u0119dzia. Otaczamy si\u0119 coraz wi\u0119ksz\u0105 ilo\u015bci\u0105 przedmiot\u00f3w, kt\u00f3re u\u0142atwiaj\u0105 \u017cycie z maluchem i sprawiaj\u0105, \u017ce nie musimy po\u015bwi\u0119ca\u0107 pasji, marze\u0144, nawyk\u00f3w dla opieki nad dzieckiem. Coraz cz\u0119\u015bciej obie [&hellip;]<\/p>\n","protected":false},"featured_media":7475,"comment_status":"closed","ping_status":"open","template":"","meta":[],"product_cat":[34,71],"product_tag":[772,838,807,749],"class_list":["post-7474","product","type-product","status-publish","has-post-thumbnail","hentry","product_cat-cybex","product_cat-wozki-spacerowe","product_tag-45-panstw-europy-i-ich-stolice-quiz","product_tag-bajki-dla-dzieci-na-dobranoc","product_tag-logiczne-zagadki","product_tag-najlepsze-zarty-na-prima-aprilis"],"_links":{"self":[{"href":"http:\/\/klubmamgdynia.pl\/index.php\/wp-json\/wp\/v2\/product\/7474","targetHints":{"allow":["GET"]}}],"collection":[{"href":"http:\/\/klubmamgdynia.pl\/index.php\/wp-json\/wp\/v2\/product"}],"about":[{"href":"http:\/\/klubmamgdynia.pl\/index.php\/wp-json\/wp\/v2\/types\/product"}],"replies":[{"embeddable":true,"href":"http:\/\/klubmamgdynia.pl\/index.php\/wp-json\/wp\/v2\/comments?post=7474"}],"wp:featuredmedia":[{"embeddable":true,"href":"http:\/\/klubmamgdynia.pl\/index.php\/wp-json\/wp\/v2\/media\/7475"}],"wp:attachment":[{"href":"http:\/\/klubmamgdynia.pl\/index.php\/wp-json\/wp\/v2\/media?parent=7474"}],"wp:term":[{"taxonomy":"product_cat","embeddable":true,"href":"http:\/\/klubmamgdynia.pl\/index.php\/wp-json\/wp\/v2\/product_cat?post=7474"},{"taxonomy":"product_tag","embeddable":true,"href":"http:\/\/klubmamgdynia.pl\/index.php\/wp-json\/wp\/v2\/product_tag?post=7474"}],"curies":[{"name":"wp","href":"https:\/\/api.w.org\/{rel}","templated":true}]}}