{"id":7476,"date":"2011-05-23T15:58:15","date_gmt":"2011-05-23T13:58:15","guid":{"rendered":"http:\/\/klubmamgdynia.pl\/index.php\/produkt\/cybex-eezy-s-2-deep-black-spacerowy\/"},"modified":"2026-04-18T19:15:58","modified_gmt":"2026-04-18T17:15:58","slug":"cybex-eezy-s-2-deep-black-spacerowy","status":"publish","type":"product","link":"http:\/\/klubmamgdynia.pl\/index.php\/produkt\/cybex-eezy-s-2-deep-black-spacerowy\/","title":{"rendered":"Cybex Eezy S+ 2 Deep Black Spacerowy"},"content":{"rendered":"<p>Cybex Eezy S+ 2 Deep Black Spacerowy<\/p>\n<p>Cybex Eezy S+2 &#8211; W\u00f3zek SpacerowyCybex Eezy S+2 to nowo\u015b\u0107 od marki Cybex, w\u00f3zek<br \/>\nspacerowy o mo\u017cliwo\u015bci u\u017cytkowej od pierwszych dni \u017cycia maluszka do 22 kg (4<br \/>\nlata). Eezy S+2 tworzy system podr\u00f3\u017cny 4w1, daj\u0105c nam mo\u017cliwo\u015b\u0107 po\u0142\u0105czenia go z<br \/>\ngondol\u0105 S, tworz\u0105c w\u00f3zek g\u0142\u0119boko-spacerowy, oraz mo\u017cliwo\u015b\u0107 pod\u0142\u0105czenia fotelika<br \/>\nsamochodowego lub Cocoon S.Funkcja sk\u0142adania w\u00f3zka jedn\u0105 r\u0119k\u0105Cybex Eezy S+2 b\u0119dzie bardzo praktyczny w<br \/>\ntrakcie spacer\u00f3w lub konieczno\u015bci przewiezienia go samochodem, poniewa\u017c w<br \/>\nbardzo \u0142atwy spos\u00f3b z\u0142o\u017cymy go do kompaktowych rozmiar\u00f3w, co u\u0142atwi swobodne<br \/>\numieszczenie go w baga\u017cniku samochodu, bez konieczno\u015bci zajmowania zbyt du\u017cej<br \/>\nilo\u015bci miejsca. A dzi\u0119ki niewiarygodnie ma\u0142ej wadze, nie b\u0119dzie stanowi\u0142o to<br \/>\nproblemu dla nikogo.<\/p>\n<p>System podr\u00f3\u017cny 4w1Rama Cybex Eezy S+2 jest kompatybilna z czterema<br \/>\ntrybami podr\u00f3\u017cowania:Spacer\u00f3wka, w wersji oryinalnejW\u00f3zek G\u0142\u0119boko-Sacerowy, po dokupieniu Gondoli SPodr\u00f3\u017cowanie z wpi\u0119tym fotlikiem samochodowymMo\u017cliwo\u015b\u0107 w\u0142o\u017cenia Cocoon SRegulowane oparcieDzi\u0119ki tej funkcji, Cybex Eezy S+2 b\u0119dzie<br \/>\npraktyczny ju\u017c od pierwszych dni \u017cycia dziecka, dzi\u0119ki oparciu regulowanemu a\u017c<br \/>\ndo pozycji le\u017c\u0105cej, kt\u00f3ra jest w pe\u0142ni bezpieczna dla noworodka.<\/p>\n<p>Pe\u0142na amortyzacja, du\u017ce ko\u0142aWszystkie ko\u0142a w Cybex Eezy S+2 s\u0105 amortyzowane,<br \/>\nco u\u0142atwia przemieszczanie si\u0119 nim, szczeg\u00f3lnie wtedy gdy wybierzemy<br \/>\nniestandardow\u0105 drog\u0119 na spacer, gdy pojawi\u0105 si\u0119 nier\u00f3wno\u015bci na nawierzchni.<br \/>\nDzi\u0119ki temu Twoje dziecko nie b\u0119dzie czu\u0142o si\u0119 niekomfortowo, a Ty nie b\u0119dziesz<br \/>\ntego odczuwa\u0107 prowadz\u0105c w\u00f3zek.                            <\/p>\n<p>Pa\u0142\u0105k bezpiecze\u0144stwaW przeciwie\u0144stwie do swojego poprzednika, Cybex<br \/>\nEezy S+2 posiada w zestawie pa\u0142\u0105k bezpiecze\u0144stwa, kt\u00f3ry wygodnie mo\u017cemy odpi\u0105\u0107,<br \/>\nco u\u0142atwi nam umieszczenie dziecka w spacer\u00f3wce. Ale sama funkcja pa\u0142\u0105ka<br \/>\nsprawia, \u017ce b\u0119dziemy jeszcze bardziej spokojni je\u015bli chodzi o bezpiecze\u0144stwo<br \/>\nmalucha w trakcie jazdy.<\/p>\n<h2>Cybex Eezy S+ 2 Deep Black Spacerowy Cybex<\/h2>\n<p>zagadki trudne, bianka, kartki na dobranoc dla przyjaci\u00f3\u0142, cytaty z ma\u0142ego ksi\u0119cia, ach \u015bpij kochanie tekst, list do miko\u0142aja wz\u00f3r pdf, przeczytaj mi wiersz, sing 2 multikino, dzie\u0144 mamy sentencje, olaf znaczenie imienia, wierszyk o wakacjach, kuba imie, cytat z ma\u0142ego ksi\u0119cia o przyja\u017ani, fajne \u017carty na prima aprilis, misie z bajek, warszawa z dzieckiem, prezent dla m\u0142odzie\u017cy, zadania dla 7 latka do druku<\/p>\n<p>yyyyy<\/p>\n<p>&nbsp;<\/p>\n","protected":false},"excerpt":{"rendered":"<p>Cybex Eezy S+ 2 Deep Black Spacerowy Cybex Eezy S+2 &#8211; W\u00f3zek SpacerowyCybex Eezy S+2 to nowo\u015b\u0107 od marki Cybex, w\u00f3zek spacerowy o mo\u017cliwo\u015bci u\u017cytkowej od pierwszych dni \u017cycia maluszka do 22 kg (4 lata). Eezy S+2 tworzy system podr\u00f3\u017cny 4w1, daj\u0105c nam mo\u017cliwo\u015b\u0107 po\u0142\u0105czenia go z gondol\u0105 S, tworz\u0105c w\u00f3zek g\u0142\u0119boko-spacerowy, oraz mo\u017cliwo\u015b\u0107 pod\u0142\u0105czenia [&hellip;]<\/p>\n","protected":false},"featured_media":7477,"comment_status":"closed","ping_status":"open","template":"","meta":[],"product_cat":[34,71],"product_tag":[667,644,674,638,616,805],"class_list":["post-7476","product","type-product","status-publish","has-post-thumbnail","hentry","product_cat-cybex","product_cat-wozki-spacerowe","product_tag-kolorowanka-lol","product_tag-mia","product_tag-miasto-dzieci","product_tag-miastodzieci","product_tag-test-mikolajek-25-pytan","product_tag-znaczenie-imienia-alan"],"_links":{"self":[{"href":"http:\/\/klubmamgdynia.pl\/index.php\/wp-json\/wp\/v2\/product\/7476","targetHints":{"allow":["GET"]}}],"collection":[{"href":"http:\/\/klubmamgdynia.pl\/index.php\/wp-json\/wp\/v2\/product"}],"about":[{"href":"http:\/\/klubmamgdynia.pl\/index.php\/wp-json\/wp\/v2\/types\/product"}],"replies":[{"embeddable":true,"href":"http:\/\/klubmamgdynia.pl\/index.php\/wp-json\/wp\/v2\/comments?post=7476"}],"wp:featuredmedia":[{"embeddable":true,"href":"http:\/\/klubmamgdynia.pl\/index.php\/wp-json\/wp\/v2\/media\/7477"}],"wp:attachment":[{"href":"http:\/\/klubmamgdynia.pl\/index.php\/wp-json\/wp\/v2\/media?parent=7476"}],"wp:term":[{"taxonomy":"product_cat","embeddable":true,"href":"http:\/\/klubmamgdynia.pl\/index.php\/wp-json\/wp\/v2\/product_cat?post=7476"},{"taxonomy":"product_tag","embeddable":true,"href":"http:\/\/klubmamgdynia.pl\/index.php\/wp-json\/wp\/v2\/product_tag?post=7476"}],"curies":[{"name":"wp","href":"https:\/\/api.w.org\/{rel}","templated":true}]}}