{"id":7478,"date":"2020-04-23T14:31:12","date_gmt":"2020-04-23T12:31:12","guid":{"rendered":"http:\/\/klubmamgdynia.pl\/index.php\/produkt\/am-pilka-rehabilitacyjna-am-400a\/"},"modified":"2026-04-06T00:49:39","modified_gmt":"2026-04-05T22:49:39","slug":"am-pilka-rehabilitacyjna-am-400a","status":"publish","type":"product","link":"http:\/\/klubmamgdynia.pl\/index.php\/produkt\/am-pilka-rehabilitacyjna-am-400a\/","title":{"rendered":"Am Pi\u0142ka Rehabilitacyjna Am 400A"},"content":{"rendered":"<p>PI\u0141KA DO MASA\u017bU JE\u017bYK AM 6,6cm \/400APi\u0142eczka z kolcami to niewielkie, ale bardzo przydatne urz\u0105dzenie. G\u0142\u00f3wnie przeznaczona jest do cel\u00f3w zdrowotnych. \u0106wiczenia wzmacniaj\u0105 mi\u0119\u015bnie d\u0142oni i s\u0105 idealne do rehabilitacji pourazowych tych partii jak r\u00f3wnie\u017c ca\u0142ego cia\u0142a. Mi\u0119kkie wypustki, kt\u00f3re pokrywaj\u0105 powierzchni\u0119 pi\u0142ki pobudzaj\u0105 unerwienie, receptory czuciowe i uk\u0142ad kr\u0105\u017cenia. Masa\u017c takim przyrz\u0105dem daje niesamowite odpr\u0119\u017cenie i relaks, rozlu\u017ania napi\u0119te mi\u0119\u015bnie, a dodatkowo wspomaga walk\u0119 z cellulitem.Opr\u00f3cz pozytywnego wp\u0142ywu na zdrowie \u0107wiczenia z je\u017cykiem to \u015bwietna zabawa dla dzieci. Wielu nauczycieli i opiekun\u00f3w wykorzystuje je do urozmaicenia zaj\u0119\u0107. Pi\u0142eczki Meteor zach\u0119caj\u0105 energetyczn\u0105 kolorystyk\u0105 i gwarancj\u0105 wysokiej jako\u015bci.Dane techniczne:\u015arednica: 66 mmPrzeznaczenie: do rehabilitacji, masa\u017cu lub zabawyDost\u0119pne w 5 kolorach jak na zdj\u0119ciuCena za 1 szt.<\/p>\n<h2>Am Pi\u0142ka Rehabilitacyjna Am 400A Tullo<\/h2>\n<p>quiz opowie\u015bci z narnii, szlaczki literopodobne do wydruku, pokemon kolorowanki do druku, dyplomy do wydrukowania a4, logiczne zagadki, leon imi\u0119, kolorowanki do druku dla ch\u0142opc\u00f3w, quizy flagi, zagadki o zwierz\u0119tach domowych, wiosna zagadki s\u0142owne, test z dzieci z bullerbyn, jak narysowa\u0107 sanie miko\u0142aja, buziak gify na dobranoc smieszne, prezent na dzien dziecka 7 lat, klockownia wroc\u0142aw<\/p>\n<p>yyyyy<\/p>\n<p>&nbsp;<\/p>\n","protected":false},"excerpt":{"rendered":"<p>PI\u0141KA DO MASA\u017bU JE\u017bYK AM 6,6cm \/400APi\u0142eczka z kolcami to niewielkie, ale bardzo przydatne urz\u0105dzenie. G\u0142\u00f3wnie przeznaczona jest do cel\u00f3w zdrowotnych. \u0106wiczenia wzmacniaj\u0105 mi\u0119\u015bnie d\u0142oni i s\u0105 idealne do rehabilitacji pourazowych tych partii jak r\u00f3wnie\u017c ca\u0142ego cia\u0142a. Mi\u0119kkie wypustki, kt\u00f3re pokrywaj\u0105 powierzchni\u0119 pi\u0142ki pobudzaj\u0105 unerwienie, receptory czuciowe i uk\u0142ad kr\u0105\u017cenia. Masa\u017c takim przyrz\u0105dem daje niesamowite [&hellip;]<\/p>\n","protected":false},"featured_media":7479,"comment_status":"closed","ping_status":"open","template":"","meta":[],"product_cat":[335,333],"product_tag":[685,768,630,835,653],"class_list":["post-7478","product","type-product","status-publish","has-post-thumbnail","hentry","product_cat-akcesoria-do-rehabilitacji","product_cat-tullo","product_tag-cytaty-o-rodzinie","product_tag-krotkie-zagadki-logiczne","product_tag-podchwytliwe-zagadki-z-odpowiedziami","product_tag-radosc-dziecka-cytaty","product_tag-warszawa-dla-dzieci"],"_links":{"self":[{"href":"http:\/\/klubmamgdynia.pl\/index.php\/wp-json\/wp\/v2\/product\/7478","targetHints":{"allow":["GET"]}}],"collection":[{"href":"http:\/\/klubmamgdynia.pl\/index.php\/wp-json\/wp\/v2\/product"}],"about":[{"href":"http:\/\/klubmamgdynia.pl\/index.php\/wp-json\/wp\/v2\/types\/product"}],"replies":[{"embeddable":true,"href":"http:\/\/klubmamgdynia.pl\/index.php\/wp-json\/wp\/v2\/comments?post=7478"}],"wp:featuredmedia":[{"embeddable":true,"href":"http:\/\/klubmamgdynia.pl\/index.php\/wp-json\/wp\/v2\/media\/7479"}],"wp:attachment":[{"href":"http:\/\/klubmamgdynia.pl\/index.php\/wp-json\/wp\/v2\/media?parent=7478"}],"wp:term":[{"taxonomy":"product_cat","embeddable":true,"href":"http:\/\/klubmamgdynia.pl\/index.php\/wp-json\/wp\/v2\/product_cat?post=7478"},{"taxonomy":"product_tag","embeddable":true,"href":"http:\/\/klubmamgdynia.pl\/index.php\/wp-json\/wp\/v2\/product_tag?post=7478"}],"curies":[{"name":"wp","href":"https:\/\/api.w.org\/{rel}","templated":true}]}}