{"id":7480,"date":"2025-08-17T02:15:27","date_gmt":"2025-08-17T00:15:27","guid":{"rendered":"http:\/\/klubmamgdynia.pl\/?post_type=product&#038;p=7480"},"modified":"2026-05-17T20:53:13","modified_gmt":"2026-05-17T18:53:13","slug":"tullo-polkule-sensoryczne-2-sztuki-477","status":"publish","type":"product","link":"http:\/\/klubmamgdynia.pl\/index.php\/produkt\/tullo-polkule-sensoryczne-2-sztuki-477\/","title":{"rendered":"TULLO P\u00f3\u0142kule Sensoryczne 2 Sztuki (477)"},"content":{"rendered":"<p>TULLO &#8211; P\u00f3\u0142kule Sensoryczne &#8211; 2 Sztuki &#8211; 477Tym razem przedstawiamy komplet, kt\u00f3ry zachwyci wszystkich mi\u0142o\u015bnik\u00f3w aktywnego trybu \u017cycia. Oto p\u00f3\u0142kule sensoryczne, kt\u00f3re doskonale sprawdzaj\u0105 si\u0119 podczas \u0107wicze\u0144 oraz rehabilitacji! Tym razem w zestawie znajdziesz a\u017c 2 sztuki! Zabawki s\u0105 w kolorach: czerwonym i zielonym! Ka\u017cda p\u00f3\u0142kula jest pokrya kolcami, na kt\u00f3rych mo\u017cesz stawa\u0107, pobudzaj\u0105c receptory czucia, kr\u0105\u017cenie krwi oraz \u0107wiczy\u0107 r\u00f3wnowag\u0119. Zabawki sensoryczne z pewno\u015bci\u0105 zapewni\u0105 Ci rewelacyjn\u0105 zabaw\u0119, a przy tym zadba o Twoje zdrowie.Zabawka jest w pe\u0142ni bezpieczna dla dzieci.Mi\u0142ej zabawy!Zestaw zawiera:- p\u00f3\u0142kule sensoryczne &#8211; 2 szt. Wiek dziecka: 3+Producent: TulloKod produktu: 477Wymiary opakowania: wys. 16,5 cm x szer. 16,5 cm x g\u0142. 17 cm<\/p>\n<h2>TULLO P\u00f3\u0142kule Sensoryczne 2 Sztuki (477) Tullo<\/h2>\n<p>ozdoby wielkanocne kt\u00f3re mog\u0105 zrobi\u0107 dzieci, psi patrol kolorowanka do druku, gra kulki, zagadki logiczne na inteligencj\u0119 dla doros\u0142ych<\/p>\n<p>yyyyy<\/p>\n<p>&nbsp;<\/p>\n","protected":false},"excerpt":{"rendered":"<p>TULLO &#8211; P\u00f3\u0142kule Sensoryczne &#8211; 2 Sztuki &#8211; 477Tym razem przedstawiamy komplet, kt\u00f3ry zachwyci wszystkich mi\u0142o\u015bnik\u00f3w aktywnego trybu \u017cycia. Oto p\u00f3\u0142kule sensoryczne, kt\u00f3re doskonale sprawdzaj\u0105 si\u0119 podczas \u0107wicze\u0144 oraz rehabilitacji! Tym razem w zestawie znajdziesz a\u017c 2 sztuki! Zabawki s\u0105 w kolorach: czerwonym i zielonym! Ka\u017cda p\u00f3\u0142kula jest pokrya kolcami, na kt\u00f3rych mo\u017cesz stawa\u0107, pobudzaj\u0105c [&hellip;]<\/p>\n","protected":false},"featured_media":7481,"comment_status":"closed","ping_status":"open","template":"","meta":[],"product_cat":[335,333],"product_tag":[668,595,608,721],"class_list":["post-7480","product","type-product","status-publish","has-post-thumbnail","hentry","product_cat-akcesoria-do-rehabilitacji","product_cat-tullo","product_tag-atrakcje-dla-dzieci-wroclaw","product_tag-zagadki-dla-6-latka","product_tag-zagadki-i-odpowiedzi","product_tag-zagadki-matematyczne"],"_links":{"self":[{"href":"http:\/\/klubmamgdynia.pl\/index.php\/wp-json\/wp\/v2\/product\/7480","targetHints":{"allow":["GET"]}}],"collection":[{"href":"http:\/\/klubmamgdynia.pl\/index.php\/wp-json\/wp\/v2\/product"}],"about":[{"href":"http:\/\/klubmamgdynia.pl\/index.php\/wp-json\/wp\/v2\/types\/product"}],"replies":[{"embeddable":true,"href":"http:\/\/klubmamgdynia.pl\/index.php\/wp-json\/wp\/v2\/comments?post=7480"}],"wp:featuredmedia":[{"embeddable":true,"href":"http:\/\/klubmamgdynia.pl\/index.php\/wp-json\/wp\/v2\/media\/7481"}],"wp:attachment":[{"href":"http:\/\/klubmamgdynia.pl\/index.php\/wp-json\/wp\/v2\/media?parent=7480"}],"wp:term":[{"taxonomy":"product_cat","embeddable":true,"href":"http:\/\/klubmamgdynia.pl\/index.php\/wp-json\/wp\/v2\/product_cat?post=7480"},{"taxonomy":"product_tag","embeddable":true,"href":"http:\/\/klubmamgdynia.pl\/index.php\/wp-json\/wp\/v2\/product_tag?post=7480"}],"curies":[{"name":"wp","href":"https:\/\/api.w.org\/{rel}","templated":true}]}}