{"id":7484,"date":"2020-07-12T19:30:19","date_gmt":"2020-07-12T17:30:19","guid":{"rendered":"http:\/\/klubmamgdynia.pl\/index.php\/produkt\/hitaxa-fast-5mg-9x10-tabl\/"},"modified":"2026-04-23T06:38:33","modified_gmt":"2026-04-23T04:38:33","slug":"hitaxa-fast-5mg-9x10-tabl","status":"publish","type":"product","link":"http:\/\/klubmamgdynia.pl\/index.php\/produkt\/hitaxa-fast-5mg-9x10-tabl\/","title":{"rendered":"Hitaxa fast 5mg, 9&#215;10 tabl."},"content":{"rendered":"<p>LEK PRZECIWALERGICZNYBez uczucia senno\u015bciBez popijaniaNatychmiast rozpuszcza si\u0119 w ustachOwocowy smak                            <\/p>\n<p>Dawkowanie:1 tabletka raz na dob\u0119.Tabletk\u0119 umie\u015bci\u0107 w jamie ustnej.                            <\/p>\n<p>Hitaxa Fast i Hitaxa Fast Junior to rozwi\u0105zanie dla ca\u0142ej rodziny.To leki, kt\u00f3re zaczynaj\u0105 dzia\u0142a\u0107 ju\u017c po 30 minutach* i \u0142agodz\u0105 objawy alergii przez 24 godziny, co u\u0142atwia powr\u00f3t do normalnych codziennych czynno\u015bci czy spokojnego snu. Dzia\u0142aj\u0105 na objawy alergii, takie jak: katar, kichanie, \u0142zawienie oczu, czy pokrzywka.Nie powoduj\u0105 senno\u015bci i spadku koncentracji**, potrzebnych doros\u0142ym do normalnego funkcjonowania, a dzieciom pozwalaj\u0105c podczas kuracji zachowa\u0107 pe\u0142ne zdolno\u015bci poznawcze i sprawno\u015b\u0107 uczenia si\u0119. Przyjazna forma tabletki natychmiast rozpuszczaj\u0105cej si\u0119 w ustach umo\u017cliwia komfortow\u0105 aplikacj\u0119 w ka\u017cdej sytuacji. Bez konieczno\u015bci popijania!* Selecting the Optimal Oral Antihistamine for Patients with Alleric Rhinits, Drugs 2006; 66 (18): 2309-2319; 0012-6667\/06\/018-2309\/$44.95. Jeffrey M. Lehman and Michael S. Blaiss.** Hitaxa Fast jest lekiem przeciwalergicznym nie wywo\u0142uj\u0105cym senno\u015bci. Zgodnie z CHPL w kontrolowanych badaniach klinicznych po podaniu zalecanej dawki 5 mg na dob\u0119, senno\u015b\u0107 wyst\u0119powa\u0142a nie cz\u0119\u015bciej ni\u017c w grupie placebo (pkt. 5.1 CHPL). Po wprowadzeniu produktu do obrotu bardzo rzadko obserwowano senno\u015b\u0107 (pkt. 4.8 CHPL \u2013 dzia\u0142ania niepo\u017c\u0105dane). Przeprowadzone u doros\u0142ych badanie z zastosowaniem pojedynczej dawki wskazuje, \u017ce desloratadyna w dawce 5 mg nie wp\u0142ywa na podstawowe umiej\u0119tno\u015bci pilotowania , w tym na nasilenie subiektywnie odczuwanej senno\u015bci lub wykonywanie zada\u0144 zwi\u0105zanych z pilotowaniem.                            <\/p>\n<p>WSKAZANIAProdukty Hitaxa Fast i Hitaxa Fast Junior s\u0105\u00a0 wskazane w celu \u0142agodzenia objaw\u00f3w zwi\u0105zanych z:alergicznym zapaleniem b\u0142ony \u015bluzowej nosa lub pokrzywk\u0105                            <\/p>\n<p>8,6% dzieci w Polscecierpi na astm\u01191                            <\/p>\n<p>5,4% doros\u0142ych w Polscejest chorych na astm\u01191                            <\/p>\n<p>Blisko 50% Polak\u00f3w ma dodatni wynik alergicznych test\u00f3w sk\u00f3rnych na alergeny ( g\u0142\u00f3wnie na roztocza, trawy, brzoz\u0119)2,3                            <\/p>\n<p>Tylko 30% pacjent\u00f3w z astm\u0105 mia\u0142o poprawn\u0105 diagnoz\u0119. Choroby alergiczne s\u0105 zasadniczo niedorozpoznane2,3                            <\/p>\n<p>1. http:\/\/www.mojaastma.org.pl\/index285a.html?o=6 (dost\u0119p: 08.2019).2. http:\/\/ecap.pl\/pdf\/ECAP_wyniki_pl.pdf (dost\u0119p: 08.2019).3. http:\/\/ecap.pl\/pdf\/ECAP_wstep_pl.pdf (dost\u0119p: 08.2019).                            <\/p>\n<p>Informacja o lekuNazwa:Hitaxa Fast. Lek przeciwalergiczny.Nazwa powszechnie stosowana substancji czynnej:Desloratadinum.Dawka substancji czynnej lub st\u0119\u017cenie substancji czynnej:Ka\u017cda tabletka ulegaj\u0105ca rozpadowi w jamie ustnej zawiera 5 mg desloratadyny.Posta\u0107 farmaceutyczna:Tabletka ulegaj\u0105ca rozpadowi w jamie ustnej.Wskazania do stosowania:Produkt Hitaxa Fast jest wskazany w celu \u0142agodzenia objaw\u00f3w zwi\u0105zanych z: alergicznym zapaleniem b\u0142ony \u015bluzowej nosa lub pokrzywk\u0105.Przeciwwskazania:Nadwra\u017cliwo\u015b\u0107 na substancj\u0119 czynn\u0105 lub na kt\u00f3r\u0105kolwiek substancj\u0119 pomocnicz\u0105 lub na loratadyn\u0119.Opakowanie:10 tabletek ulegaj\u0105cych rozpadowi w jamie ustnej.Podmiot odpowiedzialny:Adamed Pharma S.A.Pie\u0144k\u00f3w, ul. Mariana Adamkiewicza 6A05-152 Czosn\u00f3w k. W-wy                            <\/p>\n<p>Przed u\u017cyciem zapoznaj si\u0119 z ulotk\u0105, kt\u00f3ra zawiera wskazania, przeciwwskazania, dane dotycz\u0105ce dzia\u0142a\u0144 niepo\u017c\u0105danych i dawkowanie oraz informacje dotycz\u0105ce stosowania produktu leczniczego, b\u0105d\u017a skonsultuj si\u0119 z lekarzem lub farmaceut\u0105, gdy\u017c ka\u017cdy lek niew\u0142a\u015bciwie stosowany zagra\u017ca Twojemu \u017cyciu lub zdrowiu.<\/p>\n<h2>Hitaxa fast 5mg, 9&#215;10 tabl. Adamed Pharma<\/h2>\n<p>pierwszy obudzi\u0142 si\u0119 pierwiosnek tekst, quizy dla przedszkolak\u00f3w, zagadki dla dzieci 14 lat, znaczenie imiona monika, test detektyw pozytywka, gry ruchowe dla dzieci, warszawa atrakcje dla dzieci, zagadki dla dzieci 7-8 lat online, quiz samochodowy, nadia imi\u0119<\/p>\n<p>yyyyy<\/p>\n<p>&nbsp;<\/p>\n","protected":false},"excerpt":{"rendered":"<p>LEK PRZECIWALERGICZNYBez uczucia senno\u015bciBez popijaniaNatychmiast rozpuszcza si\u0119 w ustachOwocowy smak Dawkowanie:1 tabletka raz na dob\u0119.Tabletk\u0119 umie\u015bci\u0107 w jamie ustnej. Hitaxa Fast i Hitaxa Fast Junior to rozwi\u0105zanie dla ca\u0142ej rodziny.To leki, kt\u00f3re zaczynaj\u0105 dzia\u0142a\u0107 ju\u017c po 30 minutach* i \u0142agodz\u0105 objawy alergii przez 24 godziny, co u\u0142atwia powr\u00f3t do normalnych codziennych czynno\u015bci czy spokojnego snu. [&hellip;]<\/p>\n","protected":false},"featured_media":7485,"comment_status":"closed","ping_status":"open","template":"","meta":[],"product_cat":[1572,1608],"product_tag":[864,781,797,674,614],"class_list":["post-7484","product","type-product","status-publish","has-post-thumbnail","hentry","product_cat-adamed-pharma","product_cat-alergia","product_tag-basen-warszawa","product_tag-cytaty-o-wychowaniu-dzieci","product_tag-kiekrz","product_tag-miasto-dzieci","product_tag-pia"],"_links":{"self":[{"href":"http:\/\/klubmamgdynia.pl\/index.php\/wp-json\/wp\/v2\/product\/7484","targetHints":{"allow":["GET"]}}],"collection":[{"href":"http:\/\/klubmamgdynia.pl\/index.php\/wp-json\/wp\/v2\/product"}],"about":[{"href":"http:\/\/klubmamgdynia.pl\/index.php\/wp-json\/wp\/v2\/types\/product"}],"replies":[{"embeddable":true,"href":"http:\/\/klubmamgdynia.pl\/index.php\/wp-json\/wp\/v2\/comments?post=7484"}],"wp:featuredmedia":[{"embeddable":true,"href":"http:\/\/klubmamgdynia.pl\/index.php\/wp-json\/wp\/v2\/media\/7485"}],"wp:attachment":[{"href":"http:\/\/klubmamgdynia.pl\/index.php\/wp-json\/wp\/v2\/media?parent=7484"}],"wp:term":[{"taxonomy":"product_cat","embeddable":true,"href":"http:\/\/klubmamgdynia.pl\/index.php\/wp-json\/wp\/v2\/product_cat?post=7484"},{"taxonomy":"product_tag","embeddable":true,"href":"http:\/\/klubmamgdynia.pl\/index.php\/wp-json\/wp\/v2\/product_tag?post=7484"}],"curies":[{"name":"wp","href":"https:\/\/api.w.org\/{rel}","templated":true}]}}