{"id":7486,"date":"2014-10-07T02:48:35","date_gmt":"2014-10-07T00:48:35","guid":{"rendered":"http:\/\/klubmamgdynia.pl\/index.php\/produkt\/sluban-klocki-army-wwii-wojsko-143el\/"},"modified":"2026-05-17T23:00:13","modified_gmt":"2026-05-17T21:00:13","slug":"sluban-klocki-army-wwii-wojsko-143el","status":"publish","type":"product","link":"http:\/\/klubmamgdynia.pl\/index.php\/produkt\/sluban-klocki-army-wwii-wojsko-143el\/","title":{"rendered":"Sluban Klocki Army Wwii Wojsko 143El"},"content":{"rendered":"<p>Klocki Sluban to kreatywna zabawa pobudzaj\u0105ca wyobra\u017ani\u0119, zdolno\u015bci manualne i logiczne my\u015blenie. Budowanie z klock\u00f3w umo\u017cliwia samodzielne tworzenie wspania\u0142ych konstrukcji. Zestaw Sluban Army zawiera 143 elementy i jedn\u0105 figurk\u0119.<\/p>\n<h2>Sluban Klocki Army Wwii Wojsko 143El Sluban<\/h2>\n<p>prezenty urodzinowe dla nastolatk\u00f3w, 45 pa\u0144stw europy i ich stolice quiz, u\u015bmiech dziecka wiersz, wakacyjne kolorowanki, bajki dla dzieci online, koty kolorowanki do druku, kawaly na prima aprilis, skalne miasto, upominek dla nastolatk\u00f3w<\/p>\n<p>yyyyy<\/p>\n<p>&nbsp;<\/p>\n","protected":false},"excerpt":{"rendered":"<p>Klocki Sluban to kreatywna zabawa pobudzaj\u0105ca wyobra\u017ani\u0119, zdolno\u015bci manualne i logiczne my\u015blenie. Budowanie z klock\u00f3w umo\u017cliwia samodzielne tworzenie wspania\u0142ych konstrukcji. Zestaw Sluban Army zawiera 143 elementy i jedn\u0105 figurk\u0119. Sluban Klocki Army Wwii Wojsko 143El Sluban prezenty urodzinowe dla nastolatk\u00f3w, 45 pa\u0144stw europy i ich stolice quiz, u\u015bmiech dziecka wiersz, wakacyjne kolorowanki, bajki dla dzieci [&hellip;]<\/p>\n","protected":false},"featured_media":7487,"comment_status":"closed","ping_status":"open","template":"","meta":[],"product_cat":[113,513],"product_tag":[765,819,614,590,770],"class_list":["post-7486","product","type-product","status-publish","has-post-thumbnail","hentry","product_cat-klocki","product_cat-sluban","product_tag-atrakcje-dla-dzieci-warszawa","product_tag-co-kupic-nastolatce-na-swieta","product_tag-pia","product_tag-plac-zabaw-warszawa","product_tag-samolot-z-papieru"],"_links":{"self":[{"href":"http:\/\/klubmamgdynia.pl\/index.php\/wp-json\/wp\/v2\/product\/7486","targetHints":{"allow":["GET"]}}],"collection":[{"href":"http:\/\/klubmamgdynia.pl\/index.php\/wp-json\/wp\/v2\/product"}],"about":[{"href":"http:\/\/klubmamgdynia.pl\/index.php\/wp-json\/wp\/v2\/types\/product"}],"replies":[{"embeddable":true,"href":"http:\/\/klubmamgdynia.pl\/index.php\/wp-json\/wp\/v2\/comments?post=7486"}],"wp:featuredmedia":[{"embeddable":true,"href":"http:\/\/klubmamgdynia.pl\/index.php\/wp-json\/wp\/v2\/media\/7487"}],"wp:attachment":[{"href":"http:\/\/klubmamgdynia.pl\/index.php\/wp-json\/wp\/v2\/media?parent=7486"}],"wp:term":[{"taxonomy":"product_cat","embeddable":true,"href":"http:\/\/klubmamgdynia.pl\/index.php\/wp-json\/wp\/v2\/product_cat?post=7486"},{"taxonomy":"product_tag","embeddable":true,"href":"http:\/\/klubmamgdynia.pl\/index.php\/wp-json\/wp\/v2\/product_tag?post=7486"}],"curies":[{"name":"wp","href":"https:\/\/api.w.org\/{rel}","templated":true}]}}