{"id":7488,"date":"2018-04-19T16:04:14","date_gmt":"2018-04-19T14:04:14","guid":{"rendered":"http:\/\/klubmamgdynia.pl\/index.php\/produkt\/gerber-organic-nektar-gruszka-banan-dla-niemowlat-po-4-miesiacu-200ml\/"},"modified":"2026-04-24T22:21:11","modified_gmt":"2026-04-24T20:21:11","slug":"gerber-organic-nektar-gruszka-banan-dla-niemowlat-po-4-miesiacu-200ml","status":"publish","type":"product","link":"http:\/\/klubmamgdynia.pl\/index.php\/produkt\/gerber-organic-nektar-gruszka-banan-dla-niemowlat-po-4-miesiacu-200ml\/","title":{"rendered":"Gerber Organic Nektar Gruszka Banan dla niemowl\u0105t po 4 Miesi\u0105cu 200ml"},"content":{"rendered":"<p>Nektar Gerber Organic Gruszka BananNektar dla maluszk\u00f3w po 4. miesi\u0105cu, kt\u00f3ry powsta\u0142 z po\u0142\u0105czenia soczystych gruszek i \u0142agodnych banan\u00f3w.\u00a0                            <\/p>\n<p>ODKRYJ ZALETY PRODUKTU\u00a0Owoce wyros\u0142y w gospodarstwach ekologicznych, a ich organiczne pochodzenie potwierdza odnawiany co roku certyfikat. Produkt nie zawiera dodatku cukru \u2013 tylko cukry naturalnie pochodz\u0105ce ze sk\u0142adnik\u00f3w: banan\u00f3w i gruszek. Dostarcza dziecku witamin\u0119 C i b\u0142onnik.                            <\/p>\n<p>Tabela Warto\u015bci od\u017cywczych i sk\u0142adniki produktu\u00a0                            <\/p>\n<p>Sk\u0142adnikiwoda, gruszka* (40%), banan* (10%), sok cytrynowy*, witamina C.*z rolnictwa ekologicznego.Bez dodatku cukru.Zawiera naturalnie wyst\u0119puj\u0105ce cukry.                            <\/p>\n<p>Spos\u00f3b przygotowania                            <\/p>\n<p>Potrzebn\u0105 porcj\u0119 przelej do kubeczka.                            <\/p>\n<p>Podawaj w temperaturze pokojowej.                            <\/p>\n<p>Przed podaniem wymieszaj i sprawd\u017a temperatur\u0119 produktu.                            <\/p>\n<p>Po otwarciu produkt przechowuj w zamkni\u0119tej butelce w lod\u00f3wce nie d\u0142u\u017cej ni\u017c 48 godzin.                            <\/p>\n<p>Podawanie soku zaczynamy od kilku \u0142y\u017ceczek i stopniowo zwi\u0119kszamy w zale\u017cno\u015bci od potrzeb dziecka.Zachowaj zasady bezpiecze\u0144stwa                            <\/p>\n<p>Nie u\u017cywa\u0107 je\u015bli wieczko si\u0119 ugina. Przy pierwszym otwarciu wieczko musi &#8222;klikn\u0105\u0107&#8221;.                            <\/p>\n<p>Podawaj dziecku w pozycji siedz\u0105cej, pod kontrol\u0105 osoby doros\u0142ej.                            <\/p>\n<p>Zamkni\u0119te butelki przechowuj w temperaturze pokojowej.\u00a0Po otwarciu produkt przechowuj w zamkni\u0119tym s\u0142oiku w lod\u00f3wce nie d\u0142u\u017cej ni\u017c 24 godziny.                            <\/p>\n<p>Najlepiej spo\u017cy\u0107 przed ko\u0144cem: patrz na wieczku.                            <\/p>\n<p>Poznaj wszystkie produkty z linii Gerber OrganicJe\u017celi Twojemu dziecku przypad\u0142o do gustu Nektar Gerber Organic Gruszka Banan, mo\u017cesz zapozna\u0107 maluszka tak\u017ce z innymi produktami Gerber Organic i Gerber!<\/p>\n<h2>Gerber Organic Nektar Gruszka Banan dla niemowl\u0105t po 4 Miesi\u0105cu 200ml Gerber Organic<\/h2>\n<p>pieski, zagadki dla 7 latk\u00f3w, \u0142\u00f3d\u017a atrakcje dla dzieci, impreza halloween 2021 dla dzieci, aneta, quizy hobbit, irma, zagadki dla dzieci 7 lat o zwierz\u0119tach, prezent dla nastolatki, upominek dla nastolatk\u00f3w, miko\u0142ajki dla dzieci warszawa 2021, co na roczek dla dziewczynki, maski superbohater\u00f3w do wydrukowania, zabawy dla 6 latk\u00f3w, smieszne zagadki, opisy rodzina, quiz opowie\u015bci z narnii lew czarownica i stara szafa<\/p>\n<p>yyyyy<\/p>\n<p>&nbsp;<\/p>\n","protected":false},"excerpt":{"rendered":"<p>Nektar Gerber Organic Gruszka BananNektar dla maluszk\u00f3w po 4. miesi\u0105cu, kt\u00f3ry powsta\u0142 z po\u0142\u0105czenia soczystych gruszek i \u0142agodnych banan\u00f3w.\u00a0 ODKRYJ ZALETY PRODUKTU\u00a0Owoce wyros\u0142y w gospodarstwach ekologicznych, a ich organiczne pochodzenie potwierdza odnawiany co roku certyfikat. Produkt nie zawiera dodatku cukru \u2013 tylko cukry naturalnie pochodz\u0105ce ze sk\u0142adnik\u00f3w: banan\u00f3w i gruszek. Dostarcza dziecku witamin\u0119 C i [&hellip;]<\/p>\n","protected":false},"featured_media":7489,"comment_status":"closed","ping_status":"open","template":"","meta":[],"product_cat":[1609,515],"product_tag":[839,650,778,694],"class_list":["post-7488","product","type-product","status-publish","has-post-thumbnail","hentry","product_cat-gerber-organic","product_cat-herbatki-i-soki-dla-dzieci","product_tag-bajki-na-dobranoc-do-czytania","product_tag-choinka-z-bibuly","product_tag-zabawki-na-roczek-dla-chlopca","product_tag-zagadki-swiateczne-dla-dzieci"],"_links":{"self":[{"href":"http:\/\/klubmamgdynia.pl\/index.php\/wp-json\/wp\/v2\/product\/7488","targetHints":{"allow":["GET"]}}],"collection":[{"href":"http:\/\/klubmamgdynia.pl\/index.php\/wp-json\/wp\/v2\/product"}],"about":[{"href":"http:\/\/klubmamgdynia.pl\/index.php\/wp-json\/wp\/v2\/types\/product"}],"replies":[{"embeddable":true,"href":"http:\/\/klubmamgdynia.pl\/index.php\/wp-json\/wp\/v2\/comments?post=7488"}],"wp:featuredmedia":[{"embeddable":true,"href":"http:\/\/klubmamgdynia.pl\/index.php\/wp-json\/wp\/v2\/media\/7489"}],"wp:attachment":[{"href":"http:\/\/klubmamgdynia.pl\/index.php\/wp-json\/wp\/v2\/media?parent=7488"}],"wp:term":[{"taxonomy":"product_cat","embeddable":true,"href":"http:\/\/klubmamgdynia.pl\/index.php\/wp-json\/wp\/v2\/product_cat?post=7488"},{"taxonomy":"product_tag","embeddable":true,"href":"http:\/\/klubmamgdynia.pl\/index.php\/wp-json\/wp\/v2\/product_tag?post=7488"}],"curies":[{"name":"wp","href":"https:\/\/api.w.org\/{rel}","templated":true}]}}