{"id":7490,"date":"2014-07-12T18:02:23","date_gmt":"2014-07-12T16:02:23","guid":{"rendered":"http:\/\/klubmamgdynia.pl\/index.php\/produkt\/sluban-auto-terenowe-duze-techniczne-klocki-jeep\/"},"modified":"2026-04-30T20:34:43","modified_gmt":"2026-04-30T18:34:43","slug":"sluban-auto-terenowe-duze-techniczne-klocki-jeep","status":"publish","type":"product","link":"http:\/\/klubmamgdynia.pl\/index.php\/produkt\/sluban-auto-terenowe-duze-techniczne-klocki-jeep\/","title":{"rendered":"Sluban Auto Terenowe Du\u017ce Techniczne Klocki Jeep"},"content":{"rendered":"<p>KLOCKISERIA: SUPER CARMODEL: XB-03027AUTO TERENOWEILO\u015a\u0106 ELEMENT\u00d3W: 529 szt.ZGODNO\u015a\u0106 Z NORMAMI UNIJNYMI: CE; EN71Zestaw AUTO TERENOWE sk\u0142ada si\u0119 z 529 element\u00f3w w postaci klock\u00f3w i figurkI, jest on kompatybilny z innymi markami klock\u00f3w (LEGO; SLUBAN; COBI; KAZI; BLOCKI; LEUI i wiele innych)<\/p>\n<h2>Sluban Auto Terenowe Du\u017ce Techniczne Klocki Jeep Sluban<\/h2>\n<p>prezent na dzie\u0144 dziecka dla nastolatk\u00f3w, kotek kolorowanka, bajka o dinozaurach do czytania, zemsta quizy, anio\u0142ki do druku<\/p>\n<p>yyyyy<\/p>\n<p>&nbsp;<\/p>\n","protected":false},"excerpt":{"rendered":"<p>KLOCKISERIA: SUPER CARMODEL: XB-03027AUTO TERENOWEILO\u015a\u0106 ELEMENT\u00d3W: 529 szt.ZGODNO\u015a\u0106 Z NORMAMI UNIJNYMI: CE; EN71Zestaw AUTO TERENOWE sk\u0142ada si\u0119 z 529 element\u00f3w w postaci klock\u00f3w i figurkI, jest on kompatybilny z innymi markami klock\u00f3w (LEGO; SLUBAN; COBI; KAZI; BLOCKI; LEUI i wiele innych) Sluban Auto Terenowe Du\u017ce Techniczne Klocki Jeep Sluban prezent na dzie\u0144 dziecka dla nastolatk\u00f3w, [&hellip;]<\/p>\n","protected":false},"featured_media":7491,"comment_status":"closed","ping_status":"open","template":"","meta":[],"product_cat":[113,513],"product_tag":[780,624,689,674,636],"class_list":["post-7490","product","type-product","status-publish","has-post-thumbnail","hentry","product_cat-klocki","product_cat-sluban","product_tag-krecik-bajka","product_tag-krotkie-zagadki","product_tag-linda","product_tag-miasto-dzieci","product_tag-teksty-kolysanek"],"_links":{"self":[{"href":"http:\/\/klubmamgdynia.pl\/index.php\/wp-json\/wp\/v2\/product\/7490","targetHints":{"allow":["GET"]}}],"collection":[{"href":"http:\/\/klubmamgdynia.pl\/index.php\/wp-json\/wp\/v2\/product"}],"about":[{"href":"http:\/\/klubmamgdynia.pl\/index.php\/wp-json\/wp\/v2\/types\/product"}],"replies":[{"embeddable":true,"href":"http:\/\/klubmamgdynia.pl\/index.php\/wp-json\/wp\/v2\/comments?post=7490"}],"wp:featuredmedia":[{"embeddable":true,"href":"http:\/\/klubmamgdynia.pl\/index.php\/wp-json\/wp\/v2\/media\/7491"}],"wp:attachment":[{"href":"http:\/\/klubmamgdynia.pl\/index.php\/wp-json\/wp\/v2\/media?parent=7490"}],"wp:term":[{"taxonomy":"product_cat","embeddable":true,"href":"http:\/\/klubmamgdynia.pl\/index.php\/wp-json\/wp\/v2\/product_cat?post=7490"},{"taxonomy":"product_tag","embeddable":true,"href":"http:\/\/klubmamgdynia.pl\/index.php\/wp-json\/wp\/v2\/product_tag?post=7490"}],"curies":[{"name":"wp","href":"https:\/\/api.w.org\/{rel}","templated":true}]}}