{"id":7494,"date":"2014-11-28T04:23:37","date_gmt":"2014-11-28T03:23:37","guid":{"rendered":"http:\/\/klubmamgdynia.pl\/index.php\/produkt\/ramiz-tor-swietlny-petla-143-zkt-jj84-2\/"},"modified":"2026-04-04T06:14:54","modified_gmt":"2026-04-04T04:14:54","slug":"ramiz-tor-swietlny-petla-143-zkt-jj84-2","status":"publish","type":"product","link":"http:\/\/klubmamgdynia.pl\/index.php\/produkt\/ramiz-tor-swietlny-petla-143-zkt-jj84-2\/","title":{"rendered":"Ramiz Tor \u015awietlny P\u0119tla 1:43 Zkt.Jj84-2"},"content":{"rendered":"<p>Tor \u015bwietlny, Tor \u015awietlna P\u0119tla 1:43 ZKT.JJ84-2 Ramiz TOR WY\u015aCIGOWY (1:43) + 2 superszybkie autka (JJ84-2) Tor zasilany jest za pomoc\u0105 zasilacza. Poszczeg\u00f3lne elementy konstrukcyjne pozwol\u0105 zbudowa\u0107 tor z ostrymi zakr\u0119tami, spiralami i odcinkami prostymi, a wszystko po to, aby maksymalnie uatrakcyjni\u0107 zabaw\u0119 i doda\u0107 ca\u0142ej zabawie emocji. Dodatkowym atutem s\u0105 o\u015bwietlone p\u0119tle. Tor posiada 2 tryby szybko\u015bci \u2013 szybki \/ wolny oraz licznik przebytych okr\u0105\u017ce\u0144. Zawarto\u015b\u0107 zestawu: &#8211; 2 auta wy\u015bcigowe, &#8211; 2 piloty z licznikiem ok, &#8211; tor w cz\u0119\u015bciach, &#8211; bariery, &#8211; znaki drogowe, &#8211; zasilacz Wymiary: &#8211; tor ok. 155 cm x 75 cm, &#8211; d\u0142ugo\u015b\u0107 przejazdu ok. 6,12 m, &#8211; pilot ok. 15 cm x 9 cm, &#8211; autko ok. 10,5 cm x 5 cm x 3 cm, &#8211; opakowanie ok. 64 cm x 8,5 cm x 44,5 cm<\/p>\n<h2>Ramiz Tor \u015awietlny P\u0119tla 1:43 Zkt.Jj84-2 Ramiz<\/h2>\n<p>\u017carty na prima aprilis w domu, gabriela imie, zagadki dla doros\u0142ych, gry planszowe dla nastolatk\u00f3w, papierowe ozdoby \u015bwi\u0105teczne, quizy ma\u0142y ksi\u0105\u017c\u0119, traktor z przyczep\u0105 kolorowanka do druku, zak\u0142adka do ksi\u0105\u017cki szablon, prezent na roczek od babci<\/p>\n<p>yyyyy<\/p>\n<p>&nbsp;<\/p>\n","protected":false},"excerpt":{"rendered":"<p>Tor \u015bwietlny, Tor \u015awietlna P\u0119tla 1:43 ZKT.JJ84-2 Ramiz TOR WY\u015aCIGOWY (1:43) + 2 superszybkie autka (JJ84-2) Tor zasilany jest za pomoc\u0105 zasilacza. Poszczeg\u00f3lne elementy konstrukcyjne pozwol\u0105 zbudowa\u0107 tor z ostrymi zakr\u0119tami, spiralami i odcinkami prostymi, a wszystko po to, aby maksymalnie uatrakcyjni\u0107 zabaw\u0119 i doda\u0107 ca\u0142ej zabawie emocji. Dodatkowym atutem s\u0105 o\u015bwietlone p\u0119tle. Tor posiada [&hellip;]<\/p>\n","protected":false},"featured_media":7495,"comment_status":"closed","ping_status":"open","template":"","meta":[],"product_cat":[141,36],"product_tag":[839,720,627,587,649],"class_list":["post-7494","product","type-product","status-publish","has-post-thumbnail","hentry","product_cat-parkingi-garaze-i-tory-wyscigowe","product_cat-ramiz","product_tag-bajki-na-dobranoc-do-czytania","product_tag-malowanki","product_tag-quiz-dzieci-z-bullerbyn","product_tag-skalne-miasto","product_tag-zagadki-dla-nastolatkow"],"_links":{"self":[{"href":"http:\/\/klubmamgdynia.pl\/index.php\/wp-json\/wp\/v2\/product\/7494","targetHints":{"allow":["GET"]}}],"collection":[{"href":"http:\/\/klubmamgdynia.pl\/index.php\/wp-json\/wp\/v2\/product"}],"about":[{"href":"http:\/\/klubmamgdynia.pl\/index.php\/wp-json\/wp\/v2\/types\/product"}],"replies":[{"embeddable":true,"href":"http:\/\/klubmamgdynia.pl\/index.php\/wp-json\/wp\/v2\/comments?post=7494"}],"wp:featuredmedia":[{"embeddable":true,"href":"http:\/\/klubmamgdynia.pl\/index.php\/wp-json\/wp\/v2\/media\/7495"}],"wp:attachment":[{"href":"http:\/\/klubmamgdynia.pl\/index.php\/wp-json\/wp\/v2\/media?parent=7494"}],"wp:term":[{"taxonomy":"product_cat","embeddable":true,"href":"http:\/\/klubmamgdynia.pl\/index.php\/wp-json\/wp\/v2\/product_cat?post=7494"},{"taxonomy":"product_tag","embeddable":true,"href":"http:\/\/klubmamgdynia.pl\/index.php\/wp-json\/wp\/v2\/product_tag?post=7494"}],"curies":[{"name":"wp","href":"https:\/\/api.w.org\/{rel}","templated":true}]}}