{"id":7496,"date":"2021-04-17T22:45:40","date_gmt":"2021-04-17T20:45:40","guid":{"rendered":"http:\/\/klubmamgdynia.pl\/index.php\/produkt\/biomed-s-a-orsalit-drink-o-sm-trusk-4x200ml\/"},"modified":"2026-04-29T05:39:14","modified_gmt":"2026-04-29T03:39:14","slug":"biomed-s-a-orsalit-drink-o-sm-trusk-4x200ml","status":"publish","type":"product","link":"http:\/\/klubmamgdynia.pl\/index.php\/produkt\/biomed-s-a-orsalit-drink-o-sm-trusk-4x200ml\/","title":{"rendered":"Biomed S.A. Orsalit drink o sm.trusk. 4x200ml"},"content":{"rendered":"<p>Gotowy do spo\u017cycia doustny p\u0142yn nawadniaj\u0105cy do post\u0119powania dietetycznego w stanach odwodnienia organizmu.<\/p>\n<h2>Biomed S.A. Orsalit drink o sm.trusk. 4x200ml IBSS Biomed<\/h2>\n<p>ko\u0142ysanki tekst, zagadki podchwytliwe, pokemon kolorowanki do druku, nietypowe imiona \u017ce\u0144skie, kanapeczki na urodziny dziecka, kr\u00f3tkie zagadki dla doros\u0142ych, kolorowanka spongebob, zagadki dla dzieci 6 lat, prezenty na roczek, zabawy dla 6 latk\u00f3w, janusz korczak cytaty, wz\u00f3r dyplomu do pobrania, kanapeczki na urodziny dziecka, atrakcje dla dzieci wroc\u0142aw, psi patrol kolorowanka, zosia samosia, kolorowanki do druku pieski<\/p>\n<p>yyyyy<\/p>\n<p>&nbsp;<\/p>\n","protected":false},"excerpt":{"rendered":"<p>Gotowy do spo\u017cycia doustny p\u0142yn nawadniaj\u0105cy do post\u0119powania dietetycznego w stanach odwodnienia organizmu. Biomed S.A. Orsalit drink o sm.trusk. 4x200ml IBSS Biomed ko\u0142ysanki tekst, zagadki podchwytliwe, pokemon kolorowanki do druku, nietypowe imiona \u017ce\u0144skie, kanapeczki na urodziny dziecka, kr\u00f3tkie zagadki dla doros\u0142ych, kolorowanka spongebob, zagadki dla dzieci 6 lat, prezenty na roczek, zabawy dla 6 latk\u00f3w, [&hellip;]<\/p>\n","protected":false},"featured_media":7497,"comment_status":"closed","ping_status":"open","template":"","meta":[],"product_cat":[501,212],"product_tag":[648,657,759,591,737],"class_list":["post-7496","product","type-product","status-publish","has-post-thumbnail","hentry","product_cat-ibss-biomed","product_cat-uklad-pokarmowy","product_tag-dobrej-nocy-i-sza","product_tag-lol-kolorowanka","product_tag-pomysly-na-prezent-dla-nastolatkow","product_tag-quiz-o-minecraft","product_tag-test-z-lektury-felix-net-i-nika-oraz-gang-niewidzialnych-ludzi"],"_links":{"self":[{"href":"http:\/\/klubmamgdynia.pl\/index.php\/wp-json\/wp\/v2\/product\/7496","targetHints":{"allow":["GET"]}}],"collection":[{"href":"http:\/\/klubmamgdynia.pl\/index.php\/wp-json\/wp\/v2\/product"}],"about":[{"href":"http:\/\/klubmamgdynia.pl\/index.php\/wp-json\/wp\/v2\/types\/product"}],"replies":[{"embeddable":true,"href":"http:\/\/klubmamgdynia.pl\/index.php\/wp-json\/wp\/v2\/comments?post=7496"}],"wp:featuredmedia":[{"embeddable":true,"href":"http:\/\/klubmamgdynia.pl\/index.php\/wp-json\/wp\/v2\/media\/7497"}],"wp:attachment":[{"href":"http:\/\/klubmamgdynia.pl\/index.php\/wp-json\/wp\/v2\/media?parent=7496"}],"wp:term":[{"taxonomy":"product_cat","embeddable":true,"href":"http:\/\/klubmamgdynia.pl\/index.php\/wp-json\/wp\/v2\/product_cat?post=7496"},{"taxonomy":"product_tag","embeddable":true,"href":"http:\/\/klubmamgdynia.pl\/index.php\/wp-json\/wp\/v2\/product_tag?post=7496"}],"curies":[{"name":"wp","href":"https:\/\/api.w.org\/{rel}","templated":true}]}}