{"id":7498,"date":"2018-05-19T21:10:21","date_gmt":"2018-05-19T19:10:21","guid":{"rendered":"http:\/\/klubmamgdynia.pl\/index.php\/produkt\/phytopharm-bioaron-junior-30kaps\/"},"modified":"2026-04-30T13:03:54","modified_gmt":"2026-04-30T11:03:54","slug":"phytopharm-bioaron-junior-30kaps","status":"publish","type":"product","link":"http:\/\/klubmamgdynia.pl\/index.php\/produkt\/phytopharm-bioaron-junior-30kaps\/","title":{"rendered":"Phytopharm Bioaron Junior 30kaps"},"content":{"rendered":"<p>Bioaron Junior<\/p>\n<p>Suplement diety Bioaron Junior zawieraj\u0105cy olej z ryb (\u017ar\u00f3d\u0142o kwasu dokozaheksaenowego i eikozapentaenowego) i witamin\u0119 D. Kwas dokozaheksaenowy (DHA) przyczynia si\u0119 do utrzymania prawid\u0142owego funkcjonowania m\u00f3zgu i utrzymania prawid\u0142owego widzenia. Kwas eikozapentaenowy (EPA) i kwas dokozaheksaenowy (DHA) przyczyniaj\u0105 si\u0119 do prawid\u0142owego funkcjonowania serca. Witamina D pomaga w utrzymaniu zdrowych ko\u015bci, w prawid\u0142owym funkcjonowaniu uk\u0142adu odporno\u015bciowego, pomaga w prawid\u0142owym wch\u0142anianiu\/wykorzystywaniu wapnia i fosfor oraz w utrzymaniu prawid\u0142owego poziomu wapnia we krwi.Zastosowanie: uzupe\u0142nienie diety w sk\u0142adniki zawarte w produkcie.Zalecane spo\u017cycie:\u00a0dzieci powy\u017cej 4 roku \u017cycia i doro\u015bli 1 kapsu\u0142ka do \u017cucia dziennie.Sk\u0142adniki: olej\u00a0rybi\u00a0(\u017ar\u00f3d\u0142o DHA &#8211; kwasu dokozaheksaenowego i EPA) &#8211; kwasu eikozapentaenowego), \u017celatyna, substancje wi\u0105\u017c\u0105ce: glicerol, maltitol, substancja s\u0142odz\u0105ca: erytrytol, aromaty, stabilizator &#8211; s\u00f3l sodowa karboksymetylocelulozy, regulator kwasowo\u015bci: kwas cytrynowy, witamina D (cholekalcyferol), substancja s\u0142odz\u0105ca: sukraloza, przeciwutleniacz: alfa-tokoferol.1 kapsu\u0142ka zawiera: witamina D 25mcg (1000j.m.) (500%*), olej rybi 868mg, w tym DHA 250mg, EPA 82mg.*RWS &#8211; Referencyjna Warto\u015b\u0107 Spo\u017cycia.Przeciwwskazania: nadwra\u017cliwo\u015b\u0107 na kt\u00f3rykolwiek sk\u0142adnik produktu. Spo\u017cycie w nadmiernych ilo\u015bciach mo\u017ce mie\u0107 efekt przeczyszczaj\u0105cy.Wa\u017cne wskaz\u00f3wki:Nie nalezy przekracza\u0107 zalecanej porcji do spo\u017cycia w ci\u0105gu dnia.Preparat nie moze by\u0107 stosowany jako substytut zr\u00f3\u017cnicowanej diety.Zr\u00f3wnowa\u017cona dieta oraz zdrowy tryb \u017cycia to podstawa prawid\u0142owego funkcjonowania organizmu.Przechowywa\u0107 w temperaturze 15-25 stopni Celsjusza, w oryginalnym kartoniku, w spos\u00f3b niedostepny dla ma\u0142ych dzieci.Chroni\u0107 przed \u015bwiat\u0142em.Produkt zawiera substancje s\u0142odz\u0105ce.<\/p>\n<h2>Phytopharm Bioaron Junior 30kaps Phytopharm<\/h2>\n<p>kolorowanki konie do druku, prezent dla 17 latka, zagadki dla 7 latk\u00f3w, bal halloween dla dzieci 2021, prezenty dla nastolatki, prezent na \u015bwi\u0119ta dla nastolatka, warszawa dla dzieci, zagadka, znaczenie imienia alan, cukierku ty \u0142obuzie test, test z asiuni lektury, kwiaty polne nazwy i zdj\u0119cia, pieski, prezent dla nastolatki, zagatki matematyczne, gdzie strumyk p\u0142ynie z wolna, aurora imi\u0119<\/p>\n<p>yyyyy<\/p>\n<p>&nbsp;<\/p>\n","protected":false},"excerpt":{"rendered":"<p>Bioaron Junior Suplement diety Bioaron Junior zawieraj\u0105cy olej z ryb (\u017ar\u00f3d\u0142o kwasu dokozaheksaenowego i eikozapentaenowego) i witamin\u0119 D. Kwas dokozaheksaenowy (DHA) przyczynia si\u0119 do utrzymania prawid\u0142owego funkcjonowania m\u00f3zgu i utrzymania prawid\u0142owego widzenia. Kwas eikozapentaenowy (EPA) i kwas dokozaheksaenowy (DHA) przyczyniaj\u0105 si\u0119 do prawid\u0142owego funkcjonowania serca. Witamina D pomaga w utrzymaniu zdrowych ko\u015bci, w prawid\u0142owym funkcjonowaniu [&hellip;]<\/p>\n","protected":false},"featured_media":7499,"comment_status":"closed","ping_status":"open","template":"","meta":[],"product_cat":[187,1610],"product_tag":[851,617,590,641],"class_list":["post-7498","product","type-product","status-publish","has-post-thumbnail","hentry","product_cat-mineraly-i-witaminy","product_cat-phytopharm","product_tag-jak-narysowac-kota","product_tag-keyword","product_tag-plac-zabaw-warszawa","product_tag-trudne-zagadki-logiczne"],"_links":{"self":[{"href":"http:\/\/klubmamgdynia.pl\/index.php\/wp-json\/wp\/v2\/product\/7498","targetHints":{"allow":["GET"]}}],"collection":[{"href":"http:\/\/klubmamgdynia.pl\/index.php\/wp-json\/wp\/v2\/product"}],"about":[{"href":"http:\/\/klubmamgdynia.pl\/index.php\/wp-json\/wp\/v2\/types\/product"}],"replies":[{"embeddable":true,"href":"http:\/\/klubmamgdynia.pl\/index.php\/wp-json\/wp\/v2\/comments?post=7498"}],"wp:featuredmedia":[{"embeddable":true,"href":"http:\/\/klubmamgdynia.pl\/index.php\/wp-json\/wp\/v2\/media\/7499"}],"wp:attachment":[{"href":"http:\/\/klubmamgdynia.pl\/index.php\/wp-json\/wp\/v2\/media?parent=7498"}],"wp:term":[{"taxonomy":"product_cat","embeddable":true,"href":"http:\/\/klubmamgdynia.pl\/index.php\/wp-json\/wp\/v2\/product_cat?post=7498"},{"taxonomy":"product_tag","embeddable":true,"href":"http:\/\/klubmamgdynia.pl\/index.php\/wp-json\/wp\/v2\/product_tag?post=7498"}],"curies":[{"name":"wp","href":"https:\/\/api.w.org\/{rel}","templated":true}]}}