{"id":7500,"date":"2021-03-27T12:07:57","date_gmt":"2021-03-27T11:07:57","guid":{"rendered":"http:\/\/klubmamgdynia.pl\/index.php\/produkt\/tullo-miekka-kostka-sensoryczna\/"},"modified":"2026-04-28T04:34:32","modified_gmt":"2026-04-28T02:34:32","slug":"tullo-miekka-kostka-sensoryczna","status":"publish","type":"product","link":"http:\/\/klubmamgdynia.pl\/index.php\/produkt\/tullo-miekka-kostka-sensoryczna\/","title":{"rendered":"Tullo Mi\u0119kka Kostka Sensoryczna"},"content":{"rendered":"<p>Mi\u0119kka Kostka Sensoryczna TulloMi\u0119kka kostka sensoryczna przeznaczona do \u0107wicze\u0144 integracji sensorycznej oraz zabawy. Ka\u017cda \u015bciana posiada inn\u0105 faktur\u0119, dzi\u0119ki czemu dostarcza r\u00f3\u017cnych wra\u017ce\u0144 czuciowych. Po naci\u015bni\u0119ciu wydaje delikatny d\u017awi\u0119k, co powoduje stymulacj\u0119 zmys\u0142u s\u0142uchu.Co potrafi\u0105 zabawki Tullo:dostarczaj\u0105 wra\u017ce\u0144 dotykowych przez zastosowanie r\u00f3\u017cnych struktur materia\u0142u, co usprawnia precyzyjne ruchy d\u0142oni i palc\u00f3wpobudzaj\u0105 receptory czuciowepoprawiaj\u0105 umiej\u0119tno\u015b\u0107 chwytupobudzaj\u0105 zmys\u0142 s\u0142uchuZabawki Tullo s\u0105 bezpieczne:wykonane s\u0105 ca\u0142kowicie w Polsce z najwy\u017cszej jako\u015b\u0107 atestowanych surowc\u00f3wnie zawieraj\u0105 ftalan\u00f3w, BPA, metali ci\u0119\u017ckichPi\u0142eczka wyprodukowana w Polsce z wysokiej jako\u015bci materia\u0142\u00f3w.Rozmiar kostki : 8,5cm<\/p>\n<h2>Tullo Mi\u0119kka Kostka Sensoryczna Tullo<\/h2>\n<p>kalina imi\u0119, kolorowanki konie, peppa do czytania, bursztynek, nastolatka, madre zyczenia bozonarodzeniowe, zagadki podchwytliwe, bajki dla dzieci na dobranoc<\/p>\n<p>yyyyy<\/p>\n<p>&nbsp;<\/p>\n","protected":false},"excerpt":{"rendered":"<p>Mi\u0119kka Kostka Sensoryczna TulloMi\u0119kka kostka sensoryczna przeznaczona do \u0107wicze\u0144 integracji sensorycznej oraz zabawy. Ka\u017cda \u015bciana posiada inn\u0105 faktur\u0119, dzi\u0119ki czemu dostarcza r\u00f3\u017cnych wra\u017ce\u0144 czuciowych. Po naci\u015bni\u0119ciu wydaje delikatny d\u017awi\u0119k, co powoduje stymulacj\u0119 zmys\u0142u s\u0142uchu.Co potrafi\u0105 zabawki Tullo:dostarczaj\u0105 wra\u017ce\u0144 dotykowych przez zastosowanie r\u00f3\u017cnych struktur materia\u0142u, co usprawnia precyzyjne ruchy d\u0142oni i palc\u00f3wpobudzaj\u0105 receptory czuciowepoprawiaj\u0105 umiej\u0119tno\u015b\u0107 chwytupobudzaj\u0105 [&hellip;]<\/p>\n","protected":false},"featured_media":7501,"comment_status":"closed","ping_status":"open","template":"","meta":[],"product_cat":[963,333],"product_tag":[655,718,641,659],"class_list":["post-7500","product","type-product","status-publish","has-post-thumbnail","hentry","product_cat-pozostale-zabawki-dla-niemowlat","product_cat-tullo","product_tag-najlepsze-zagadki","product_tag-prezent-na-roczek-dla-chrzesniaka","product_tag-trudne-zagadki-logiczne","product_tag-tupu-tup-po-sniegu-tekst"],"_links":{"self":[{"href":"http:\/\/klubmamgdynia.pl\/index.php\/wp-json\/wp\/v2\/product\/7500","targetHints":{"allow":["GET"]}}],"collection":[{"href":"http:\/\/klubmamgdynia.pl\/index.php\/wp-json\/wp\/v2\/product"}],"about":[{"href":"http:\/\/klubmamgdynia.pl\/index.php\/wp-json\/wp\/v2\/types\/product"}],"replies":[{"embeddable":true,"href":"http:\/\/klubmamgdynia.pl\/index.php\/wp-json\/wp\/v2\/comments?post=7500"}],"wp:featuredmedia":[{"embeddable":true,"href":"http:\/\/klubmamgdynia.pl\/index.php\/wp-json\/wp\/v2\/media\/7501"}],"wp:attachment":[{"href":"http:\/\/klubmamgdynia.pl\/index.php\/wp-json\/wp\/v2\/media?parent=7500"}],"wp:term":[{"taxonomy":"product_cat","embeddable":true,"href":"http:\/\/klubmamgdynia.pl\/index.php\/wp-json\/wp\/v2\/product_cat?post=7500"},{"taxonomy":"product_tag","embeddable":true,"href":"http:\/\/klubmamgdynia.pl\/index.php\/wp-json\/wp\/v2\/product_tag?post=7500"}],"curies":[{"name":"wp","href":"https:\/\/api.w.org\/{rel}","templated":true}]}}