{"id":7502,"date":"2015-02-16T15:53:40","date_gmt":"2015-02-16T14:53:40","guid":{"rendered":"http:\/\/klubmamgdynia.pl\/index.php\/produkt\/hi-little-one-przytulanka-muslinowa-z-gryzakiem-spiacy-kroliczek-musztardowy\/"},"modified":"2026-05-17T22:03:35","modified_gmt":"2026-05-17T20:03:35","slug":"hi-little-one-przytulanka-muslinowa-z-gryzakiem-spiacy-kroliczek-musztardowy","status":"publish","type":"product","link":"http:\/\/klubmamgdynia.pl\/index.php\/produkt\/hi-little-one-przytulanka-muslinowa-z-gryzakiem-spiacy-kroliczek-musztardowy\/","title":{"rendered":"Hi Little One Przytulanka Mu\u015blinowa Z Gryzakiem \u015api\u0105cy Kr\u00f3liczek Musztardowy"},"content":{"rendered":"<p>Mi\u0119ciutka mu\u015blinowa przytulanka pieluszkowa z drewnianym gryzaczkiem pod postaci\u0105 s\u0142odkiego \u015api\u0105cego Kr\u00f3liczka z haftowanymi oczkami i noskiem.Kr\u00f3liczek pocieszy, ukoi i pomo\u017ce zasn\u0105\u0107.Polecany dla niemowl\u0105t w okresie z\u0105bkowania.Naturalny wyb\u00f3r dla ECO MAMY na Babyshower lub wyprawk\u0119.Wymiary roz\u0142o\u017conej przytulanki: 30 x 30 cmDzi\u0119ki mu\u015blinowej przytulance, gryzak dobrze si\u0119 chwyta.Gryzak wykonany zosta\u0142 z 100% organicznego drewna bukowego, natomiast mu\u015blinowa przytulanka pieluszkowa ze 100 % wysokojako\u015bciowej bawe\u0142ny mu\u015blinowej z certyfikatem OEKO-TEX 100. Drewno bukowe jako produkt pochodz\u0105cy z natury jest jednym z najbardziej ekologicznych i bezpiecznych materia\u0142\u00f3w do gryzienia polecanym dla niemowl\u0105t.Ze wzgl\u0119du na brak cukr\u00f3w prostych w kom\u00f3rkach drewna bukowego, kt\u00f3re mog\u0105 powodowa\u0107 rozw\u00f3j pr\u00f3chnicy u niemowl\u0105t, jest ono najlepszym materia\u0142em na gryzaki.OEKO-TEX\u00ae jest niezale\u017cnym systemem testowania i certyfikacji surowc\u00f3w, p\u00f3\u0142produkt\u00f3w i gotowych wyrob\u00f3w tekstylnych na wszystkich poziomach przetwarzania oraz co nie jest bez znaczenia dla bezpiecze\u0144stwa u\u017cytkowania, tak\u017ce wykorzystanych materia\u0142\u00f3w pomocniczych.Kr\u00f3liczek zapakowany jest w ekologiczne tekturowe pude\u0142ko z okienkiem.MATERIA\u0141100% organiczne drewno bukowe100 % wysokojako\u015bciowa bawe\u0142na mu\u015blinowa OEKO-TEX 100PIEL\u0118GNACJA Drewniany gryzak najlepiej sterylizowa\u0107 urz\u0105dzeniem parowym.Pieluszk\u0119 mo\u017cna pra\u0107 w pralce w temp. 40 oCUWAGAProdukt nie jest zabawk\u0105 i powinien by\u0107 u\u017cywany pod nadzorem osoby doros\u0142ej.Produkt nie mo\u017ce by\u0107 stosowany podczas snu dziecka &#8211; nale\u017cy go usun\u0105\u0107 z poza zasi\u0119gu dzieckaAkcesoria niemowl\u0119ce polskiej marki Hi Little One nawi\u0105zuj\u0105 do natury i retro, sielskiego designu polskiego.<\/p>\n<h2>Hi Little One Przytulanka Mu\u015blinowa Z Gryzakiem \u015api\u0105cy Kr\u00f3liczek Musztardowy Hi Little One<\/h2>\n<p>najrzadsze imiona dla dziewczynek, zabawki dla rocznej dziewczynki, ju\u017c blisko kol\u0119da tekst, lol surprise kolorowanka, nietypowe imiona \u017ce\u0144skie, kolorowanki jesie\u0144 do druku, upominek dla nastolatk\u00f3w, zadania dla dzieci z ukrainy, psi patrol kolorowanka do druku, prezent dla nastoletniego ch\u0142opca, \u015bwinka peppa dom, m\u0105dre cytaty dla dzieci, nadia imi\u0119<\/p>\n<p>yyyyy<\/p>\n<p>&nbsp;<\/p>\n","protected":false},"excerpt":{"rendered":"<p>Mi\u0119ciutka mu\u015blinowa przytulanka pieluszkowa z drewnianym gryzaczkiem pod postaci\u0105 s\u0142odkiego \u015api\u0105cego Kr\u00f3liczka z haftowanymi oczkami i noskiem.Kr\u00f3liczek pocieszy, ukoi i pomo\u017ce zasn\u0105\u0107.Polecany dla niemowl\u0105t w okresie z\u0105bkowania.Naturalny wyb\u00f3r dla ECO MAMY na Babyshower lub wyprawk\u0119.Wymiary roz\u0142o\u017conej przytulanki: 30 x 30 cmDzi\u0119ki mu\u015blinowej przytulance, gryzak dobrze si\u0119 chwyta.Gryzak wykonany zosta\u0142 z 100% organicznego drewna bukowego, natomiast [&hellip;]<\/p>\n","protected":false},"featured_media":7503,"comment_status":"closed","ping_status":"open","template":"","meta":[],"product_cat":[28,26],"product_tag":[603,728,851,868],"class_list":["post-7502","product","type-product","status-publish","has-post-thumbnail","hentry","product_cat-hi-little-one","product_cat-zabawki-do-wozka-lozeczka-i-fotelika","product_tag-bajki-do-czytania","product_tag-bezwarunkowa-milosc-do-dziecka-cytaty","product_tag-jak-narysowac-kota","product_tag-quizy-dla-dzieci"],"_links":{"self":[{"href":"http:\/\/klubmamgdynia.pl\/index.php\/wp-json\/wp\/v2\/product\/7502","targetHints":{"allow":["GET"]}}],"collection":[{"href":"http:\/\/klubmamgdynia.pl\/index.php\/wp-json\/wp\/v2\/product"}],"about":[{"href":"http:\/\/klubmamgdynia.pl\/index.php\/wp-json\/wp\/v2\/types\/product"}],"replies":[{"embeddable":true,"href":"http:\/\/klubmamgdynia.pl\/index.php\/wp-json\/wp\/v2\/comments?post=7502"}],"wp:featuredmedia":[{"embeddable":true,"href":"http:\/\/klubmamgdynia.pl\/index.php\/wp-json\/wp\/v2\/media\/7503"}],"wp:attachment":[{"href":"http:\/\/klubmamgdynia.pl\/index.php\/wp-json\/wp\/v2\/media?parent=7502"}],"wp:term":[{"taxonomy":"product_cat","embeddable":true,"href":"http:\/\/klubmamgdynia.pl\/index.php\/wp-json\/wp\/v2\/product_cat?post=7502"},{"taxonomy":"product_tag","embeddable":true,"href":"http:\/\/klubmamgdynia.pl\/index.php\/wp-json\/wp\/v2\/product_tag?post=7502"}],"curies":[{"name":"wp","href":"https:\/\/api.w.org\/{rel}","templated":true}]}}