{"id":7506,"date":"2013-01-21T17:15:20","date_gmt":"2013-01-21T16:15:20","guid":{"rendered":"http:\/\/klubmamgdynia.pl\/index.php\/produkt\/ascolip-liposomalna-witamina-c-5gx30sasz\/"},"modified":"2026-04-23T16:02:13","modified_gmt":"2026-04-23T14:02:13","slug":"ascolip-liposomalna-witamina-c-5gx30sasz","status":"publish","type":"product","link":"http:\/\/klubmamgdynia.pl\/index.php\/produkt\/ascolip-liposomalna-witamina-c-5gx30sasz\/","title":{"rendered":"Ascolip Liposomalna witamina C 5gx30sasz"},"content":{"rendered":"<p>Ascolip Liposomalna witamina C 30 sasz<\/p>\n<p>ASCOLIP to wysokowydajna, liposomalna witamina C w opatentowanej technologii LIPOSHELL\u00ae, charakteryzuje si\u0119 wysok\u0105 zawarto\u015bci\u0105 witaminy C w liposomie. Zastosowanie technologii LIPOSHELL\u00ae pozwala na osi\u0105gni\u0119cie bardzo wysokiej wydajno\u015bci w transporcie witaminy C do organizmu. Liposomy LIPOSHELL\u00ae to male\u0144kie no\u015bniki o \u015brednicy z zakresu 50\u2013200 nanometr\u00f3w. Wykazuj\u0105 one podobie\u0144stwo do b\u0142on kom\u00f3rkowych w organizmie ludzkim, dzi\u0119ki czemu s\u0105 nietoksyczne i biozgodne.Wysokiej jako\u015bci liposomy LIPOSHELL\u00ae umo\u017cliwiaj\u0105 d\u0142ugotrwa\u0142e, stabilne zamkni\u0119cie witaminy C w ich wn\u0119trzu oraz efektywne przenikanie liposom\u00f3w wraz z witamin\u0105 C do miejsca docelowego \u2013 wn\u0119trza kom\u00f3rek.                            <\/p>\n<p>            Wskazania:<\/p>\n<p>Ascolip Liposomalna Witamina C 1000 mg jest suplementem diety, kt\u00f3ry pomaga dostarczy\u0107 naszemu organizmowi tak wa\u017cn\u0105 dla naszego zdrowia witamin\u0119 C. Mo\u017ce by\u0107 stosowany zar\u00f3wno przez osoby doros\u0142e jak i dzieci.                            <\/p>\n<p>            Sk\u0142ad<\/p>\n<p>Substancja wype\u0142niaj\u0105ca (glicerol), woda, L-askorbinian sodu, no\u015bnik (fosfolipidy z lecytyny sojowej i rzepakowej), aromat naturalny, stabilizator (pektyna), regulator kwasowo\u015bci (kwas cytrynowy).Zawarto\u015b\u0107 witaminy C (L-askorbinianu sodu) w jednej saszetce (zalecana dzienna porcja): 1000mg (1250% zalecanej dziennej porcji).                            <\/p>\n<p>            Stosowanie:<\/p>\n<p>Zaleca si\u0119 przyjmowanie zawarto\u015bci 1 saszetki 1 raz dziennie.Zawarto\u015b\u0107 saszetki nale\u017cy spo\u017cy\u0107 bezpo\u015brednio lub rozpu\u015bci\u0107 w niewielkiej ilo\u015bci wody niegazowanej.Nie nale\u017cy przekracza\u0107 zalecanej dziennej porcji do spo\u017cycia w ci\u0105gu dnia.W przypadku bardzo ma\u0142ych dzieci zalecana\u00a0 jest konsultacja z prowadz\u0105cym lekarzem pediatr\u0105.<\/p>\n<h2>Ascolip Liposomalna witamina C 5gx30sasz Genexo<\/h2>\n<p>dynie pozna\u0144, kolorowanki konie, hobbit, dobrej nocy, kolorowanka ksi\u0119\u017cniczka, w uk\u0142adzie s\u0142onecznym, star wars kolorowanka, laura<\/p>\n<p>yyyyy<\/p>\n<p>&nbsp;<\/p>\n","protected":false},"excerpt":{"rendered":"<p>Ascolip Liposomalna witamina C 30 sasz ASCOLIP to wysokowydajna, liposomalna witamina C w opatentowanej technologii LIPOSHELL\u00ae, charakteryzuje si\u0119 wysok\u0105 zawarto\u015bci\u0105 witaminy C w liposomie. Zastosowanie technologii LIPOSHELL\u00ae pozwala na osi\u0105gni\u0119cie bardzo wysokiej wydajno\u015bci w transporcie witaminy C do organizmu. Liposomy LIPOSHELL\u00ae to male\u0144kie no\u015bniki o \u015brednicy z zakresu 50\u2013200 nanometr\u00f3w. Wykazuj\u0105 one podobie\u0144stwo do b\u0142on [&hellip;]<\/p>\n","protected":false},"featured_media":7507,"comment_status":"closed","ping_status":"open","template":"","meta":[],"product_cat":[1611,187],"product_tag":[763,790,665],"class_list":["post-7506","product","type-product","status-publish","has-post-thumbnail","hentry","product_cat-genexo","product_cat-mineraly-i-witaminy","product_tag-fabian","product_tag-gry-planszowe-dla-nastolatkow","product_tag-proste-zagadki"],"_links":{"self":[{"href":"http:\/\/klubmamgdynia.pl\/index.php\/wp-json\/wp\/v2\/product\/7506","targetHints":{"allow":["GET"]}}],"collection":[{"href":"http:\/\/klubmamgdynia.pl\/index.php\/wp-json\/wp\/v2\/product"}],"about":[{"href":"http:\/\/klubmamgdynia.pl\/index.php\/wp-json\/wp\/v2\/types\/product"}],"replies":[{"embeddable":true,"href":"http:\/\/klubmamgdynia.pl\/index.php\/wp-json\/wp\/v2\/comments?post=7506"}],"wp:featuredmedia":[{"embeddable":true,"href":"http:\/\/klubmamgdynia.pl\/index.php\/wp-json\/wp\/v2\/media\/7507"}],"wp:attachment":[{"href":"http:\/\/klubmamgdynia.pl\/index.php\/wp-json\/wp\/v2\/media?parent=7506"}],"wp:term":[{"taxonomy":"product_cat","embeddable":true,"href":"http:\/\/klubmamgdynia.pl\/index.php\/wp-json\/wp\/v2\/product_cat?post=7506"},{"taxonomy":"product_tag","embeddable":true,"href":"http:\/\/klubmamgdynia.pl\/index.php\/wp-json\/wp\/v2\/product_tag?post=7506"}],"curies":[{"name":"wp","href":"https:\/\/api.w.org\/{rel}","templated":true}]}}