{"id":7508,"date":"2018-02-20T16:41:49","date_gmt":"2018-02-20T15:41:49","guid":{"rendered":"http:\/\/klubmamgdynia.pl\/index.php\/produkt\/carrera-tor-wyscigowy-dtm-master-class\/"},"modified":"2026-05-17T22:04:59","modified_gmt":"2026-05-17T20:04:59","slug":"carrera-tor-wyscigowy-dtm-master-class","status":"publish","type":"product","link":"http:\/\/klubmamgdynia.pl\/index.php\/produkt\/carrera-tor-wyscigowy-dtm-master-class\/","title":{"rendered":"Carrera Tor wy\u015bcigowy DTM Master Class"},"content":{"rendered":"<p>Tor wy\u015bcigowy DTM Master ClassCzas wcisn\u0105\u0107 peda\u0142 gazu!Zestaw Tor wy\u015bcigowy DTM Master Class o d\u0142ugo\u015bci 8,9 m o wymiarach 220 cm x 98 cm zawiera w zestawie dwa pojazdy: Audi RS 5 DTM &#8222;M.Ekstr\u00f6m, No.5&#8221;, Audi RS 5 &#8222;R.Rast, No.33. W tej walce profesjonalist\u00f3w nie b\u0119dzie kompromis\u00f3w. Zestaw testuje ograniczenia kierowc\u00f3w w ka\u017cdym wieku. Dwie p\u0119tle, stromy zakr\u0119t i przelot to \u015bwietna zabawa!<\/p>\n<h2>Carrera Tor wy\u015bcigowy DTM Master Class Carrera<\/h2>\n<p>kanapki dla dzieci, esmeralda, zagadki \u015bmieszne, ksi\u0105\u017cka dla dzieci online, flagi europy quiz, quizy miko\u0142ajek, prezent na roczek dla chrze\u015bniaka, wydarzenia warszawa dzisiaj, motto dla nauczyciela, jesienne piosenki dla dzieci, kolorowanka kotka, ale kino program, zabawy z 7 latkiem, ciasteczka na halloween dla dzieci, cytaty dziecko, prezent dla 1 latka, zagadki matematyczne dla dzieci, opisy do zdj\u0119\u0107 z dzieckiem<\/p>\n<p>yyyyy<\/p>\n<p>&nbsp;<\/p>\n","protected":false},"excerpt":{"rendered":"<p>Tor wy\u015bcigowy DTM Master ClassCzas wcisn\u0105\u0107 peda\u0142 gazu!Zestaw Tor wy\u015bcigowy DTM Master Class o d\u0142ugo\u015bci 8,9 m o wymiarach 220 cm x 98 cm zawiera w zestawie dwa pojazdy: Audi RS 5 DTM &#8222;M.Ekstr\u00f6m, No.5&#8221;, Audi RS 5 &#8222;R.Rast, No.33. W tej walce profesjonalist\u00f3w nie b\u0119dzie kompromis\u00f3w. Zestaw testuje ograniczenia kierowc\u00f3w w ka\u017cdym wieku. Dwie [&hellip;]<\/p>\n","protected":false},"featured_media":7509,"comment_status":"closed","ping_status":"open","template":"","meta":[],"product_cat":[140,141],"product_tag":[702,821,613,647],"class_list":["post-7508","product","type-product","status-publish","has-post-thumbnail","hentry","product_cat-carrera","product_cat-parkingi-garaze-i-tory-wyscigowe","product_tag-co-kupic-na-roczek-dla-dziewczynki","product_tag-marianna","product_tag-na-wyspach-bergamutach","product_tag-warszawa-z-dzieckiem"],"_links":{"self":[{"href":"http:\/\/klubmamgdynia.pl\/index.php\/wp-json\/wp\/v2\/product\/7508","targetHints":{"allow":["GET"]}}],"collection":[{"href":"http:\/\/klubmamgdynia.pl\/index.php\/wp-json\/wp\/v2\/product"}],"about":[{"href":"http:\/\/klubmamgdynia.pl\/index.php\/wp-json\/wp\/v2\/types\/product"}],"replies":[{"embeddable":true,"href":"http:\/\/klubmamgdynia.pl\/index.php\/wp-json\/wp\/v2\/comments?post=7508"}],"wp:featuredmedia":[{"embeddable":true,"href":"http:\/\/klubmamgdynia.pl\/index.php\/wp-json\/wp\/v2\/media\/7509"}],"wp:attachment":[{"href":"http:\/\/klubmamgdynia.pl\/index.php\/wp-json\/wp\/v2\/media?parent=7508"}],"wp:term":[{"taxonomy":"product_cat","embeddable":true,"href":"http:\/\/klubmamgdynia.pl\/index.php\/wp-json\/wp\/v2\/product_cat?post=7508"},{"taxonomy":"product_tag","embeddable":true,"href":"http:\/\/klubmamgdynia.pl\/index.php\/wp-json\/wp\/v2\/product_tag?post=7508"}],"curies":[{"name":"wp","href":"https:\/\/api.w.org\/{rel}","templated":true}]}}