{"id":7510,"date":"2025-03-14T10:30:41","date_gmt":"2025-03-14T09:30:41","guid":{"rendered":"http:\/\/klubmamgdynia.pl\/?post_type=product&#038;p=7510"},"modified":"2026-05-17T22:17:47","modified_gmt":"2026-05-17T20:17:47","slug":"komplet-koldra-poduszka-posciel-100x135-masza","status":"publish","type":"product","link":"http:\/\/klubmamgdynia.pl\/index.php\/produkt\/komplet-koldra-poduszka-posciel-100x135-masza\/","title":{"rendered":"Komplet ko\u0142dra poduszka po\u015bciel 100&#215;135 Masza"},"content":{"rendered":"<p>OpisKOMPLET PO\u015aCIELI DZIECI\u0118CEJKo\u0142dra 100x135Poduszka 40x60Tkanina 100% microfibraWype\u0142nienie 100% poliester silikonowany Holow posiada w\u0142a\u015bciwo\u015bci takie jak* jest bardzo lekki* jest puszysty* doskonale utrzymuje ciep\u0142o r\u00f3wnomiernie na ca\u0142ej powierzchni* jest odporny na zgniecenie i niezwykle wytzryma\u0142yMo\u017cna pra\u0107 w pralce i suszy\u0107 mechanicznie.Posiada w\u0142a\u015bciwo\u015bci antyalergiczne.PO\u015aCIEL MASZAPo\u015bciel na zamek b\u0142yskawiczny, przeznaczona dla niemowl\u0105t oraz ma\u0142ych dzieci. Bardzo trwa\u0142e i nasycone barwy, kt\u00f3re utrzymuj\u0105 si\u0119 nawet po wielu praniach.Wyprodukowana zosta\u0142a z najwy\u017cszej jako\u015bci antyalergicznej i niepodra\u017cniaj\u0105cej sk\u00f3ry bawe\u0142ny.Produkty dla dzieci posiadaj\u0105 Certyfikat Oeko-Tex Standard 100 &#8221; Teksytlia Godne Zaufania&#8221; i powstaj\u0105 w zachowaniu bezpiecze\u0144stwa i najwy\u017cszej jako\u015bci bawe\u0142ny 100 %.Produkt nale\u017cy wypra\u0107 przed pierwszym u\u017cyciem.Komplet po\u015bcieli z dzieci\u0119cym nadrukiem.Wysoka jako\u015b\u0107 wykonania i oryginalny wz\u00f3r.Wymiary: ko\u0142dra 100&#215;135 cm.Wymiary: poduszka 40&#215;60 cm.Sk\u0142ad materia\u0142u: 100% bawe\u0142na.<\/p>\n<h2>Komplet ko\u0142dra poduszka po\u015bciel 100&#215;135 Masza Faro<\/h2>\n<p>halloween warszawa 2021 dzieci, wzory dyplom\u00f3w dyplomy do druku, bajki do czytania dla ch\u0142opc\u00f3w, jan pawe\u0142 2 rysunek \u0142atwy dla dzieci, najlepsze zagadki, zabawy miko\u0142ajkowe dla dzieci, wydarzenia dla dzieci warszawa, tekst ko\u0142ysanki, zabawy dla 5 latka, prezenty dla nastolatek, ubieranki do druku, test detektyw pozytywka, wr\u00f3zby andrzejkowe dla dzieci, prezent na 1 urodziny, bajki dla noworodka, zagadki dla dzieci 6 lat, test z lektury asiunia joanna papuzi\u0144ska, zagadki dla dzieci logiczne, koty rysunki, prezent dla ch\u0142opca na roczek<\/p>\n<p>yyyyy<\/p>\n<p>&nbsp;<\/p>\n","protected":false},"excerpt":{"rendered":"<p>OpisKOMPLET PO\u015aCIELI DZIECI\u0118CEJKo\u0142dra 100x135Poduszka 40x60Tkanina 100% microfibraWype\u0142nienie 100% poliester silikonowany Holow posiada w\u0142a\u015bciwo\u015bci takie jak* jest bardzo lekki* jest puszysty* doskonale utrzymuje ciep\u0142o r\u00f3wnomiernie na ca\u0142ej powierzchni* jest odporny na zgniecenie i niezwykle wytzryma\u0142yMo\u017cna pra\u0107 w pralce i suszy\u0107 mechanicznie.Posiada w\u0142a\u015bciwo\u015bci antyalergiczne.PO\u015aCIEL MASZAPo\u015bciel na zamek b\u0142yskawiczny, przeznaczona dla niemowl\u0105t oraz ma\u0142ych dzieci. Bardzo trwa\u0142e i [&hellip;]<\/p>\n","protected":false},"featured_media":7511,"comment_status":"closed","ping_status":"open","template":"","meta":[],"product_cat":[1612,994],"product_tag":[662,686,619,707,813,712],"class_list":["post-7510","product","type-product","status-publish","has-post-thumbnail","hentry","product_cat-faro","product_cat-komplety-poscieli-dla-dzieci","product_tag-bajki-na-dobranoc","product_tag-co-na-roczek-dla-chlopca","product_tag-iwo-imie","product_tag-karty-pracy-dla-dzieci-z-ukrainy","product_tag-krotkie-zagadki-matematyczne-z-odpowiedziami","product_tag-zagadki-o-zwierzetach"],"_links":{"self":[{"href":"http:\/\/klubmamgdynia.pl\/index.php\/wp-json\/wp\/v2\/product\/7510","targetHints":{"allow":["GET"]}}],"collection":[{"href":"http:\/\/klubmamgdynia.pl\/index.php\/wp-json\/wp\/v2\/product"}],"about":[{"href":"http:\/\/klubmamgdynia.pl\/index.php\/wp-json\/wp\/v2\/types\/product"}],"replies":[{"embeddable":true,"href":"http:\/\/klubmamgdynia.pl\/index.php\/wp-json\/wp\/v2\/comments?post=7510"}],"wp:featuredmedia":[{"embeddable":true,"href":"http:\/\/klubmamgdynia.pl\/index.php\/wp-json\/wp\/v2\/media\/7511"}],"wp:attachment":[{"href":"http:\/\/klubmamgdynia.pl\/index.php\/wp-json\/wp\/v2\/media?parent=7510"}],"wp:term":[{"taxonomy":"product_cat","embeddable":true,"href":"http:\/\/klubmamgdynia.pl\/index.php\/wp-json\/wp\/v2\/product_cat?post=7510"},{"taxonomy":"product_tag","embeddable":true,"href":"http:\/\/klubmamgdynia.pl\/index.php\/wp-json\/wp\/v2\/product_tag?post=7510"}],"curies":[{"name":"wp","href":"https:\/\/api.w.org\/{rel}","templated":true}]}}