{"id":7512,"date":"2013-10-02T14:54:03","date_gmt":"2013-10-02T12:54:03","guid":{"rendered":"http:\/\/klubmamgdynia.pl\/index.php\/produkt\/sluban-town-construction-koparka-m38-b0551\/"},"modified":"2026-05-17T22:23:32","modified_gmt":"2026-05-17T20:23:32","slug":"sluban-town-construction-koparka-m38-b0551","status":"publish","type":"product","link":"http:\/\/klubmamgdynia.pl\/index.php\/produkt\/sluban-town-construction-koparka-m38-b0551\/","title":{"rendered":"Sluban Town Construction Koparka (M38-B0551)"},"content":{"rendered":"<p>KLOCKI BUDOWLANE KOPARKA 614EL. SLUBAN Klocki Sluban zapewniaj\u0105 dziecku wielogodzinn\u0105 zabaw\u0119, pobudzaj\u0105c jednocze\u015bnie ich wyobra\u017ani\u0119 oraz zdolno\u015bci manualne, a tak\u017ce mog\u0105 sta\u0107 si\u0119 wspania\u0142\u0105 zabawk\u0105 i rozrywk\u0105 dla ca\u0142ej rodziny. Stan\u0105 si\u0119 pocz\u0105tkiem kreatywnej zabawy, kt\u00f3ra b\u0119dzie trwa\u0142a godzinami. B\u0119dzie to wspania\u0142a zabawka dla Twojego dziecka, kt\u00f3ra wprowadzi go w \u015bwiat budowania z klock\u00f3w i przyjemno\u015bci z zabawy.Ilo\u015b\u0107 element\u00f3w: 614Wiek: 6+Wymiary opakowania: 28,5cm x 42,5cm x 7cm<\/p>\n<h2>Sluban Town Construction Koparka (M38-B0551) Sluban<\/h2>\n<p>kolorowanka do druku lol, test z lektury asiunia, zagadki wielkanocne przedszkole, zagadki zimowe dla dzieci, test z lektury ania z zielonego wzg\u00f3rza klasa 6 z odpowiedziami, kolysanki tekst, kr\u00f3tkie zagadki dla dzieci, kwiecien plecien, wzruszaj\u0105ce teksty dla mamy, wiosenne zagadki dla dzieci, prezenty dla nastolatki, karaluchy pod poduchy a szczypawki, kolorowanka peppa, trudne zagadki wielkanocne, jak narysowa\u0107 oko, tabliczka mno\u017cenia do druku, testy z zemsty<\/p>\n<p>yyyyy<\/p>\n<p>&nbsp;<\/p>\n","protected":false},"excerpt":{"rendered":"<p>KLOCKI BUDOWLANE KOPARKA 614EL. SLUBAN Klocki Sluban zapewniaj\u0105 dziecku wielogodzinn\u0105 zabaw\u0119, pobudzaj\u0105c jednocze\u015bnie ich wyobra\u017ani\u0119 oraz zdolno\u015bci manualne, a tak\u017ce mog\u0105 sta\u0107 si\u0119 wspania\u0142\u0105 zabawk\u0105 i rozrywk\u0105 dla ca\u0142ej rodziny. Stan\u0105 si\u0119 pocz\u0105tkiem kreatywnej zabawy, kt\u00f3ra b\u0119dzie trwa\u0142a godzinami. B\u0119dzie to wspania\u0142a zabawka dla Twojego dziecka, kt\u00f3ra wprowadzi go w \u015bwiat budowania z klock\u00f3w i [&hellip;]<\/p>\n","protected":false},"featured_media":7513,"comment_status":"closed","ping_status":"open","template":"","meta":[],"product_cat":[113,513],"product_tag":[821,826,653],"class_list":["post-7512","product","type-product","status-publish","has-post-thumbnail","hentry","product_cat-klocki","product_cat-sluban","product_tag-marianna","product_tag-prezent-dla-15-latka","product_tag-warszawa-dla-dzieci"],"_links":{"self":[{"href":"http:\/\/klubmamgdynia.pl\/index.php\/wp-json\/wp\/v2\/product\/7512","targetHints":{"allow":["GET"]}}],"collection":[{"href":"http:\/\/klubmamgdynia.pl\/index.php\/wp-json\/wp\/v2\/product"}],"about":[{"href":"http:\/\/klubmamgdynia.pl\/index.php\/wp-json\/wp\/v2\/types\/product"}],"replies":[{"embeddable":true,"href":"http:\/\/klubmamgdynia.pl\/index.php\/wp-json\/wp\/v2\/comments?post=7512"}],"wp:featuredmedia":[{"embeddable":true,"href":"http:\/\/klubmamgdynia.pl\/index.php\/wp-json\/wp\/v2\/media\/7513"}],"wp:attachment":[{"href":"http:\/\/klubmamgdynia.pl\/index.php\/wp-json\/wp\/v2\/media?parent=7512"}],"wp:term":[{"taxonomy":"product_cat","embeddable":true,"href":"http:\/\/klubmamgdynia.pl\/index.php\/wp-json\/wp\/v2\/product_cat?post=7512"},{"taxonomy":"product_tag","embeddable":true,"href":"http:\/\/klubmamgdynia.pl\/index.php\/wp-json\/wp\/v2\/product_tag?post=7512"}],"curies":[{"name":"wp","href":"https:\/\/api.w.org\/{rel}","templated":true}]}}