{"id":7516,"date":"2014-03-18T16:02:08","date_gmt":"2014-03-18T15:02:08","guid":{"rendered":"http:\/\/klubmamgdynia.pl\/index.php\/produkt\/gardvit-olive-spray-do-gardla-15ml\/"},"modified":"2026-04-22T10:59:20","modified_gmt":"2026-04-22T08:59:20","slug":"gardvit-olive-spray-do-gardla-15ml","status":"publish","type":"product","link":"http:\/\/klubmamgdynia.pl\/index.php\/produkt\/gardvit-olive-spray-do-gardla-15ml\/","title":{"rendered":"GardVit Olive spray do gard\u0142a 15ml"},"content":{"rendered":"<p>Sk\u0142adniki wyrobu medycznego Gardvit A+E w postaci sprayu powlekaj\u0105 \u015bluz\u00f3wk\u0119 jamy ustnej i gard\u0142a, skutecznie j\u0105 nawil\u017caj\u0105, chroni\u0105 przed szkodliwymi czynnikami \u015brodowiska jak: py\u0142, dym, suche powietrze, czynniki zaka\u017ane i chorobotw\u00f3rcze.Zastosowanie: \u0142agodzenie podra\u017cnie\u0144, dolegliwo\u015bci zwi\u0105zanych z chrypk\u0105, uporczywym odchrz\u0105kiwaniem oraz sucho\u015bci\u0105 w jamie ustnej.Spos\u00f3b u\u017cycia: dzieci od 6 do 14 roku \u017cycia: rozpyli\u0107 do 3 dawek preparatu na j\u0119zyk, przy wstrzymanym oddechu. Stosowa\u0107 maksymalnie 3 razy w ci\u0105gu dnia pod kontrol\u0105 doros\u0142ych. Doro\u015bli i dzieci powy\u017cej 14 roku \u017cycia: wstrzyma\u0107 oddech i rozpyli\u0107 do 4 dawek na j\u0119zyk lub tyln\u0105 \u015bcian\u0119 gard\u0142a nie wi\u0119cej ni\u017c 5 razy w ci\u0105gu dnia. Preparat stosowa\u0107 po posi\u0142ku.Sk\u0142adniki: aqua purificata, g;ycerin (E422), polyoxyethylene sorbitan monooleate (E433), tocopheryl acetate, aloe vera extract, sodium benzoate (E211), potassium sorbate (E202), Retinyl palmitate(and)caprylic\/caprylic triglyceride(and)tocophe-rol, mentha piperita (peppermint) oil, lactic acid (E270).Przeciwwskazania: nie wolno u\u017cywa\u0107 preparatu do oczu. Nie stosowa\u0107 w przypadku nadwra\u017cliwo\u015bci na kt\u00f3rykolwiek ze sk\u0142adnik\u00f3w preparatu. Bez konsultacji z lekarzem nie stosowa\u0107 wyrobu u dzieci poni\u017cej 6-go roku \u017cycia, w ci\u0105\u017cy, w okresie karmienia piersi\u0105.Wa\u017cne wskaz\u00f3wki:Przechowywa\u0107 w miejscu niedost\u0119pnym dla dzieci w oryginalnym opakowaniu w pozycji pionowej.Jedna dawka\/aplikacja stanowi 1 naci\u015bni\u0119cie aplikatora.Wyr\u00f3b medyczny GardVit A+E mo\u017ce by\u0107 stosowany przez d\u0142u\u017cszy czas, jednak w przypadku braku poprawy po 10 dniach stosowania nale\u017cy zasi\u0119gn\u0105\u0107 porady lekarza.Nale\u017cy zwr\u00f3ci\u0107 uwag\u0119 na odpowiednie warunki przechowywania.Producent:Axpharm Sp. z o.o.,ul. Kozietulskiego 36,85-657 Bydgoszcz.<\/p>\n<h2>GardVit Olive spray do gard\u0142a 15ml Adamed Pharma<\/h2>\n<p>kolorowanka wr\u00f3\u017cka, wiersze o wio\u015bnie jana brzechwy, lektura asiunia &#8211; test, wzruszaj\u0105c\u0105 piosenka dla taty, test z lektury dzieci z bullerbyn, prezent dla nastolatki, koty kolorowanki do druku<\/p>\n<p>yyyyy<\/p>\n<p>&nbsp;<\/p>\n","protected":false},"excerpt":{"rendered":"<p>Sk\u0142adniki wyrobu medycznego Gardvit A+E w postaci sprayu powlekaj\u0105 \u015bluz\u00f3wk\u0119 jamy ustnej i gard\u0142a, skutecznie j\u0105 nawil\u017caj\u0105, chroni\u0105 przed szkodliwymi czynnikami \u015brodowiska jak: py\u0142, dym, suche powietrze, czynniki zaka\u017ane i chorobotw\u00f3rcze.Zastosowanie: \u0142agodzenie podra\u017cnie\u0144, dolegliwo\u015bci zwi\u0105zanych z chrypk\u0105, uporczywym odchrz\u0105kiwaniem oraz sucho\u015bci\u0105 w jamie ustnej.Spos\u00f3b u\u017cycia: dzieci od 6 do 14 roku \u017cycia: rozpyli\u0107 do 3 [&hellip;]<\/p>\n","protected":false},"featured_media":7517,"comment_status":"closed","ping_status":"open","template":"","meta":[],"product_cat":[1572,198],"product_tag":[673,683,586],"class_list":["post-7516","product","type-product","status-publish","has-post-thumbnail","hentry","product_cat-adamed-pharma","product_cat-przeziebienie-i-grypa","product_tag-juz-blisko-koleda-tekst","product_tag-karaluchy-pod-poduchy","product_tag-smieszne-zagadki"],"_links":{"self":[{"href":"http:\/\/klubmamgdynia.pl\/index.php\/wp-json\/wp\/v2\/product\/7516","targetHints":{"allow":["GET"]}}],"collection":[{"href":"http:\/\/klubmamgdynia.pl\/index.php\/wp-json\/wp\/v2\/product"}],"about":[{"href":"http:\/\/klubmamgdynia.pl\/index.php\/wp-json\/wp\/v2\/types\/product"}],"replies":[{"embeddable":true,"href":"http:\/\/klubmamgdynia.pl\/index.php\/wp-json\/wp\/v2\/comments?post=7516"}],"wp:featuredmedia":[{"embeddable":true,"href":"http:\/\/klubmamgdynia.pl\/index.php\/wp-json\/wp\/v2\/media\/7517"}],"wp:attachment":[{"href":"http:\/\/klubmamgdynia.pl\/index.php\/wp-json\/wp\/v2\/media?parent=7516"}],"wp:term":[{"taxonomy":"product_cat","embeddable":true,"href":"http:\/\/klubmamgdynia.pl\/index.php\/wp-json\/wp\/v2\/product_cat?post=7516"},{"taxonomy":"product_tag","embeddable":true,"href":"http:\/\/klubmamgdynia.pl\/index.php\/wp-json\/wp\/v2\/product_tag?post=7516"}],"curies":[{"name":"wp","href":"https:\/\/api.w.org\/{rel}","templated":true}]}}