{"id":7518,"date":"2014-06-21T15:44:54","date_gmt":"2014-06-21T13:44:54","guid":{"rendered":"http:\/\/klubmamgdynia.pl\/index.php\/produkt\/milly-mally-zawieszka-pluszowa-rybka-rozowa\/"},"modified":"2026-04-30T18:56:53","modified_gmt":"2026-04-30T16:56:53","slug":"milly-mally-zawieszka-pluszowa-rybka-rozowa","status":"publish","type":"product","link":"http:\/\/klubmamgdynia.pl\/index.php\/produkt\/milly-mally-zawieszka-pluszowa-rybka-rozowa\/","title":{"rendered":"Milly Mally Zawieszka Pluszowa Rybka R\u00f3\u017cowa"},"content":{"rendered":"<p>Zawieszka pluszowa Rybka r\u00f3\u017cowa Zawieszka-pluszowa rybka, zosta\u0142a stworzona z wysokiej jako\u015bci, bezpiecznych, zr\u00f3\u017cnicowanych materia\u0142\u00f3w i mi\u0142ego w dotyku mi\u0119kkiego pluszu. Zachwyca r\u00f3\u017cnorodno\u015bci\u0105 bod\u017ac\u00f3w jak i jako\u015bci\u0105 wykonania. P\u0142etwy rybki s\u0105 wype\u0142nione szeleszcz\u0105c\u0105 foli\u0105, kt\u00f3ra z pewno\u015bci\u0105 zainteresuje maluszka. Natomiast, ogonek wyprodukowany jest z elastycznego tworzywa z wypustkami co pozwoli mu pe\u0142ni\u0107 funkcj\u0119 gryzaczka. Kiedy dziecko poci\u0105gnie za rybk\u0119, ta opu\u015bci si\u0119 w d\u00f3\u0142 na marszczonej tasiemce a nast\u0119pnie pop\u0142ynie z powrotem do g\u00f3ry\u00ad &#8211; weso\u0142o wibruj\u0105c. Natomiast, praktyczna klamra pozwoli przymocowa\u0107 zawieszk\u0119 w wybranym miejscu. Dzi\u0119ki zastosowaniu r\u00f3\u017cnych faktur, kolor\u00f3w i wibracji, pluszowa rybka b\u0119dzie stymulowa\u0142a zmys\u0142 dotyku, wzroku i s\u0142uchu, wra\u017cliwo\u015b\u0107 dziecka na spostrzeganie \u015bwiata oraz koordynacj\u0119 manualn\u0105. Dodatkowo, zawieszka umo\u017cliwi dzieciom badanie \u015bwiata poprzez g\u0142askanie, przytulanie, ogl\u0105danie i szarpanie poszczeg\u00f3lnych element\u00f3w. Szeleszcz\u0105ce p\u0142etwy Ogon jako gryzak Wibracje Kolorowy brzuszek R\u00f3\u017cnorodne materia\u0142y Klamra do zawieszania Dost\u0119pny w 2 kolorach: yellow i pink Posiada certyfikat bezpiecze\u0144stwa Nr katalogowy: 4668\/2882PINK Wymiary: 9 x 16 x 17 cmAkcesoria w zestawie: Pozosta\u0142e parametry: Wymiary opakowania: 10 x 16 x 20 cm&#8230;<\/p>\n<h2>Milly Mally Zawieszka Pluszowa Rybka R\u00f3\u017cowa Milly Mally<\/h2>\n<p>co na prezent dla nastolatk\u00f3w, ko\u0142ysanki teksty, choinko pi\u0119kna jak las tekst, kolorowanka smok wawelski, zabawka na roczek dla dziewczynki, cytaty o mi\u0142o\u015bci kubu\u015b puchatek, kwiatek kwiaty do druku szablony, znaczenie imienia milosz, zagadki o dinozaurach, rainbow dash kolorowanka, \u015bwinka peppa bajka do czytania, pokemon kolorowanki, prezent dla 14 letniej dziewczyny, zabawy dla dzieci 9-12 lat, kolorowanki lol do druku<\/p>\n<p>yyyyy<\/p>\n<p>&nbsp;<\/p>\n","protected":false},"excerpt":{"rendered":"<p>Zawieszka pluszowa Rybka r\u00f3\u017cowa Zawieszka-pluszowa rybka, zosta\u0142a stworzona z wysokiej jako\u015bci, bezpiecznych, zr\u00f3\u017cnicowanych materia\u0142\u00f3w i mi\u0142ego w dotyku mi\u0119kkiego pluszu. Zachwyca r\u00f3\u017cnorodno\u015bci\u0105 bod\u017ac\u00f3w jak i jako\u015bci\u0105 wykonania. P\u0142etwy rybki s\u0105 wype\u0142nione szeleszcz\u0105c\u0105 foli\u0105, kt\u00f3ra z pewno\u015bci\u0105 zainteresuje maluszka. Natomiast, ogonek wyprodukowany jest z elastycznego tworzywa z wypustkami co pozwoli mu pe\u0142ni\u0107 funkcj\u0119 gryzaczka. Kiedy dziecko [&hellip;]<\/p>\n","protected":false},"featured_media":7519,"comment_status":"closed","ping_status":"open","template":"","meta":[],"product_cat":[1323,26],"product_tag":[742,590,869,733],"class_list":["post-7518","product","type-product","status-publish","has-post-thumbnail","hentry","product_cat-milly-mally","product_cat-zabawki-do-wozka-lozeczka-i-fotelika","product_tag-piosenki-dla-dzieci-tekst","product_tag-plac-zabaw-warszawa","product_tag-zagadki-na-logike","product_tag-zarty-na-prima-aprilis"],"_links":{"self":[{"href":"http:\/\/klubmamgdynia.pl\/index.php\/wp-json\/wp\/v2\/product\/7518","targetHints":{"allow":["GET"]}}],"collection":[{"href":"http:\/\/klubmamgdynia.pl\/index.php\/wp-json\/wp\/v2\/product"}],"about":[{"href":"http:\/\/klubmamgdynia.pl\/index.php\/wp-json\/wp\/v2\/types\/product"}],"replies":[{"embeddable":true,"href":"http:\/\/klubmamgdynia.pl\/index.php\/wp-json\/wp\/v2\/comments?post=7518"}],"wp:featuredmedia":[{"embeddable":true,"href":"http:\/\/klubmamgdynia.pl\/index.php\/wp-json\/wp\/v2\/media\/7519"}],"wp:attachment":[{"href":"http:\/\/klubmamgdynia.pl\/index.php\/wp-json\/wp\/v2\/media?parent=7518"}],"wp:term":[{"taxonomy":"product_cat","embeddable":true,"href":"http:\/\/klubmamgdynia.pl\/index.php\/wp-json\/wp\/v2\/product_cat?post=7518"},{"taxonomy":"product_tag","embeddable":true,"href":"http:\/\/klubmamgdynia.pl\/index.php\/wp-json\/wp\/v2\/product_tag?post=7518"}],"curies":[{"name":"wp","href":"https:\/\/api.w.org\/{rel}","templated":true}]}}