{"id":752,"date":"2011-05-17T20:07:43","date_gmt":"2011-05-17T18:07:43","guid":{"rendered":"http:\/\/klubmamgdynia.pl\/index.php\/produkt\/reima-kalosze-ankles-czarny\/"},"modified":"2026-04-04T05:20:10","modified_gmt":"2026-04-04T03:20:10","slug":"reima-kalosze-ankles-czarny","status":"publish","type":"product","link":"http:\/\/klubmamgdynia.pl\/index.php\/produkt\/reima-kalosze-ankles-czarny\/","title":{"rendered":"Reima Kalosze Ankles Czarny"},"content":{"rendered":"<p>Klasyczne, wodoodporne kalosze dla dzieci, si\u0119gaj\u0105ce kostki, wykonane z gumy. Posiadaj\u0105 elementy odblaskowe, bawe\u0142nian\u0105 podszewk\u0119 i wyjmowan\u0105 wk\u0142adk\u0119 Happy Fit, u\u0142atwiaj\u0105c\u0105 wyb\u00f3r odpowiedniego rozmiaru. Model ten zosta\u0142 wykonany z materia\u0142\u00f3w nie pochodz\u0105cych od zwierz\u0105t.<\/p>\n<h2>Reima Kalosze Ankles Czarny Reima<\/h2>\n<p>mama cytaty, dla nastolatk\u00f3w prezenty, zagadki dla dzieci 6-7 lat online, gdzie na ferie zimowe 2022, zosia samosia wiersz, \u015bwi\u0105teczne filmy familijne, kartka walentynkowa r\u0119cznie robiona \u0142atwa, smok wawelski kolorowanka, linda, test z lektury opowie\u015bci z narnii lew czarownica i stara szafa, kawa\u0142y na prima aprilis dla rodzic\u00f3w, kolorowanki pi\u0142karskie, prezent dla 13 latki na \u015bwi\u0119ta, test z lektury kajko i kokosz, lew czarownica i stara szafa test, mia imi\u0119, wzruszaj\u0105ce teksty dla mamy, jazda konna dla dzieci, bajki do czytania dla 6 latka, stolice europy quiz<\/p>\n<p>yyyyy<\/p>\n<p>&nbsp;<\/p>\n","protected":false},"excerpt":{"rendered":"<p>Klasyczne, wodoodporne kalosze dla dzieci, si\u0119gaj\u0105ce kostki, wykonane z gumy. Posiadaj\u0105 elementy odblaskowe, bawe\u0142nian\u0105 podszewk\u0119 i wyjmowan\u0105 wk\u0142adk\u0119 Happy Fit, u\u0142atwiaj\u0105c\u0105 wyb\u00f3r odpowiedniego rozmiaru. Model ten zosta\u0142 wykonany z materia\u0142\u00f3w nie pochodz\u0105cych od zwierz\u0105t. Reima Kalosze Ankles Czarny Reima mama cytaty, dla nastolatk\u00f3w prezenty, zagadki dla dzieci 6-7 lat online, gdzie na ferie zimowe 2022, [&hellip;]<\/p>\n","protected":false},"featured_media":753,"comment_status":"closed","ping_status":"open","template":"","meta":[],"product_cat":[274,273],"product_tag":[619,861,753,590,835],"class_list":["post-752","product","type-product","status-publish","has-post-thumbnail","hentry","product_cat-kalosze-meskie","product_cat-reima","product_tag-iwo-imie","product_tag-jak-narysowac-psa","product_tag-kamila","product_tag-plac-zabaw-warszawa","product_tag-radosc-dziecka-cytaty"],"_links":{"self":[{"href":"http:\/\/klubmamgdynia.pl\/index.php\/wp-json\/wp\/v2\/product\/752","targetHints":{"allow":["GET"]}}],"collection":[{"href":"http:\/\/klubmamgdynia.pl\/index.php\/wp-json\/wp\/v2\/product"}],"about":[{"href":"http:\/\/klubmamgdynia.pl\/index.php\/wp-json\/wp\/v2\/types\/product"}],"replies":[{"embeddable":true,"href":"http:\/\/klubmamgdynia.pl\/index.php\/wp-json\/wp\/v2\/comments?post=752"}],"wp:featuredmedia":[{"embeddable":true,"href":"http:\/\/klubmamgdynia.pl\/index.php\/wp-json\/wp\/v2\/media\/753"}],"wp:attachment":[{"href":"http:\/\/klubmamgdynia.pl\/index.php\/wp-json\/wp\/v2\/media?parent=752"}],"wp:term":[{"taxonomy":"product_cat","embeddable":true,"href":"http:\/\/klubmamgdynia.pl\/index.php\/wp-json\/wp\/v2\/product_cat?post=752"},{"taxonomy":"product_tag","embeddable":true,"href":"http:\/\/klubmamgdynia.pl\/index.php\/wp-json\/wp\/v2\/product_tag?post=752"}],"curies":[{"name":"wp","href":"https:\/\/api.w.org\/{rel}","templated":true}]}}