{"id":7520,"date":"2017-03-02T21:08:25","date_gmt":"2017-03-02T20:08:25","guid":{"rendered":"http:\/\/klubmamgdynia.pl\/index.php\/produkt\/vitamed-gastrotuss-30tabl-do-zucia\/"},"modified":"2026-04-06T05:09:47","modified_gmt":"2026-04-06T03:09:47","slug":"vitamed-gastrotuss-30tabl-do-zucia","status":"publish","type":"product","link":"http:\/\/klubmamgdynia.pl\/index.php\/produkt\/vitamed-gastrotuss-30tabl-do-zucia\/","title":{"rendered":"Vitamed Gastrotuss, 30tabl. do \u017cucia"},"content":{"rendered":"<p>Gastrotuss jest wyrobem medycznym w postaci tabletek do \u017cucia o dzia\u0142aniu przeciwrefluksowym.<\/p>\n<h2>Vitamed Gastrotuss, 30tabl. do \u017cucia Vitamed<\/h2>\n<p>kolorowanka minionki, wpad\u0142a bomba do piwnicy, prezent roczek, \u0142amig\u0142\u00f3wki dla dzieci do wydruku, wiosna zagadki s\u0142owne, miriam imi\u0119, a \u015bpij kochanie, atrakcje do 30 km od wroc\u0142awia, cytaty o macierzy\u0144stwie, janusz korczak cytaty, historia pluszowego misia, rzadkie imiona dla dziewczynek, miriam imi\u0119, \u015bwinka peppa kolorowanka do druku, darmowe kolorowanki kolorowanki dla dziewczynek, sta\u0142a pod \u015bniegiem, cytaty dzie\u0144 nauczyciela, wzory dyplom\u00f3w do pobrania, test asiunia joanna papuzi\u0144ska<\/p>\n<p>yyyyy<\/p>\n<p>&nbsp;<\/p>\n","protected":false},"excerpt":{"rendered":"<p>Gastrotuss jest wyrobem medycznym w postaci tabletek do \u017cucia o dzia\u0142aniu przeciwrefluksowym. Vitamed Gastrotuss, 30tabl. do \u017cucia Vitamed kolorowanka minionki, wpad\u0142a bomba do piwnicy, prezent roczek, \u0142amig\u0142\u00f3wki dla dzieci do wydruku, wiosna zagadki s\u0142owne, miriam imi\u0119, a \u015bpij kochanie, atrakcje do 30 km od wroc\u0142awia, cytaty o macierzy\u0144stwie, janusz korczak cytaty, historia pluszowego misia, rzadkie [&hellip;]<\/p>\n","protected":false},"featured_media":7521,"comment_status":"closed","ping_status":"open","template":"","meta":[],"product_cat":[212,1549],"product_tag":[669,810,651,635],"class_list":["post-7520","product","type-product","status-publish","has-post-thumbnail","hentry","product_cat-uklad-pokarmowy","product_cat-vitamed","product_tag-kolorowanki","product_tag-nauka-zegara-do-druku","product_tag-quizy-online","product_tag-znaki-drogowe-do-druku"],"_links":{"self":[{"href":"http:\/\/klubmamgdynia.pl\/index.php\/wp-json\/wp\/v2\/product\/7520","targetHints":{"allow":["GET"]}}],"collection":[{"href":"http:\/\/klubmamgdynia.pl\/index.php\/wp-json\/wp\/v2\/product"}],"about":[{"href":"http:\/\/klubmamgdynia.pl\/index.php\/wp-json\/wp\/v2\/types\/product"}],"replies":[{"embeddable":true,"href":"http:\/\/klubmamgdynia.pl\/index.php\/wp-json\/wp\/v2\/comments?post=7520"}],"wp:featuredmedia":[{"embeddable":true,"href":"http:\/\/klubmamgdynia.pl\/index.php\/wp-json\/wp\/v2\/media\/7521"}],"wp:attachment":[{"href":"http:\/\/klubmamgdynia.pl\/index.php\/wp-json\/wp\/v2\/media?parent=7520"}],"wp:term":[{"taxonomy":"product_cat","embeddable":true,"href":"http:\/\/klubmamgdynia.pl\/index.php\/wp-json\/wp\/v2\/product_cat?post=7520"},{"taxonomy":"product_tag","embeddable":true,"href":"http:\/\/klubmamgdynia.pl\/index.php\/wp-json\/wp\/v2\/product_tag?post=7520"}],"curies":[{"name":"wp","href":"https:\/\/api.w.org\/{rel}","templated":true}]}}