{"id":7522,"date":"2023-02-09T03:59:14","date_gmt":"2023-02-09T02:59:14","guid":{"rendered":"http:\/\/klubmamgdynia.pl\/?post_type=product&#038;p=7522"},"modified":"2026-04-06T22:30:29","modified_gmt":"2026-04-06T20:30:29","slug":"majorette-racing-cars-nissan-cefiro-a31-2084009","status":"publish","type":"product","link":"http:\/\/klubmamgdynia.pl\/index.php\/produkt\/majorette-racing-cars-nissan-cefiro-a31-2084009\/","title":{"rendered":"Majorette Racing Cars Nissan Cefiro A31 2084009"},"content":{"rendered":"<p>Nissan Cefiro A31 z kolekcji Majorette Racing CarsMajorette jest kultow\u0105 francusk\u0105 mark\u0105 popularn\u0105 na ca\u0142ym \u015bwiecie w\u015br\u00f3d fan\u00f3w samochod\u00f3w.Przez dekady te niewielkie 7,5 centymetrowe samochodziki zyska\u0142y mi\u0119dzynarodow\u0105 s\u0142aw\u0119. Dla wielu pokole\u0144 sta\u0142y si\u0119 obiektami kolekcjonerskimi lub po prostu przedmiotami do wielogodzinnej zabawy. Od lat Majorette wsp\u00f3\u0142pracuje z przedstawicielami bran\u017cy motoryzacyjnej, co pozwoli\u0142o udoskonali\u0107 i tak bardzo realistycznie odwzorowywa\u0107 modele pojazd\u00f3w. Od samochod\u00f3w osobowych, komercyjnych i budowlanych, a\u017c po samochody wy\u015bcigowe oraz zestawy do zabawy &#8211; r\u00f3\u017cnorodno\u015b\u0107 sprawia, \u017ce ka\u017cdy znajdzie co\u015b dla siebie.Majorette Racing Cars &#8211; sta\u0144 do wy\u015bcigu! Czy to starcie na torze Majorette czy na zwyk\u0142ym dywanie z samochodami Majorette Racing Cars emocje gwarantowane. W kolekcji nie zabrak\u0142o znanych przedstawicieli motoryzacji. W\u015br\u00f3d 18 modeli znajdziemy takie marki jak: Audi, Ford, Vauxhall, Porsche and Citroen. Niekt\u00f3re modele posiadaj\u0105 otwierane drzwi i klapy, dzi\u0119ki temu mo\u017cesz zajrze\u0107 do wn\u0119trza samochodu i podziwia\u0107 jego idealnie odwzorowane wn\u0119trze. Do ka\u017cdego samochodu do\u0142\u0105czona jest ulotka kolekcjonerska prezentuj\u0105ca wszystkie dost\u0119pne w serii pojazdy.Charakterystyka:ruchome k\u00f3\u0142ka na osiachotwierane elementy: drzwi, maska lub klapa baga\u017cnikad\u0142. ok. 7 cm.<\/p>\n<h2>Majorette Racing Cars Nissan Cefiro A31 2084009 Majorette<\/h2>\n<p>bajki do czytania, piesek kolorowanka, wulkan z sody, kolorowanki dla ch\u0142opc\u00f3w, na wyspach bergamuta, uk\u0142ad s\u0142oneczny kolorowanka, menu na urodziny dziecka, kolorowanki do druku konie, opis rodzina, opisy o dzieciach, test narnia lew czarownica i stara szafa, korczak cytaty, ciekawe zagadki, mia imie<\/p>\n<p>yyyyy<\/p>\n<p>&nbsp;<\/p>\n","protected":false},"excerpt":{"rendered":"<p>Nissan Cefiro A31 z kolekcji Majorette Racing CarsMajorette jest kultow\u0105 francusk\u0105 mark\u0105 popularn\u0105 na ca\u0142ym \u015bwiecie w\u015br\u00f3d fan\u00f3w samochod\u00f3w.Przez dekady te niewielkie 7,5 centymetrowe samochodziki zyska\u0142y mi\u0119dzynarodow\u0105 s\u0142aw\u0119. Dla wielu pokole\u0144 sta\u0142y si\u0119 obiektami kolekcjonerskimi lub po prostu przedmiotami do wielogodzinnej zabawy. Od lat Majorette wsp\u00f3\u0142pracuje z przedstawicielami bran\u017cy motoryzacyjnej, co pozwoli\u0142o udoskonali\u0107 i tak [&hellip;]<\/p>\n","protected":false},"featured_media":7523,"comment_status":"closed","ping_status":"open","template":"","meta":[],"product_cat":[83,343],"product_tag":[801,657,826,595,869],"class_list":["post-7522","product","type-product","status-publish","has-post-thumbnail","hentry","product_cat-auta-i-inne-pojazdy-do-zabawy","product_cat-majorette","product_tag-bajki-terapeutyczne-o-emocjach","product_tag-lol-kolorowanka","product_tag-prezent-dla-15-latka","product_tag-zagadki-dla-6-latka","product_tag-zagadki-na-logike"],"_links":{"self":[{"href":"http:\/\/klubmamgdynia.pl\/index.php\/wp-json\/wp\/v2\/product\/7522","targetHints":{"allow":["GET"]}}],"collection":[{"href":"http:\/\/klubmamgdynia.pl\/index.php\/wp-json\/wp\/v2\/product"}],"about":[{"href":"http:\/\/klubmamgdynia.pl\/index.php\/wp-json\/wp\/v2\/types\/product"}],"replies":[{"embeddable":true,"href":"http:\/\/klubmamgdynia.pl\/index.php\/wp-json\/wp\/v2\/comments?post=7522"}],"wp:featuredmedia":[{"embeddable":true,"href":"http:\/\/klubmamgdynia.pl\/index.php\/wp-json\/wp\/v2\/media\/7523"}],"wp:attachment":[{"href":"http:\/\/klubmamgdynia.pl\/index.php\/wp-json\/wp\/v2\/media?parent=7522"}],"wp:term":[{"taxonomy":"product_cat","embeddable":true,"href":"http:\/\/klubmamgdynia.pl\/index.php\/wp-json\/wp\/v2\/product_cat?post=7522"},{"taxonomy":"product_tag","embeddable":true,"href":"http:\/\/klubmamgdynia.pl\/index.php\/wp-json\/wp\/v2\/product_tag?post=7522"}],"curies":[{"name":"wp","href":"https:\/\/api.w.org\/{rel}","templated":true}]}}