{"id":7524,"date":"2018-09-17T19:23:14","date_gmt":"2018-09-17T17:23:14","guid":{"rendered":"http:\/\/klubmamgdynia.pl\/index.php\/produkt\/majorette-deluxe-cars-land-rover-defender-110-zielony-2053152\/"},"modified":"2026-04-29T18:16:13","modified_gmt":"2026-04-29T16:16:13","slug":"majorette-deluxe-cars-land-rover-defender-110-zielony-2053152","status":"publish","type":"product","link":"http:\/\/klubmamgdynia.pl\/index.php\/produkt\/majorette-deluxe-cars-land-rover-defender-110-zielony-2053152\/","title":{"rendered":"Majorette Deluxe Cars Land Rover Defender 110 Zielony 2053152"},"content":{"rendered":"<p>Land Rover Defender z kolekcji Majorette Deluxe CarsPoznaj ekscytuj\u0105ce modele kolekcjonerskie z wysokiej jako\u015bci detalami dla fan\u00f3w w ka\u017cdym wieku: Ford Mustang GT, Land Rover Defender 110 czy Nissan GT-R. Samochody s\u0105 wyj\u0105tkowe dzi\u0119ki specjalnym lakierom, takim jak: mat, metalik czy chrom. Gumowe opony, otwierane elementy nadwozia oraz specjalne wyko\u0144czenia i wyj\u0105tkowe akcesoria takie jak: spojlery, ko\u0142o zapasowe lub chromowany blok silnika stanowi\u0105 o niezwykle wysokiej jako\u015bci pojazd\u00f3w, kt\u00f3r\u0105 z pewno\u015bci\u0105 doceni\u0105 u\u017cytkownicy w ka\u017cdym wiekuCharakterystyka produktu:samochodzik d\u0142ugo\u015bci ok 7-8 cm.,2 otwierane elementy nadwozia: drzwi, maska lub klapa baga\u017cnika,pude\u0142ko kolekcjonerskie,gumowe opony,szczeg\u00f3\u0142owe detale<\/p>\n<h2>Majorette Deluxe Cars Land Rover Defender 110 Zielony 2053152 Majorette<\/h2>\n<p>zagatki, zaczarowana zagroda &#8211; test, zyczenia walentynkowe dla dzieci, kotek kolorowanka do druku, zagatki, quiz zemsta, maski na twarz dla dzieci do wydruku, jak narysowa\u0107 cz\u0142owieka<\/p>\n<p>yyyyy<\/p>\n<p>&nbsp;<\/p>\n","protected":false},"excerpt":{"rendered":"<p>Land Rover Defender z kolekcji Majorette Deluxe CarsPoznaj ekscytuj\u0105ce modele kolekcjonerskie z wysokiej jako\u015bci detalami dla fan\u00f3w w ka\u017cdym wieku: Ford Mustang GT, Land Rover Defender 110 czy Nissan GT-R. Samochody s\u0105 wyj\u0105tkowe dzi\u0119ki specjalnym lakierom, takim jak: mat, metalik czy chrom. Gumowe opony, otwierane elementy nadwozia oraz specjalne wyko\u0144czenia i wyj\u0105tkowe akcesoria takie jak: [&hellip;]<\/p>\n","protected":false},"featured_media":7525,"comment_status":"closed","ping_status":"open","template":"","meta":[],"product_cat":[83,343],"product_tag":[650,840,679,869],"class_list":["post-7524","product","type-product","status-publish","has-post-thumbnail","hentry","product_cat-auta-i-inne-pojazdy-do-zabawy","product_cat-majorette","product_tag-choinka-z-bibuly","product_tag-stare-bajki","product_tag-zabawki-na-roczek-dla-dziewczynki","product_tag-zagadki-na-logike"],"_links":{"self":[{"href":"http:\/\/klubmamgdynia.pl\/index.php\/wp-json\/wp\/v2\/product\/7524","targetHints":{"allow":["GET"]}}],"collection":[{"href":"http:\/\/klubmamgdynia.pl\/index.php\/wp-json\/wp\/v2\/product"}],"about":[{"href":"http:\/\/klubmamgdynia.pl\/index.php\/wp-json\/wp\/v2\/types\/product"}],"replies":[{"embeddable":true,"href":"http:\/\/klubmamgdynia.pl\/index.php\/wp-json\/wp\/v2\/comments?post=7524"}],"wp:featuredmedia":[{"embeddable":true,"href":"http:\/\/klubmamgdynia.pl\/index.php\/wp-json\/wp\/v2\/media\/7525"}],"wp:attachment":[{"href":"http:\/\/klubmamgdynia.pl\/index.php\/wp-json\/wp\/v2\/media?parent=7524"}],"wp:term":[{"taxonomy":"product_cat","embeddable":true,"href":"http:\/\/klubmamgdynia.pl\/index.php\/wp-json\/wp\/v2\/product_cat?post=7524"},{"taxonomy":"product_tag","embeddable":true,"href":"http:\/\/klubmamgdynia.pl\/index.php\/wp-json\/wp\/v2\/product_tag?post=7524"}],"curies":[{"name":"wp","href":"https:\/\/api.w.org\/{rel}","templated":true}]}}