{"id":7526,"date":"2013-09-09T02:29:33","date_gmt":"2013-09-09T00:29:33","guid":{"rendered":"http:\/\/klubmamgdynia.pl\/index.php\/produkt\/tulilo-milus-mis-niebieski-25cm\/"},"modified":"2026-05-17T22:13:33","modified_gmt":"2026-05-17T20:13:33","slug":"tulilo-milus-mis-niebieski-25cm","status":"publish","type":"product","link":"http:\/\/klubmamgdynia.pl\/index.php\/produkt\/tulilo-milus-mis-niebieski-25cm\/","title":{"rendered":"Tulilo Milu\u015b Mi\u015b Niebieski 25Cm"},"content":{"rendered":"<p>Milu\u015b mi\u015b niebieski 25cm To doskona\u0142a zabawka w delikatnym kolorze. Wykonana z mi\u0142ych, delikatnych materia\u0142\u00f3w i jest bezpieczna dla dzieci&#8230;.<\/p>\n<h2>Tulilo Milu\u015b Mi\u015b Niebieski 25Cm Tulilo<\/h2>\n<p>prezent roczek, horror dla dzieci, zagadki dla dzieci z odpowiedziami, wakacje kolorowanka, zagadki o zwierz\u0119tach, co dla dziecka na roczek, starodawne \u017cyczenia bo\u017conarodzeniowe, stare piosenki, test czerwone krzes\u0142o, dyplom dla przedszkolaka do wydruku, historia pluszowego misia, prezenty dla nastolatek, lol surprise kolorowanki, halszka, co na prezent dla 7 latki, atrakcje we wroc\u0142awiu dla dzieci, skye psi patrol kolorowanka, zagadki wiosna, cicha noc po angielsku tekst, stare wiersze dla dzieci, maski karnawa\u0142owe dla dzieci szablony<\/p>\n<p>yyyyy<\/p>\n<p>&nbsp;<\/p>\n","protected":false},"excerpt":{"rendered":"<p>Milu\u015b mi\u015b niebieski 25cm To doskona\u0142a zabawka w delikatnym kolorze. Wykonana z mi\u0142ych, delikatnych materia\u0142\u00f3w i jest bezpieczna dla dzieci&#8230;. Tulilo Milu\u015b Mi\u015b Niebieski 25Cm Tulilo prezent roczek, horror dla dzieci, zagadki dla dzieci z odpowiedziami, wakacje kolorowanka, zagadki o zwierz\u0119tach, co dla dziecka na roczek, starodawne \u017cyczenia bo\u017conarodzeniowe, stare piosenki, test czerwone krzes\u0142o, dyplom [&hellip;]<\/p>\n","protected":false},"featured_media":7527,"comment_status":"closed","ping_status":"open","template":"","meta":[],"product_cat":[1301,26],"product_tag":[753,846,632,779,615],"class_list":["post-7526","product","type-product","status-publish","has-post-thumbnail","hentry","product_cat-tulilo","product_cat-zabawki-do-wozka-lozeczka-i-fotelika","product_tag-kamila","product_tag-rysowanki","product_tag-warszawa-atrakcje-dla-mlodziezy","product_tag-zarty-na-prima-aprilis-w-domu","product_tag-znane-misie-z-filmow-animowanych"],"_links":{"self":[{"href":"http:\/\/klubmamgdynia.pl\/index.php\/wp-json\/wp\/v2\/product\/7526","targetHints":{"allow":["GET"]}}],"collection":[{"href":"http:\/\/klubmamgdynia.pl\/index.php\/wp-json\/wp\/v2\/product"}],"about":[{"href":"http:\/\/klubmamgdynia.pl\/index.php\/wp-json\/wp\/v2\/types\/product"}],"replies":[{"embeddable":true,"href":"http:\/\/klubmamgdynia.pl\/index.php\/wp-json\/wp\/v2\/comments?post=7526"}],"wp:featuredmedia":[{"embeddable":true,"href":"http:\/\/klubmamgdynia.pl\/index.php\/wp-json\/wp\/v2\/media\/7527"}],"wp:attachment":[{"href":"http:\/\/klubmamgdynia.pl\/index.php\/wp-json\/wp\/v2\/media?parent=7526"}],"wp:term":[{"taxonomy":"product_cat","embeddable":true,"href":"http:\/\/klubmamgdynia.pl\/index.php\/wp-json\/wp\/v2\/product_cat?post=7526"},{"taxonomy":"product_tag","embeddable":true,"href":"http:\/\/klubmamgdynia.pl\/index.php\/wp-json\/wp\/v2\/product_tag?post=7526"}],"curies":[{"name":"wp","href":"https:\/\/api.w.org\/{rel}","templated":true}]}}