{"id":7528,"date":"2022-07-05T18:11:43","date_gmt":"2022-07-05T16:11:43","guid":{"rendered":"http:\/\/klubmamgdynia.pl\/index.php\/produkt\/detexpol-posciel-swiecaca-w-ciemnosci-140x200-3583-a-music-nuty-fioletowa-czarna-mlodziezowa-bawelniana-8590\/"},"modified":"2026-04-24T18:01:51","modified_gmt":"2026-04-24T16:01:51","slug":"detexpol-posciel-swiecaca-w-ciemnosci-140x200-3583-a-music-nuty-fioletowa-czarna-mlodziezowa-bawelniana-8590","status":"publish","type":"product","link":"http:\/\/klubmamgdynia.pl\/index.php\/produkt\/detexpol-posciel-swiecaca-w-ciemnosci-140x200-3583-a-music-nuty-fioletowa-czarna-mlodziezowa-bawelniana-8590\/","title":{"rendered":"Detexpol Po\u015bciel \u015awiec\u0105ca W Ciemno\u015bci 140&#215;200 3583 A Music Nuty Fioletowa Czarna M\u0142odzie\u017cowa Bawe\u0142niana 8590"},"content":{"rendered":"<p>Po\u015bciel \u015bwiec\u0105ca w ciemno\u015bci 140&#215;200 3583 A Music Nuty fioletowa czarna m\u0142odzie\u017cowa bawe\u0142niana 8590 wykonana jest z najlepszej jako\u015bci bawe\u0142ny, o wyra\u017anych, trwa\u0142ych i mocno nasyconych barwach. \u017bywe kolory pozostaj\u0105 nawet po wielu praniach. Materia\u0142 z kt\u00f3rego uszyty jest komplet jest bajecznie kolorowy, a ca\u0142o\u015b\u0107 bardzo starannie i dok\u0142adnie wyko\u0144czona. Po\u015bciel jest przyjemna w dotyku, nie uczula i nie podra\u017cnia sk\u00f3ry dziecka. Charakteryzuje si\u0119 ciekawym wzornictwem w najmodniejszych wzorach oraz zastosowaniem nici fluorescencyjnej, dzi\u0119ki czemu po\u015bciel \u015bwieci w ciemno\u015bci. Dwustronna poszwa na po\u015bciel dodatkowo urozmaici wygl\u0105d sypialni Twojej pociechy. Idealny pomys\u0142 na prezent.W sk\u0142ad po\u015bcieli bawe\u0142nianej wchodz\u0105: &#8211; poszwa na ko\u0142dr\u0119 140&#215;200 &#8211; 1 szt. &#8211; poszewka na poduszk\u0119 70&#215;80 &#8211; 1 szt. Tolerancja rozmiaru: \u00b13 cm Gramatura: 125g\/m2 Materia\u0142: 100% bawe\u0142naPoszwa i poszewka zapinana na suwak.Produkt posiada certyfikat Oeko-Tex StandardPrzepis konserwacji: &#8211; pra\u0107 w temperaturze 40\u00b0C, &#8211; pra\u0107 na lewej stronie z podobnymi kolorami, &#8211; nie chlorowa\u0107, &#8211; mo\u017cna suszy\u0107 delikatnie w suszarce b\u0119bnowej, &#8211; prasowa\u0107 w temperaturze do 150\u00b0C, &#8211; nie czy\u015bci\u0107 chemicznie.<\/p>\n<h2>Detexpol Po\u015bciel \u015awiec\u0105ca W Ciemno\u015bci 140&#215;200 3583 A Music Nuty Fioletowa Czarna M\u0142odzie\u017cowa Bawe\u0142niana 8590 DETEXPOL<\/h2>\n<p>linda, ninjago kolorowanka, estera, koty do druku, zabawy dla 6 latk\u00f3w, bajka dla dzieci do czytania, nauka literek do druku, wiersz o marzannie, kolorowanki dla dziewczynek lol, piosenki na dobranoc tekst, wroc\u0142aw atrakcje dla dzieci, zabawka dla rocznej dziewczynki<\/p>\n<p>yyyyy<\/p>\n<p>&nbsp;<\/p>\n","protected":false},"excerpt":{"rendered":"<p>Po\u015bciel \u015bwiec\u0105ca w ciemno\u015bci 140&#215;200 3583 A Music Nuty fioletowa czarna m\u0142odzie\u017cowa bawe\u0142niana 8590 wykonana jest z najlepszej jako\u015bci bawe\u0142ny, o wyra\u017anych, trwa\u0142ych i mocno nasyconych barwach. \u017bywe kolory pozostaj\u0105 nawet po wielu praniach. Materia\u0142 z kt\u00f3rego uszyty jest komplet jest bajecznie kolorowy, a ca\u0142o\u015b\u0107 bardzo starannie i dok\u0142adnie wyko\u0144czona. Po\u015bciel jest przyjemna w dotyku, [&hellip;]<\/p>\n","protected":false},"featured_media":7529,"comment_status":"closed","ping_status":"open","template":"","meta":[],"product_cat":[1613,994],"product_tag":[650,599,711,767],"class_list":["post-7528","product","type-product","status-publish","has-post-thumbnail","hentry","product_cat-detexpol","product_cat-komplety-poscieli-dla-dzieci","product_tag-choinka-z-bibuly","product_tag-prezent-dla-nastolatkow-2021","product_tag-prezenty-dla-nastolatkow","product_tag-zaproszenia-urodzinowe-do-druku"],"_links":{"self":[{"href":"http:\/\/klubmamgdynia.pl\/index.php\/wp-json\/wp\/v2\/product\/7528","targetHints":{"allow":["GET"]}}],"collection":[{"href":"http:\/\/klubmamgdynia.pl\/index.php\/wp-json\/wp\/v2\/product"}],"about":[{"href":"http:\/\/klubmamgdynia.pl\/index.php\/wp-json\/wp\/v2\/types\/product"}],"replies":[{"embeddable":true,"href":"http:\/\/klubmamgdynia.pl\/index.php\/wp-json\/wp\/v2\/comments?post=7528"}],"wp:featuredmedia":[{"embeddable":true,"href":"http:\/\/klubmamgdynia.pl\/index.php\/wp-json\/wp\/v2\/media\/7529"}],"wp:attachment":[{"href":"http:\/\/klubmamgdynia.pl\/index.php\/wp-json\/wp\/v2\/media?parent=7528"}],"wp:term":[{"taxonomy":"product_cat","embeddable":true,"href":"http:\/\/klubmamgdynia.pl\/index.php\/wp-json\/wp\/v2\/product_cat?post=7528"},{"taxonomy":"product_tag","embeddable":true,"href":"http:\/\/klubmamgdynia.pl\/index.php\/wp-json\/wp\/v2\/product_tag?post=7528"}],"curies":[{"name":"wp","href":"https:\/\/api.w.org\/{rel}","templated":true}]}}