{"id":7532,"date":"2022-06-04T03:12:52","date_gmt":"2022-06-04T01:12:52","guid":{"rendered":"http:\/\/klubmamgdynia.pl\/index.php\/produkt\/vtech-tut-tut-ulica-deluxe-24404\/"},"modified":"2026-05-17T22:23:49","modified_gmt":"2026-05-17T20:23:49","slug":"vtech-tut-tut-ulica-deluxe-24404","status":"publish","type":"product","link":"http:\/\/klubmamgdynia.pl\/index.php\/produkt\/vtech-tut-tut-ulica-deluxe-24404\/","title":{"rendered":"VTech Tut Tut Ulica Deluxe 24404"},"content":{"rendered":"<p>VTech Tut Tut Ulica Deluxe 80524404Tut Tut Deluxe to \u015bwietny zestaw drogowy do budowania i \u0142\u0105czenia. 29 cz\u0119\u015bci mo\u017cna zbudowa\u0107 razem. Nowa konstrukcja sprawia, \u017ce cz\u0119\u015bci drogowe s\u0105 elastyczne i elastyczne. Trzy magiczne czujniki wyzwalaj\u0105 zabawne zdania, d\u017awi\u0119ki i melodie w Tut Tut Baby Flies z magicznym wykrywaniem. Akcesoria drogowe zapewniaj\u0105 dodatkow\u0105 zabaw\u0119.                            <\/p>\n<p>            VTech Raczkuj\u0105cy Mi\u015b Tuptu\u015b M\u00f3wi Po Polsku 60824<\/p>\n<p>                        od<br \/>\n                            149,90<br \/>\n                            z\u0142<\/p>\n<p>                    Zobacz<\/p>\n<p>            VTech Magiczny Pami\u0119tnik Na Has\u0142o 61243<\/p>\n<p>                        od<br \/>\n                            108,90<br \/>\n                            z\u0142<\/p>\n<p>                    Zobacz<\/p>\n<p>            VTech Cyferkowa Kasa Sklepowa 60832<\/p>\n<p>                        od<br \/>\n                            149,00<br \/>\n                            z\u0142<\/p>\n<p>                    Zobacz<\/p>\n<p>            VTech Tut Tut Remiza Stra\u017cacka 60813<\/p>\n<p>                        od<br \/>\n                            164,00<br \/>\n                            z\u0142<\/p>\n<p>                    Zobacz<\/p>\n<p>            VTech Tut Tut Autka Posterunek Policji 61073<\/p>\n<p>                        od<br \/>\n                            155,00<br \/>\n                            z\u0142<\/p>\n<p>                    Zobacz<\/p>\n<p>            VTech\u00a0Kidizoom Duo 5.0 R\u00f3\u017cowy<\/p>\n<p>                        od<br \/>\n                            499,00<br \/>\n                            z\u0142<\/p>\n<p>                    Zobacz<\/p>\n<p>            VTech Traktorek Weso\u0142ek 61488<\/p>\n<p>                        od<br \/>\n                            92,00<br \/>\n                            z\u0142<\/p>\n<p>                    Zobacz<\/p>\n<p>            VTech Tut Tut Gara\u017c Z Autkiem 60597<\/p>\n<p>                        od<br \/>\n                            218,41<br \/>\n                            z\u0142<\/p>\n<p>                    Zobacz<\/p>\n<p>            VTech Tut Tut Autko Auto Osobowe 60559<\/p>\n<p>                        od<br \/>\n                            34,50<br \/>\n                            z\u0142<\/p>\n<p>                    Zobacz<\/p>\n<p>            VTech Skrzynka Majsterkowicza 61094<\/p>\n<p>                        od<br \/>\n                            139,99<br \/>\n                            z\u0142<\/p>\n<p>                    Zobacz<\/p>\n<p>            VTech Autko ma\u0142ego kierowcy 61487<\/p>\n<p>                        od<br \/>\n                            101,00<br \/>\n                            z\u0142<\/p>\n<p>                    Zobacz<\/p>\n<p>            VTech Konik Bujaczek 61088 <\/p>\n<p>                        od<br \/>\n                            259,86<br \/>\n                            z\u0142<\/p>\n<p>                    Zobacz<\/p>\n<p>            VTech Tut Tut Autka Warsztat Samochodowy 61072<\/p>\n<p>                        od<br \/>\n                            120,13<br \/>\n                            z\u0142<\/p>\n<p>                    Zobacz<\/p>\n<p>            Vtech Tut Tut Autka Zestaw Kaskaderski + autko 61172<\/p>\n<p>                        od<br \/>\n                            183,28<br \/>\n                            z\u0142<\/p>\n<p>                    Zobacz<\/p>\n<p>            Vtech Chrup Chrup Tosterek 61486<\/p>\n<p>                        od<br \/>\n                            78,88<br \/>\n                            z\u0142<\/p>\n<p>                    Zobacz<\/p>\n<p>            VTech Tut Tut Autko Wywrotka 60560<\/p>\n<p>                        od<br \/>\n                            34,53<br \/>\n                            z\u0142<\/p>\n<p>                    Zobacz<\/p>\n<p>            VTech Tut Tut Autko Spycharka 60809<\/p>\n<p>                        od<br \/>\n                            34,50<br \/>\n                            z\u0142<\/p>\n<p>                    Zobacz<\/p>\n<p>            VTech Tut Tut Autko Betoniarka 60808<\/p>\n<p>                        od<br \/>\n                            34,80<br \/>\n                            z\u0142<\/p>\n<p>                    Zobacz<\/p>\n<p>            VTech Tut Tut Autka Wie\u017ca Patrolowa 61460<\/p>\n<p>                        od<br \/>\n                            216,90<br \/>\n                            z\u0142<\/p>\n<p>                    Zobacz<\/p>\n<p>            VTech Tut Tut Autka Wy\u015bcigowy Wielki Tor 61459<\/p>\n<p>                        od<br \/>\n                            216,00<br \/>\n                            z\u0142<\/p>\n<p>                    Zobacz<\/p>\n<p>            VTech Betoniarka Pojazd Kulkomieszarka 60994<\/p>\n<p>                        od<br \/>\n                            105,00<br \/>\n                            z\u0142<\/p>\n<p>                    Zobacz<\/p>\n<p>            Vtech Kidizoom DX2 Zielony<\/p>\n<p>                        od<br \/>\n                            252,94<br \/>\n                            z\u0142<\/p>\n<p>                    Zobacz<\/p>\n<p>            VTech Tut Tut Autko Autotransporter 60812<\/p>\n<p>                        od<br \/>\n                            109,50<br \/>\n                            z\u0142<\/p>\n<p>                    Zobacz<\/p>\n<p>            VTech Wie\u017ca Parkingowa 60558<\/p>\n<p>                        od<br \/>\n                            172,70<br \/>\n                            z\u0142<\/p>\n<p>                    Zobacz<\/p>\n<p>            VTech Tablet Interaktywny 61173<\/p>\n<p>                        od<br \/>\n                            87,39<br \/>\n                            z\u0142<\/p>\n<p>                    Zobacz<\/p>\n<p>            VTech Kidizoom Duo 5.0 Niebieski<\/p>\n<p>                        od<br \/>\n                            499,00<br \/>\n                            z\u0142<\/p>\n<p>                    Zobacz<\/p>\n<p>            VTech Zestaw Gara\u017c 61456<\/p>\n<p>                        od<br \/>\n                            225,26<br \/>\n                            z\u0142<\/p>\n<p>                    Zobacz<\/p>\n<p>            VTech Tut Tut Autko Policja 60557<\/p>\n<p>                        od<br \/>\n                            34,50<br \/>\n                            z\u0142<\/p>\n<p>                    Zobacz<\/p>\n<p>            VTech Kidizoom Duo DX Niebieski 20004<\/p>\n<p>                        od<br \/>\n                            442,67<br \/>\n                            z\u0142<\/p>\n<p>                    Zobacz<\/p>\n<p>            VTech Wielki S\u0142ownik Zwierz\u0105t 61457<\/p>\n<p>                        od<br \/>\n                            105,13<br \/>\n                            z\u0142<\/p>\n<p>                    Zobacz<\/p>\n<h2>VTech Tut Tut Ulica Deluxe 24404 VTech<\/h2>\n<p>co dla rocznego dziecka, bajki dla chlopcow, magiczne drzewo czerwone krzes\u0142o test, kawal na prima aprilis, imi\u0119 mira, dla nastolatk\u00f3w prezenty, quiz o \u015bwi\u0119tach bo\u017cego narodzenia, janusz, prezenty dla 15 latki, atrakcje dla nastolatk\u00f3w, kolorowanki konie z je\u017ad\u017acem<\/p>\n<p>yyyyy<\/p>\n<p>&nbsp;<\/p>\n","protected":false},"excerpt":{"rendered":"<p>VTech Tut Tut Ulica Deluxe 80524404Tut Tut Deluxe to \u015bwietny zestaw drogowy do budowania i \u0142\u0105czenia. 29 cz\u0119\u015bci mo\u017cna zbudowa\u0107 razem. Nowa konstrukcja sprawia, \u017ce cz\u0119\u015bci drogowe s\u0105 elastyczne i elastyczne. Trzy magiczne czujniki wyzwalaj\u0105 zabawne zdania, d\u017awi\u0119ki i melodie w Tut Tut Baby Flies z magicznym wykrywaniem. Akcesoria drogowe zapewniaj\u0105 dodatkow\u0105 zabaw\u0119. VTech Raczkuj\u0105cy [&hellip;]<\/p>\n","protected":false},"featured_media":7533,"comment_status":"closed","ping_status":"open","template":"","meta":[],"product_cat":[141,1203],"product_tag":[583,810,769,708],"class_list":["post-7532","product","type-product","status-publish","has-post-thumbnail","hentry","product_cat-parkingi-garaze-i-tory-wyscigowe","product_cat-vtech","product_tag-kolysanki-dla-dzieci-tekst","product_tag-nauka-zegara-do-druku","product_tag-psi-patrol-do-czytania","product_tag-zabawy-ruchowe-dla-dzieci"],"_links":{"self":[{"href":"http:\/\/klubmamgdynia.pl\/index.php\/wp-json\/wp\/v2\/product\/7532","targetHints":{"allow":["GET"]}}],"collection":[{"href":"http:\/\/klubmamgdynia.pl\/index.php\/wp-json\/wp\/v2\/product"}],"about":[{"href":"http:\/\/klubmamgdynia.pl\/index.php\/wp-json\/wp\/v2\/types\/product"}],"replies":[{"embeddable":true,"href":"http:\/\/klubmamgdynia.pl\/index.php\/wp-json\/wp\/v2\/comments?post=7532"}],"wp:featuredmedia":[{"embeddable":true,"href":"http:\/\/klubmamgdynia.pl\/index.php\/wp-json\/wp\/v2\/media\/7533"}],"wp:attachment":[{"href":"http:\/\/klubmamgdynia.pl\/index.php\/wp-json\/wp\/v2\/media?parent=7532"}],"wp:term":[{"taxonomy":"product_cat","embeddable":true,"href":"http:\/\/klubmamgdynia.pl\/index.php\/wp-json\/wp\/v2\/product_cat?post=7532"},{"taxonomy":"product_tag","embeddable":true,"href":"http:\/\/klubmamgdynia.pl\/index.php\/wp-json\/wp\/v2\/product_tag?post=7532"}],"curies":[{"name":"wp","href":"https:\/\/api.w.org\/{rel}","templated":true}]}}