{"id":7534,"date":"2022-10-13T06:06:50","date_gmt":"2022-10-13T04:06:50","guid":{"rendered":"http:\/\/klubmamgdynia.pl\/index.php\/produkt\/mia-home-aka-wesole-tygrysy-75x100cm-fuchsia\/"},"modified":"2026-04-06T13:12:40","modified_gmt":"2026-04-06T11:12:40","slug":"mia-home-aka-wesole-tygrysy-75x100cm-fuchsia","status":"publish","type":"product","link":"http:\/\/klubmamgdynia.pl\/index.php\/produkt\/mia-home-aka-wesole-tygrysy-75x100cm-fuchsia\/","title":{"rendered":"Mia Home Aka Weso\u0142e Tygrysy 75X100Cm Fuchsia"},"content":{"rendered":"<p>Kocyk \u015aredniaka 75 x 100 ( +\/- 2 cm) Uniwersalny rozmiar kocyka, doskonale sprawdza si\u0119 w domu, na spacerze i wyje\u017adzie.Kocyk wykonany jest z wysokogatunkowej bawe\u0142ny 100%, kt\u00f3r\u0105 z drugiej strony uzupe\u0142nia mi\u0119ciutki plusz minky. \u015arodek kocyka wype\u0142niony jest antyalergiczn\u0105 w\u0142\u00f3knin\u0105 wysokopuszyst\u0105 silikonow\u0105. Zapewnia ona dziecku ciep\u0142o oraz wygod\u0119 podczas u\u017cytkowania.Kocyk idealnie sprawdza si\u0119 od pierwszych dni \u017cycia, jako ko\u0142derka do \u0142\u00f3\u017ceczka, na popo\u0142udniow\u0105 drzemk\u0119, do w\u00f3zka, a tak\u017ce jako ulubiona ko\u0142derka na wszelkie wyjazdy lub jako mi\u0119ciutka mata dla dziecka.Kocyki Bonjour Cherie s\u0105 szyte r\u0119cznie w Polsce z najwy\u017csz\u0105 staranno\u015bci\u0105 i dba\u0142o\u015bci\u0105 o szczeg\u00f3\u0142y, z tkanin najwy\u017cszej jako\u015bci daj\u0105c d\u0142ugoletni\u0105 przyjemno\u015b\u0107 z u\u017cytkowania. Kocyk mo\u017cna skompletowa\u0107 z r\u00f3\u017cnymi produktami marki Bonjour Cherie tworz\u0105c niepowtarzaln\u0105, bajecznie kolorow\u0105 aran\u017cacj\u0119 w\u00f3zka, czy te\u017c pokoiku Twojego Maluszka.Doskonale te\u017c sprawdza si\u0119 w formie stylowego prezentu dla dziecka, na baby shower i ka\u017cd\u0105 inn\u0105 mi\u0142\u0105 okazj\u0119.Wype\u0142nienie jest wszywane do tkanin zewn\u0119trznych, dzi\u0119ki temu nie przemieszcza si\u0119 podczas u\u017cytkowania i w praniu.Bawe\u0142na, nadruk i w\u0142\u00f3knina posiadaj\u0105 Certyfikat OEKO-TEX 100 klasa I. Minky posiada Certyfikat: &#8222;Bezpieczny dla dziecka&#8221; &#8211; Instytut W\u0142\u00f3kiennictwa w \u0141odzi. Zdj\u0119cie mo\u017ce odbiega\u0107 kolorystycznie od wygl\u0105du rzeczywistego produktu, z uwagi na ustawienia monitora. Produkt nale\u017cy stosowa\u0107 pod opiek\u0105 rodzica.Sk\u0142ad:100% cotton, druga strona polar minky 100 % polyester Bawe\u0142na i nadruk posiadaj\u0105 Certyfikat OEKO-TEX 100 klasa IWype\u0142nienie:antyalergiczna, oddychaj\u0105ca w\u0142\u00f3knina silikonowa, kt\u00f3ra nie zmienia swojej struktury podczas prania i u\u017cytkowania. Posiada Certyfikat OEKO-TEX 100 klasa ISpos\u00f3b prania:*pra\u0107 w temp. 30\u00b0C program delikatny &#8211; max. 800 obrot\u00f3w wirowania, *nie suszy\u0107 w suszarce b\u0119bnowej *nie stosowa\u0107 wybielaczy, *nie pra\u0107 r\u0119cznie*zalecamy pranie przed pierwszym u\u017cyciem* prasowa\u0107 tylko tkanin\u0119 bawe\u0142nian\u0105 , w temperaturze do 110\u00b0,*Prasowac tylko po stronie bawe\u0142ny *Nie prasowa\u0107 pluszu Minky !<\/p>\n<h2>Mia Home Aka Weso\u0142e Tygrysy 75X100Cm Fuchsia MIA Home<\/h2>\n<p>kawa\u0142y na prima aprilis dla rodzic\u00f3w, \u017cyczenia na lany poniedzia\u0142ek wielkanocny, kolorowe ciasto, bajki dla niemowl\u0105t, cytaty o dziecku i mamie, kolorowanki na andrzejki do wydruku, bardzo trudne zagadki<\/p>\n<p>yyyyy<\/p>\n<p>&nbsp;<\/p>\n","protected":false},"excerpt":{"rendered":"<p>Kocyk \u015aredniaka 75 x 100 ( +\/- 2 cm) Uniwersalny rozmiar kocyka, doskonale sprawdza si\u0119 w domu, na spacerze i wyje\u017adzie.Kocyk wykonany jest z wysokogatunkowej bawe\u0142ny 100%, kt\u00f3r\u0105 z drugiej strony uzupe\u0142nia mi\u0119ciutki plusz minky. \u015arodek kocyka wype\u0142niony jest antyalergiczn\u0105 w\u0142\u00f3knin\u0105 wysokopuszyst\u0105 silikonow\u0105. Zapewnia ona dziecku ciep\u0142o oraz wygod\u0119 podczas u\u017cytkowania.Kocyk idealnie sprawdza si\u0119 od [&hellip;]<\/p>\n","protected":false},"featured_media":7535,"comment_status":"closed","ping_status":"open","template":"","meta":[],"product_cat":[994,1012],"product_tag":[648,727,580,787,682],"class_list":["post-7534","product","type-product","status-publish","has-post-thumbnail","hentry","product_cat-komplety-poscieli-dla-dzieci","product_cat-mia-home","product_tag-dobrej-nocy-i-sza","product_tag-godlo-polski-do-druku","product_tag-janusz","product_tag-nauka-pisania-wyrazow-dla-dzieci-do-druku-pdf","product_tag-przyjazn-cytaty"],"_links":{"self":[{"href":"http:\/\/klubmamgdynia.pl\/index.php\/wp-json\/wp\/v2\/product\/7534","targetHints":{"allow":["GET"]}}],"collection":[{"href":"http:\/\/klubmamgdynia.pl\/index.php\/wp-json\/wp\/v2\/product"}],"about":[{"href":"http:\/\/klubmamgdynia.pl\/index.php\/wp-json\/wp\/v2\/types\/product"}],"replies":[{"embeddable":true,"href":"http:\/\/klubmamgdynia.pl\/index.php\/wp-json\/wp\/v2\/comments?post=7534"}],"wp:featuredmedia":[{"embeddable":true,"href":"http:\/\/klubmamgdynia.pl\/index.php\/wp-json\/wp\/v2\/media\/7535"}],"wp:attachment":[{"href":"http:\/\/klubmamgdynia.pl\/index.php\/wp-json\/wp\/v2\/media?parent=7534"}],"wp:term":[{"taxonomy":"product_cat","embeddable":true,"href":"http:\/\/klubmamgdynia.pl\/index.php\/wp-json\/wp\/v2\/product_cat?post=7534"},{"taxonomy":"product_tag","embeddable":true,"href":"http:\/\/klubmamgdynia.pl\/index.php\/wp-json\/wp\/v2\/product_tag?post=7534"}],"curies":[{"name":"wp","href":"https:\/\/api.w.org\/{rel}","templated":true}]}}