{"id":7536,"date":"2017-05-21T00:19:56","date_gmt":"2017-05-20T22:19:56","guid":{"rendered":"http:\/\/klubmamgdynia.pl\/index.php\/produkt\/tm-toys-swinka-peppa-kocyk-07424\/"},"modified":"2026-04-14T23:19:26","modified_gmt":"2026-04-14T21:19:26","slug":"tm-toys-swinka-peppa-kocyk-07424","status":"publish","type":"product","link":"http:\/\/klubmamgdynia.pl\/index.php\/produkt\/tm-toys-swinka-peppa-kocyk-07424\/","title":{"rendered":"Tm Toys \u015awinka Peppa Kocyk 07424"},"content":{"rendered":"<p>SUPER CENA &#8211; TANIA DOSTAWA ! &#8211; tm toys \u015awinka Peppa Kocyk 07424 &#8211; PACZKOMAT, POCZTA, KURIER<\/p>\n<h2>Tm Toys \u015awinka Peppa Kocyk 07424 TM Toys<\/h2>\n<p>andrea, na wyspach bergamuta, prezent dla dziecka 1 rok, zagadki trudne, prezent na roczek od babci, zagadki \u015bmieszne, prezenty dla nastolatk\u00f3w, szybkie zagadki matematyczne, kolorowanka do druku super zings, elzbieta imie, ahmed, wierszyk o choince, pi\u0119kne cytaty o synku, alan znaczenie imienia, psikusy na prima aprilis<\/p>\n<p>yyyyy<\/p>\n<p>&nbsp;<\/p>\n","protected":false},"excerpt":{"rendered":"<p>SUPER CENA &#8211; TANIA DOSTAWA ! &#8211; tm toys \u015awinka Peppa Kocyk 07424 &#8211; PACZKOMAT, POCZTA, KURIER Tm Toys \u015awinka Peppa Kocyk 07424 TM Toys andrea, na wyspach bergamuta, prezent dla dziecka 1 rok, zagadki trudne, prezent na roczek od babci, zagadki \u015bmieszne, prezenty dla nastolatk\u00f3w, szybkie zagadki matematyczne, kolorowanka do druku super zings, elzbieta [&hellip;]<\/p>\n","protected":false},"featured_media":7537,"comment_status":"closed","ping_status":"open","template":"","meta":[],"product_cat":[145,26],"product_tag":[669,782,701],"class_list":["post-7536","product","type-product","status-publish","has-post-thumbnail","hentry","product_cat-tm-toys","product_cat-zabawki-do-wozka-lozeczka-i-fotelika","product_tag-kolorowanki","product_tag-zagadki-dla-dzieci-z-odpowiedziami","product_tag-zgadywanki-dla-dzieci"],"_links":{"self":[{"href":"http:\/\/klubmamgdynia.pl\/index.php\/wp-json\/wp\/v2\/product\/7536","targetHints":{"allow":["GET"]}}],"collection":[{"href":"http:\/\/klubmamgdynia.pl\/index.php\/wp-json\/wp\/v2\/product"}],"about":[{"href":"http:\/\/klubmamgdynia.pl\/index.php\/wp-json\/wp\/v2\/types\/product"}],"replies":[{"embeddable":true,"href":"http:\/\/klubmamgdynia.pl\/index.php\/wp-json\/wp\/v2\/comments?post=7536"}],"wp:featuredmedia":[{"embeddable":true,"href":"http:\/\/klubmamgdynia.pl\/index.php\/wp-json\/wp\/v2\/media\/7537"}],"wp:attachment":[{"href":"http:\/\/klubmamgdynia.pl\/index.php\/wp-json\/wp\/v2\/media?parent=7536"}],"wp:term":[{"taxonomy":"product_cat","embeddable":true,"href":"http:\/\/klubmamgdynia.pl\/index.php\/wp-json\/wp\/v2\/product_cat?post=7536"},{"taxonomy":"product_tag","embeddable":true,"href":"http:\/\/klubmamgdynia.pl\/index.php\/wp-json\/wp\/v2\/product_tag?post=7536"}],"curies":[{"name":"wp","href":"https:\/\/api.w.org\/{rel}","templated":true}]}}