{"id":7538,"date":"2019-11-16T22:27:35","date_gmt":"2019-11-16T21:27:35","guid":{"rendered":"http:\/\/klubmamgdynia.pl\/index.php\/produkt\/majorette-porsche-edition-porsche-cayenne-2053057\/"},"modified":"2026-05-17T22:07:00","modified_gmt":"2026-05-17T20:07:00","slug":"majorette-porsche-edition-porsche-cayenne-2053057","status":"publish","type":"product","link":"http:\/\/klubmamgdynia.pl\/index.php\/produkt\/majorette-porsche-edition-porsche-cayenne-2053057\/","title":{"rendered":"Majorette Porsche Edition Porsche Cayenne 2053057"},"content":{"rendered":"<p>Majorette Porsche Edition Porsche Cayenne 2053057Majorette jest kultow\u0105 francusk\u0105 mark\u0105 popularn\u0105 na ca\u0142ym \u015bwiecie w\u015br\u00f3d fan\u00f3w samochod\u00f3w.Przez dekady te niewielkie 7,5 centymetrowe samochodziki zyska\u0142y mi\u0119dzynarodow\u0105 s\u0142aw\u0119. Dla wielu pokole\u0144 sta\u0142y si\u0119 obiektami kolekcjonerskimi lub po prostu przedmiotami do wielogodzinnej zabawy. Od lat Majorette wsp\u00f3\u0142pracuje z przedstawicielami bran\u017cy motoryzacyjnej, co pozwoli\u0142o udoskonali\u0107 i tak bardzo realistycznie odwzorowywa\u0107 modele pojazd\u00f3w. Od samochod\u00f3w osobowych, komercyjnych i budowlanych, a\u017c po samochody wy\u015bcigowe oraz zestawy do zabawy &#8211; r\u00f3\u017cnorodno\u015b\u0107 sprawia, \u017ce ka\u017cdy znajdzie co\u015b dla siebie.Majorette Porsche Edition &#8211; Porsche Premium Cars: nie ma nic bardziej ekskluzywnego!Nowa gama Majorette Porsche Premium Cars jest przyk\u0142adem r\u00f3\u017cnorodno\u015bci floty Porsche. Obejmuje Porsche 911 GT3 RS z malowaniem \u201er\u00f3\u017cowej \u015bwini\u201d, a tak\u017ce wy\u015bcigow\u0105 wersj\u0119 legendarnego pojazdu. Inne modele to klasyki, takie jak Porsche 934, Porsche Panamera Turbo z mi\u0119dzynarodowym wzorem policyjnym i Porsche 718 Boxster. Oferta obejmuje r\u00f3wnie\u017c Porsche Cayenne turbo S E-Hybrid. Modele odlewane ci\u015bnieniowo maj\u0105 kr\u0119c\u0105ce si\u0119 ko\u0142a, a tak\u017ce ruchome elementy: otwierane drzwi i klapy, dzi\u0119ki czemu mo\u017cna zajrze\u0107 do \u015brodka samochodu i podziwia\u0107 jego idealnie odwzorowane wn\u0119trze. Do ka\u017cdego samochodu do\u0142\u0105czona jest ulotka kolekcjonerska prezentuj\u0105ca wszystkie dost\u0119pne w serii pojazdy.Charakterystyka produktu:ruchome k\u00f3\u0142ka na osiachotwierane elementy: drzwi, maska lub klapa baga\u017cnikad\u0142ugo\u015b\u0107 ok. 7 cm.ulotka kolekcjonerska<\/p>\n<h2>Majorette Porsche Edition Porsche Cayenne 2053057 Majorette<\/h2>\n<p>platformy edukacyjne dla dzieci, psi patrol kolorowanka do druku, malowanki, zagadki \u015bwi\u0105teczne dla dzieci, cytaty z ma\u0142ego ksi\u0119cia, kartka walentynkow\u0105 przedszkole, ninjago kolorowanki, kolorowanki do druku zwierz\u0119ta, kr\u00f3tkie zagadki logiczne, zabawy dla 5 6 latk\u00f3w, \u015bmieszne zagadki dla dzieci, test z ani z zielonego wzg\u00f3rza, wzruszaj\u0105ce s\u0142owa dla przyjaci\u00f3\u0142ki, halloween dla dzieci 2021, zagadki dla dzieci 5 lat, parasol szablon do wydruku, gabriela, imi\u0119 kuba, zagadki dla dzieci do druku, kanapki dla dzieci<\/p>\n<p>yyyyy<\/p>\n<p>&nbsp;<\/p>\n","protected":false},"excerpt":{"rendered":"<p>Majorette Porsche Edition Porsche Cayenne 2053057Majorette jest kultow\u0105 francusk\u0105 mark\u0105 popularn\u0105 na ca\u0142ym \u015bwiecie w\u015br\u00f3d fan\u00f3w samochod\u00f3w.Przez dekady te niewielkie 7,5 centymetrowe samochodziki zyska\u0142y mi\u0119dzynarodow\u0105 s\u0142aw\u0119. Dla wielu pokole\u0144 sta\u0142y si\u0119 obiektami kolekcjonerskimi lub po prostu przedmiotami do wielogodzinnej zabawy. Od lat Majorette wsp\u00f3\u0142pracuje z przedstawicielami bran\u017cy motoryzacyjnej, co pozwoli\u0142o udoskonali\u0107 i tak bardzo realistycznie [&hellip;]<\/p>\n","protected":false},"featured_media":7539,"comment_status":"closed","ping_status":"open","template":"","meta":[],"product_cat":[83,343],"product_tag":[842,643,659,708,628],"class_list":["post-7538","product","type-product","status-publish","has-post-thumbnail","hentry","product_cat-auta-i-inne-pojazdy-do-zabawy","product_cat-majorette","product_tag-plac-zabaw-poznan","product_tag-prezent-dla-17-latki","product_tag-tupu-tup-po-sniegu-tekst","product_tag-zabawy-ruchowe-dla-dzieci","product_tag-zagadka"],"_links":{"self":[{"href":"http:\/\/klubmamgdynia.pl\/index.php\/wp-json\/wp\/v2\/product\/7538","targetHints":{"allow":["GET"]}}],"collection":[{"href":"http:\/\/klubmamgdynia.pl\/index.php\/wp-json\/wp\/v2\/product"}],"about":[{"href":"http:\/\/klubmamgdynia.pl\/index.php\/wp-json\/wp\/v2\/types\/product"}],"replies":[{"embeddable":true,"href":"http:\/\/klubmamgdynia.pl\/index.php\/wp-json\/wp\/v2\/comments?post=7538"}],"wp:featuredmedia":[{"embeddable":true,"href":"http:\/\/klubmamgdynia.pl\/index.php\/wp-json\/wp\/v2\/media\/7539"}],"wp:attachment":[{"href":"http:\/\/klubmamgdynia.pl\/index.php\/wp-json\/wp\/v2\/media?parent=7538"}],"wp:term":[{"taxonomy":"product_cat","embeddable":true,"href":"http:\/\/klubmamgdynia.pl\/index.php\/wp-json\/wp\/v2\/product_cat?post=7538"},{"taxonomy":"product_tag","embeddable":true,"href":"http:\/\/klubmamgdynia.pl\/index.php\/wp-json\/wp\/v2\/product_tag?post=7538"}],"curies":[{"name":"wp","href":"https:\/\/api.w.org\/{rel}","templated":true}]}}