{"id":7540,"date":"2015-08-06T10:43:55","date_gmt":"2015-08-06T08:43:55","guid":{"rendered":"http:\/\/klubmamgdynia.pl\/index.php\/produkt\/tullo-grzechotka-kolorowe-kulki-serce-310\/"},"modified":"2026-05-17T22:20:21","modified_gmt":"2026-05-17T20:20:21","slug":"tullo-grzechotka-kolorowe-kulki-serce-310","status":"publish","type":"product","link":"http:\/\/klubmamgdynia.pl\/index.php\/produkt\/tullo-grzechotka-kolorowe-kulki-serce-310\/","title":{"rendered":"Tullo Grzechotka Kolorowe Kulki Serce 310"},"content":{"rendered":"<p>Pi\u0119kna klasyczna grzechotka idealnie stymuluje zmys\u0142 s\u0142uchu, wzroku oraz dotyku Twojego malucha. Co potrafi\u0105 zabawki Tullo: lekka konstrukcja oraz odpowiedni rozmiar dla ma\u0142ej r\u0105czki zach\u0119caj\u0105 do chwytania r\u00f3\u017cne struktury powierzchni rozwijaj\u0105 zmys\u0142 dotyku rozwija koordynacj\u0119 wzrokowo-s\u0142uchowo-ruchow\u0105 r\u00f3\u017cnorodna kolorystyka i kszta\u0142ty zach\u0119caj\u0105 do \u0107wicze\u0144 i zabawy Zabawki Tullo s\u0105 bezpieczne: wykonane s\u0105 ca\u0142kowicie w Polsce z najwy\u017cszej jako\u015b\u0107 atestowanych surowc\u00f3w nie zawieraj\u0105 ftalan\u00f3w, BPA, metali ci\u0119\u017ckich<\/p>\n<h2>Tullo Grzechotka Kolorowe Kulki Serce 310 Tullo<\/h2>\n<p>kolorowanki super zings, zagadki matematyczne, co oznacza imi\u0119 alan, bajki na dobranoc do czytania, kolorowanki pieski, prezent na roczek dla ch\u0142opca, kolorowanki dla dziewczyn, zima z\u0142a tekst<\/p>\n<p>yyyyy<\/p>\n<p>&nbsp;<\/p>\n","protected":false},"excerpt":{"rendered":"<p>Pi\u0119kna klasyczna grzechotka idealnie stymuluje zmys\u0142 s\u0142uchu, wzroku oraz dotyku Twojego malucha. Co potrafi\u0105 zabawki Tullo: lekka konstrukcja oraz odpowiedni rozmiar dla ma\u0142ej r\u0105czki zach\u0119caj\u0105 do chwytania r\u00f3\u017cne struktury powierzchni rozwijaj\u0105 zmys\u0142 dotyku rozwija koordynacj\u0119 wzrokowo-s\u0142uchowo-ruchow\u0105 r\u00f3\u017cnorodna kolorystyka i kszta\u0142ty zach\u0119caj\u0105 do \u0107wicze\u0144 i zabawy Zabawki Tullo s\u0105 bezpieczne: wykonane s\u0105 ca\u0142kowicie w Polsce z [&hellip;]<\/p>\n","protected":false},"featured_media":7541,"comment_status":"closed","ping_status":"open","template":"","meta":[],"product_cat":[63,333],"product_tag":[801,609,873],"class_list":["post-7540","product","type-product","status-publish","has-post-thumbnail","hentry","product_cat-grzechotki-i-gryzaki","product_cat-tullo","product_tag-bajki-terapeutyczne-o-emocjach","product_tag-quiz-flagi-europy","product_tag-zagadki-z-odpowiedziami-dla-dzieci"],"_links":{"self":[{"href":"http:\/\/klubmamgdynia.pl\/index.php\/wp-json\/wp\/v2\/product\/7540","targetHints":{"allow":["GET"]}}],"collection":[{"href":"http:\/\/klubmamgdynia.pl\/index.php\/wp-json\/wp\/v2\/product"}],"about":[{"href":"http:\/\/klubmamgdynia.pl\/index.php\/wp-json\/wp\/v2\/types\/product"}],"replies":[{"embeddable":true,"href":"http:\/\/klubmamgdynia.pl\/index.php\/wp-json\/wp\/v2\/comments?post=7540"}],"wp:featuredmedia":[{"embeddable":true,"href":"http:\/\/klubmamgdynia.pl\/index.php\/wp-json\/wp\/v2\/media\/7541"}],"wp:attachment":[{"href":"http:\/\/klubmamgdynia.pl\/index.php\/wp-json\/wp\/v2\/media?parent=7540"}],"wp:term":[{"taxonomy":"product_cat","embeddable":true,"href":"http:\/\/klubmamgdynia.pl\/index.php\/wp-json\/wp\/v2\/product_cat?post=7540"},{"taxonomy":"product_tag","embeddable":true,"href":"http:\/\/klubmamgdynia.pl\/index.php\/wp-json\/wp\/v2\/product_tag?post=7540"}],"curies":[{"name":"wp","href":"https:\/\/api.w.org\/{rel}","templated":true}]}}