{"id":7544,"date":"2011-05-05T22:35:47","date_gmt":"2011-05-05T20:35:47","guid":{"rendered":"http:\/\/klubmamgdynia.pl\/index.php\/produkt\/monovisc-ampulko-strzykawka-88mg-4-ml\/"},"modified":"2026-04-05T17:17:53","modified_gmt":"2026-04-05T15:17:53","slug":"monovisc-ampulko-strzykawka-88mg-4-ml","status":"publish","type":"product","link":"http:\/\/klubmamgdynia.pl\/index.php\/produkt\/monovisc-ampulko-strzykawka-88mg-4-ml\/","title":{"rendered":"Monovisc Ampu\u0142ko-strzykawka 88mg\/4 ml"},"content":{"rendered":"<p>Wyr\u00f3b medyczny zawiera ja\u0142owy, niepirogenny roztw\u00f3r hialuronu sodu, s\u0142abo usieciowanego przy u\u017cyciu zastrze\u017conego chemicznego czujnika sieciuj\u0105cego. Produkowany jest z ultra czystego hialuronu o du\u017cej masie cz\u0105steczkowej, otrzymanego w procesie fermentacji bakteryjnej. Kwas hialuronowy to naturalny kompleks polisacharydu z grupy glikozaminoglikan\u00f3w. Spe\u0142nia w tkankach rol\u0119 nawil\u017caj\u0105c\u0105, utrzymuje ich rozdzia\u0142 i zmniejsza obci\u0105\u017cenie mechaniczne staw\u00f3w.Zawiera nisko-usieciowany hialuronian sodu (NaHA) rozpuszczony w soli fizjologicznej, buforowanej fosforanem o st\u0119\u017ceniu fizjologicznym, osmolowym.Wykonany z ultra czystego, wytwarzanego w wyniku fermentacji bakteryjnej, hialuronianu sodu o du\u017cej masie cz\u0105steczkowej.Stawy dotkni\u0119te chorob\u0105 zwyrodnieniow\u0105 maj\u0105 zwykle ni\u017csze st\u0119\u017cenie kwasu hialuronowego w p\u0142ynie stawowym. W rezultacie p\u0142yn stawowy ma r\u00f3wnie\u017c mniejsz\u0105 lepko\u015b\u0107 i elastyczno\u015b\u0107, co zmniejsza jego zdolno\u015b\u0107 do nawil\u017cania stawu i amortyzowania wstrz\u0105s\u00f3w.Wisko suplementacja produktem Monovisc ma na celu zast\u0105pienie naturalnego kwasu hialuronowego, zapewniaj\u0105c znaczne zmniejszenie b\u00f3lu spowodowanego chorob\u0105 zwyrodnieniow\u0105 staw\u00f3w. Monovisc jest wskazany jako suplement wiskoelastyczny lub zamiennik mazi stawowej w ludzkich stawach. Nadaje si\u0119 do leczenia objaw\u00f3w dysfunkcji stawowych u ludzi, takich jak choroba zwyrodnieniowa staw\u00f3w. Dzia\u0142anie Monoviscu polega na nawil\u017ceniu i wsparciu mechanicznym.                            <\/p>\n<p>            Dawkowanie<\/p>\n<p>Wymagan\u0105 ilo\u015b\u0107 preparatu wstrzykuje si\u0119 do przestrzeni stawowej przy u\u017cyciu ja\u0142owej, jednorazowej ig\u0142y podsk\u00f3rnej odpowiedniego rozmiaru.\u00a0Ja\u0142owa ig\u0142a musi zosta\u0107 na\u0142o\u017cona na strzykawk\u0119 z preparatem przez wykwalifikowanego pracownika s\u0142u\u017cby zdrowia, z zastosowaniem technik antyseptycznych.\u00a0W przypadku iniekcji do stawu kolanowego stosuje si\u0119 zwykle rozmiar ig\u0142y 18-21. Ostateczn\u0105 decyzj\u0119 dotycz\u0105c\u0105 doboru ig\u0142y do danej procedury podejmuje lekarz. Przed wstrzykni\u0119ciem preparatu lekarz musi upewni\u0107 si\u0119, \u017ce ig\u0142a zosta\u0142a wk\u0142uta do przestrzeni maziowej.                            <\/p>\n<p>            Sk\u0142ad<\/p>\n<p>1ml preparatu zawiera 22mg s\u0142abo usieciowanego hialuronu sodu w roztworze soli fizjologicznej buforowanej fosforanami.<\/p>\n<h2>Monovisc Ampu\u0142ko-strzykawka 88mg\/4 ml Estheticpharma<\/h2>\n<p>kolorowanka my little pony, julian, estera, kolorowanka minecraft, bajki terapeutyczne o emocjach pdf, kr\u00f3tkie bajki dla dzieci, pomysly na prima aprilis, pierwsze urodziny prezent na roczek dla dziewczynki, cytaty o przyja\u017ani kr\u00f3tkie, kolorowanka lego friends, kr\u00f3tkie \u017cyczenia wielkanocne dla dzieci, imi\u0119 gaja, zaproszenia do druku, prezent na \u015bwi\u0119ta dla nastolatka, zagadki slowne, imi\u0119 mira, maciej imie, quiz dynastia mizio\u0142k\u00f3w, bajki dla niemowl\u0105t<\/p>\n<p>yyyyy<\/p>\n<p>&nbsp;<\/p>\n","protected":false},"excerpt":{"rendered":"<p>Wyr\u00f3b medyczny zawiera ja\u0142owy, niepirogenny roztw\u00f3r hialuronu sodu, s\u0142abo usieciowanego przy u\u017cyciu zastrze\u017conego chemicznego czujnika sieciuj\u0105cego. Produkowany jest z ultra czystego hialuronu o du\u017cej masie cz\u0105steczkowej, otrzymanego w procesie fermentacji bakteryjnej. Kwas hialuronowy to naturalny kompleks polisacharydu z grupy glikozaminoglikan\u00f3w. Spe\u0142nia w tkankach rol\u0119 nawil\u017caj\u0105c\u0105, utrzymuje ich rozdzia\u0142 i zmniejsza obci\u0105\u017cenie mechaniczne staw\u00f3w.Zawiera nisko-usieciowany hialuronian [&hellip;]<\/p>\n","protected":false},"featured_media":7545,"comment_status":"closed","ping_status":"open","template":"","meta":[],"product_cat":[1615,1616],"product_tag":[847,583,704,803,737,824],"class_list":["post-7544","product","type-product","status-publish","has-post-thumbnail","hentry","product_cat-estheticpharma","product_cat-pozostale-artykuly-medyczne-i-rehabilitacyjne","product_tag-kolorowanki-pokemon","product_tag-kolysanki-dla-dzieci-tekst","product_tag-prezent-dla-nastolatka","product_tag-szlaczki-do-druku","product_tag-test-z-lektury-felix-net-i-nika-oraz-gang-niewidzialnych-ludzi","product_tag-warszawa-atrakcje-dla-dzieci"],"_links":{"self":[{"href":"http:\/\/klubmamgdynia.pl\/index.php\/wp-json\/wp\/v2\/product\/7544","targetHints":{"allow":["GET"]}}],"collection":[{"href":"http:\/\/klubmamgdynia.pl\/index.php\/wp-json\/wp\/v2\/product"}],"about":[{"href":"http:\/\/klubmamgdynia.pl\/index.php\/wp-json\/wp\/v2\/types\/product"}],"replies":[{"embeddable":true,"href":"http:\/\/klubmamgdynia.pl\/index.php\/wp-json\/wp\/v2\/comments?post=7544"}],"wp:featuredmedia":[{"embeddable":true,"href":"http:\/\/klubmamgdynia.pl\/index.php\/wp-json\/wp\/v2\/media\/7545"}],"wp:attachment":[{"href":"http:\/\/klubmamgdynia.pl\/index.php\/wp-json\/wp\/v2\/media?parent=7544"}],"wp:term":[{"taxonomy":"product_cat","embeddable":true,"href":"http:\/\/klubmamgdynia.pl\/index.php\/wp-json\/wp\/v2\/product_cat?post=7544"},{"taxonomy":"product_tag","embeddable":true,"href":"http:\/\/klubmamgdynia.pl\/index.php\/wp-json\/wp\/v2\/product_tag?post=7544"}],"curies":[{"name":"wp","href":"https:\/\/api.w.org\/{rel}","templated":true}]}}