{"id":7548,"date":"2012-03-13T14:49:33","date_gmt":"2012-03-13T13:49:33","guid":{"rendered":"http:\/\/klubmamgdynia.pl\/index.php\/produkt\/domowa-apteczka-tran-z-rekina-dla-dzieci-powyzej-3-lat-i-doroslych-smak-malinowy-330-ml\/"},"modified":"2026-05-17T22:03:47","modified_gmt":"2026-05-17T20:03:47","slug":"domowa-apteczka-tran-z-rekina-dla-dzieci-powyzej-3-lat-i-doroslych-smak-malinowy-330-ml","status":"publish","type":"product","link":"http:\/\/klubmamgdynia.pl\/index.php\/produkt\/domowa-apteczka-tran-z-rekina-dla-dzieci-powyzej-3-lat-i-doroslych-smak-malinowy-330-ml\/","title":{"rendered":"Domowa Apteczka Tran z Rekina, dla dzieci powy\u017cej 3 lat i doros\u0142ych, smak malinowy, 330 ml"},"content":{"rendered":"<p>Tran Z Rekina Grenlandzkiego Syrop wzmacniaj\u0105cy odporno\u015b\u0107<\/p>\n<p>Domowa Apteczka, Tran z rekina grenlandzkiego, smakowita malina, powy\u017cej 1 roku, 330mlAlkiloglicerole zawarte w oleju z w\u0105troby rekina to eterowe lipidy o du\u017cej aktywno\u015bci biochemicznej. Wyst\u0119puj\u0105 w niewielkiej ilo\u015bci w mleku cz\u0142owieka oraz w uk\u0142adzie krwiotw\u00f3rczym cz\u0142owieka. W oleju rekin\u00f3w, zale\u017cnie od gatunku, wyst\u0119puje minimum 20% alkilogliceroli. S\u0105 \u0142atwo wch\u0142aniane z przewodu pokarmowego.Sk\u0142adniki zawarte w suplemencie diety Tran z rekina grenlandzkiego takie jak witamina A, C, D, cynk oraz selen pomagaj\u0105 w prawid\u0142owym funkcjonowaniu uk\u0142adu odporno\u015bciowego. Dodatkowo wywieraj\u0105 korzystny wp\u0142yw na zdrowe ko\u015bci i z\u0119by (witamina C, D), pomagaj\u0105 tak\u017ce chroni\u0107 kom\u00f3rki przed stresem oksydacyjnym (witamina C, E).Zastosowanie: sk\u0142adniki preparatu wspomagaj\u0105 odporno\u015b\u0107 organizmu.Zalecane spo\u017cycie:\u00a0dzieci w wieku powy\u017cej 1 roku do 3 lat: 1 \u0142y\u017ceczka dziennie (5ml). Dzieci powy\u017cej 3 lat i osoby doros\u0142e: 2 \u0142y\u017ceczki dziennie (10ml). Przed u\u017cyciem mocno wstrz\u0105sn\u0105\u0107.Sk\u0142adniki: EmulOil [substancja wype\u0142niaj\u0105ca (maltitole), olej z w\u0105troby\u00a0rekina\u00a0grenlandzkiego, woda, aromaty w tym aromat naturalny, substancje zag\u0119szczaj\u0105ce (s\u00f3l sodowa oktenylobursztynianu skrobiowego, guma ksantanowa), emulgator (mono- i diglicerydy kwas\u00f3w t\u0142uszczowych)], woda, kwas L-askorbinowy, regulator kwasowo\u015bci (kwas cytrynowy), substancja konserwuj\u0105ca (sorbinian potasu), octan DL-alfa-tokoferylu, tlenek cynku, przeciwutleniacz (estry kwas\u00f3w t\u0142uszczowych i kwasu askorbinowego), substancja s\u0142odz\u0105ca (glikozydy stewiolowe), barwnik (koszenila), octan retinylu, cholekalcyferol, selenian (IV) sodu.1 \u0142y\u017ceczka (5ml) zawiera: olej z w\u0105troby rekina grenlandzkiego 1011mg (w tym alkiloglicerole 202mg), witamina C 12mg (15%)*, witamina E 1,8mg (ekwiwalentu alfa-tokoferolu) (15%)*, cynk 1,5mg (15%)*, witamina A 120mcg (ekwiwalentu retinolu) (15%)*, selen 8,2mcg (15%)*, witamina D 12,5mcg (500j.m.) (250%)*.*RWS &#8211; procent referencyjnej warto\u015bci spo\u017cyciaPrzeciwwskazania: niewskazane dla os\u00f3b uczulonych na jakikolwiek sk\u0142adnik preparatu. Kobiety w ci\u0105\u017cy i karmi\u0105ce piersi\u0105: nale\u017cy skonsultowa\u0107 si\u0119 z lekarzem.Wa\u017cne wskaz\u00f3wki:Nie nale\u017cy przekracza\u0107 dziennej zalecanej porcji do spo\u017cycia.Zr\u00f3wnowa\u017cona i zr\u00f3\u017cnicowana dieta oraz zdrowy styl \u017cycia s\u0105 podstaw\u0105 zapewnienia prawid\u0142owego funkcjonowania organizmu.Suplement diety nie mo\u017ce by\u0107 stosowany jako substytut (zamiennik) zr\u00f3\u017cnicowanej diety.Przechowywa\u0107 w temperaturze pokojowej, w miejscu niedost\u0119pnym dla ma\u0142ych dzieci.Chroni\u0107 przed \u015bwiat\u0142em i wilgoci\u0105.Po otwarciu butelki produkt przechowywa\u0107 w lod\u00f3wce.Po otwarciu butelki, produkt nale\u017cy spo\u017cy\u0107 w ci\u0105gu 60 dni.Osad w butelce jest procesem naturalnym.Bez dodatku cukru. Zawiera naturalnie wyst\u0119puj\u0105ce cukry.Zawiera substancje s\u0142odz\u0105ce (glikozydy stewiolowe, bezpieczne dla diabetyk\u00f3w).Produkt bezglutenowy.Bez poskamu ryby.Certyfikowany olej rybi zawarty w produkcie jest wytwarzany w Islandii z poszanowaniem \u015brodowiska naturalnego.Jest badany na obecno\u015b\u0107 metali ci\u0119\u017ckich, dioksyn oraz innych zanieczyszcze\u0144.<\/p>\n<h2>Domowa Apteczka Tran z Rekina, dla dzieci powy\u017cej 3 lat i doros\u0142ych, smak malinowy, 330 ml Domowa Apteczka<\/h2>\n<p>lilianna, pawe\u0142, zagadki kr\u00f3tkie, \u017carty na prima aprilis w domu, kartka walentynkowa r\u0119cznie robiona \u0142atwa<\/p>\n<p>yyyyy<\/p>\n<p>&nbsp;<\/p>\n","protected":false},"excerpt":{"rendered":"<p>Tran Z Rekina Grenlandzkiego Syrop wzmacniaj\u0105cy odporno\u015b\u0107 Domowa Apteczka, Tran z rekina grenlandzkiego, smakowita malina, powy\u017cej 1 roku, 330mlAlkiloglicerole zawarte w oleju z w\u0105troby rekina to eterowe lipidy o du\u017cej aktywno\u015bci biochemicznej. Wyst\u0119puj\u0105 w niewielkiej ilo\u015bci w mleku cz\u0142owieka oraz w uk\u0142adzie krwiotw\u00f3rczym cz\u0142owieka. W oleju rekin\u00f3w, zale\u017cnie od gatunku, wyst\u0119puje minimum 20% alkilogliceroli. S\u0105 [&hellip;]<\/p>\n","protected":false},"featured_media":7549,"comment_status":"closed","ping_status":"open","template":"","meta":[],"product_cat":[1617,1533],"product_tag":[664,801,861,652,692],"class_list":["post-7548","product","type-product","status-publish","has-post-thumbnail","hentry","product_cat-domowa-apteczka","product_cat-suplementy-dla-dzieci","product_tag-atrakcje-dla-dzieci-trojmiasto","product_tag-bajki-terapeutyczne-o-emocjach","product_tag-jak-narysowac-psa","product_tag-otto","product_tag-prezenty-na-roczek"],"_links":{"self":[{"href":"http:\/\/klubmamgdynia.pl\/index.php\/wp-json\/wp\/v2\/product\/7548","targetHints":{"allow":["GET"]}}],"collection":[{"href":"http:\/\/klubmamgdynia.pl\/index.php\/wp-json\/wp\/v2\/product"}],"about":[{"href":"http:\/\/klubmamgdynia.pl\/index.php\/wp-json\/wp\/v2\/types\/product"}],"replies":[{"embeddable":true,"href":"http:\/\/klubmamgdynia.pl\/index.php\/wp-json\/wp\/v2\/comments?post=7548"}],"wp:featuredmedia":[{"embeddable":true,"href":"http:\/\/klubmamgdynia.pl\/index.php\/wp-json\/wp\/v2\/media\/7549"}],"wp:attachment":[{"href":"http:\/\/klubmamgdynia.pl\/index.php\/wp-json\/wp\/v2\/media?parent=7548"}],"wp:term":[{"taxonomy":"product_cat","embeddable":true,"href":"http:\/\/klubmamgdynia.pl\/index.php\/wp-json\/wp\/v2\/product_cat?post=7548"},{"taxonomy":"product_tag","embeddable":true,"href":"http:\/\/klubmamgdynia.pl\/index.php\/wp-json\/wp\/v2\/product_tag?post=7548"}],"curies":[{"name":"wp","href":"https:\/\/api.w.org\/{rel}","templated":true}]}}