{"id":7550,"date":"2021-08-22T11:27:26","date_gmt":"2021-08-22T09:27:26","guid":{"rendered":"http:\/\/klubmamgdynia.pl\/index.php\/produkt\/classicworld-tor-wysciogowy-formula-1\/"},"modified":"2026-05-17T22:23:43","modified_gmt":"2026-05-17T20:23:43","slug":"classicworld-tor-wysciogowy-formula-1","status":"publish","type":"product","link":"http:\/\/klubmamgdynia.pl\/index.php\/produkt\/classicworld-tor-wysciogowy-formula-1\/","title":{"rendered":"Classicworld Tor Wy\u015bciogowy Formu\u0142a 1"},"content":{"rendered":"<p>\u015awietna Zabawka dla ka\u017cdego ma\u0142ego amatora wy\u015bcig\u00f3w. Niepowtarzalny design i trwa\u0142o\u015b\u0107 wykonania. Idealne uzupe\u0142nienie ka\u017cdego dzieci\u0119cego pokoju.Dlaczego w\u0142a\u015bnie ta zabawka:Zapewni d\u0142ugie godziny zabawy\u015awietna jako\u015b\u0107 wykonaniaEKO zabawka &#8211; wykonana z drewna w 100% bezpieczna dla Twojego dzieckaEleganckie oryginalne opakowanie idealnie nadaje si\u0119 na prezentw zestawie dodatkowo 3 samochodzikiWymiary: 36,5 x 12,5 x 31 cmWiek: od 3 latEkozabawki skierowane s\u0105 ju\u017c dla najm\u0142odszych dzieci, kt\u00f3re wykonuje si\u0119 z ca\u0142kowicie naturalnych, biodegradowalnych oraz hipoalergicznych materia\u0142\u00f3w, dzi\u0119ki czemu s\u0105 one w stu procentach bezpieczne i nieszkodliwe nie tylko dla samego \u015brodowiska, ale tak\u017ce i dla Twojej pociechy.Classic World to uznana firma produkuj\u0105ca zabawki. Firma ustawia poprzeczk\u0119 inny producentom przede wszystkim wysok\u0105 jako\u015bci\u0105 wykonania. Wiemy, \u017ce dzieci zas\u0142uguj\u0105 tylko na najlepsze zabawki. Classic World zapewnia to dzi\u0119ki rygorystycznemu procesowi kontroli jako\u015bci i produkcji. Firma obs\u0142uguje mi\u0119dzynarodowe standardy jako\u015bci.<\/p>\n<h2>Classicworld Tor Wy\u015bciogowy Formu\u0142a 1 Classic World<\/h2>\n<p>zagadki o psach, liwia imi\u0119, psi patrol do czytania, test z pana kleksa, rysowanie po \u015bladzie pdf, jak rozmawia\u0107 z dzie\u0107mi o wojnie, przygody tomka sawyera test, zabawki na roczek, tezeusz, prezent na 1 urodziny dla dziewczynki, na wyspach bergamutach, prezent dla 1 latka, test lew czarownica i stara szafa, zagadki dla 7 latka, p\u0142onie ognisko w lesie<\/p>\n<p>yyyyy<\/p>\n<p>&nbsp;<\/p>\n","protected":false},"excerpt":{"rendered":"<p>\u015awietna Zabawka dla ka\u017cdego ma\u0142ego amatora wy\u015bcig\u00f3w. Niepowtarzalny design i trwa\u0142o\u015b\u0107 wykonania. Idealne uzupe\u0142nienie ka\u017cdego dzieci\u0119cego pokoju.Dlaczego w\u0142a\u015bnie ta zabawka:Zapewni d\u0142ugie godziny zabawy\u015awietna jako\u015b\u0107 wykonaniaEKO zabawka &#8211; wykonana z drewna w 100% bezpieczna dla Twojego dzieckaEleganckie oryginalne opakowanie idealnie nadaje si\u0119 na prezentw zestawie dodatkowo 3 samochodzikiWymiary: 36,5 x 12,5 x 31 cmWiek: od 3 [&hellip;]<\/p>\n","protected":false},"featured_media":7551,"comment_status":"closed","ping_status":"open","template":"","meta":[],"product_cat":[1409,141],"product_tag":[838,819,727,604,873],"class_list":["post-7550","product","type-product","status-publish","has-post-thumbnail","hentry","product_cat-classic-world","product_cat-parkingi-garaze-i-tory-wyscigowe","product_tag-bajki-dla-dzieci-na-dobranoc","product_tag-co-kupic-nastolatce-na-swieta","product_tag-godlo-polski-do-druku","product_tag-zagadki-trudne","product_tag-zagadki-z-odpowiedziami-dla-dzieci"],"_links":{"self":[{"href":"http:\/\/klubmamgdynia.pl\/index.php\/wp-json\/wp\/v2\/product\/7550","targetHints":{"allow":["GET"]}}],"collection":[{"href":"http:\/\/klubmamgdynia.pl\/index.php\/wp-json\/wp\/v2\/product"}],"about":[{"href":"http:\/\/klubmamgdynia.pl\/index.php\/wp-json\/wp\/v2\/types\/product"}],"replies":[{"embeddable":true,"href":"http:\/\/klubmamgdynia.pl\/index.php\/wp-json\/wp\/v2\/comments?post=7550"}],"wp:featuredmedia":[{"embeddable":true,"href":"http:\/\/klubmamgdynia.pl\/index.php\/wp-json\/wp\/v2\/media\/7551"}],"wp:attachment":[{"href":"http:\/\/klubmamgdynia.pl\/index.php\/wp-json\/wp\/v2\/media?parent=7550"}],"wp:term":[{"taxonomy":"product_cat","embeddable":true,"href":"http:\/\/klubmamgdynia.pl\/index.php\/wp-json\/wp\/v2\/product_cat?post=7550"},{"taxonomy":"product_tag","embeddable":true,"href":"http:\/\/klubmamgdynia.pl\/index.php\/wp-json\/wp\/v2\/product_tag?post=7550"}],"curies":[{"name":"wp","href":"https:\/\/api.w.org\/{rel}","templated":true}]}}