{"id":7552,"date":"2019-01-01T23:04:51","date_gmt":"2019-01-01T22:04:51","guid":{"rendered":"http:\/\/klubmamgdynia.pl\/index.php\/produkt\/innofer-baby-zawiesina-50ml\/"},"modified":"2026-04-29T04:44:20","modified_gmt":"2026-04-29T02:44:20","slug":"innofer-baby-zawiesina-50ml","status":"publish","type":"product","link":"http:\/\/klubmamgdynia.pl\/index.php\/produkt\/innofer-baby-zawiesina-50ml\/","title":{"rendered":"Innofer Baby zawiesina 50ml"},"content":{"rendered":"<p>Innofer Baby 50ml                            <\/p>\n<p>WSKAZANIA: Do post\u0119powania dietetycznego w celu zapobiegania niedoborowi \u017celaza i niedokrwisto\u015bci z niedoboru \u017celaza (anemii).\u00a0SK\u0141AD: olej ro\u015blinny MCT (\u015brednio\u0142a\u0144cuchowe tr\u00f3jglicerydy), \u017celazo elementarne                            <\/p>\n<p>DAWKOWANIE OG\u00d3LNIE:\u00a00,1 ml Innofer baby zawiera 1 mg \u017celazaDAWKOWANIE DZIECI:\u00a0Profilaktyka niedoboru \u017celaza \u2013 niemowl\u0119ta, r\u00f3wnie\u017c urodzone przedwcze\u015bnie i z nisk\u0105 mas\u0105 urodzeniow\u0105 oraz dzieci: Przyjmowanie pod nadzorem lekarza uzale\u017cnione od indywidualnego zapotrzebowania. Zalecenia Krajowego Konsultanta ds. Pediatrii: 1-2 mg \u017celaza\/ kg masy cia\u0142a\/ dob\u0119.\u00a0Niedobory \u017celaza i anemia &#8211; niemowl\u0119ta, r\u00f3wnie\u017c urodzone przedwcze\u015bnie i z nisk\u0105 mas\u0105 urodzeniow\u0105 oraz dzieci: Przyjmowanie pod nadzorem lekarza uzale\u017cnione od indywidualnego zapotrzebowania. Zalecenia Krajowego Konsultanta ds. Pediatrii: 4-6 mg \u017celaza\/ kg masy cia\u0142a\/ dob\u0119 (podzielone na 2-3 dawki).\u00a0\u015aRODKI OSTRO\u017bNO\u015aCI: Mo\u017ce stanowi\u0107 zagro\u017cenie dla zdrowia, je\u015bli spo\u017cywany jest przez osoby, u kt\u00f3rych nie stwierdzono wskaza\u0144 medycznych do jego podawania. Przeznaczony do stosowania pod nadzorem lekarza.                            <\/p>\n<p>UWAGI: Przed spo\u017cyciem, w celu uzyskania jednorodnej zawiesiny, produkt nale\u017cy dok\u0142adnie wymiesza\u0107. W tym celu nale\u017cy energicznie wstrz\u0105sa\u0107 butelk\u0105 nie kr\u00f3cej ni\u017c 30 s. Po prawid\u0142owym wymieszaniu zawiesina przybiera ciemn\u0105 barw\u0119. Odmierzon\u0105 dawk\u0119 nale\u017cy poda\u0107 zaraz po przygotowaniu bezpo\u015brednio do jamy ustnej.W przypadku niemowl\u0105t karmionych wy\u0142\u0105cznie mlekiem zaleca si\u0119 podanie produktu ok 15 min. przed podaniem mleka lub 2 godziny po.\u00a0STATUS PRODUKTU: \u017bywno\u015b\u0107 specjalnego przeznaczenia medycznegoDOST\u0118PNE OPAKOWANIA: Innofer baby, zawiesina 50 ml, dla noworodk\u00f3w, niemowl\u0105t i dzieci.<\/p>\n<h2>Innofer Baby zawiesina 50ml Smart Pharma<\/h2>\n<p>imi\u0119 adriana, zabawki na roczek dla ch\u0142opca, loga samochod\u00f3w, lodowiska w warszawie, kotek kolorowanka do druku, aron, prezent dla nastolatk\u00f3w ch\u0142opc\u00f3w, ju\u017c blisko kol\u0119da tekst, wiersze \u0142ama\u0144ce j\u0119zykowe dla dzieci, podchwytliwe zagadki z odpowiedziami, cytaty o dziecku i mamie, quizy ma\u0142y ksi\u0105\u017c\u0119, zagadki na logiczne my\u015blenie, zagadki przyrodnicze, test z lektury mitologia grecka, zagadki o owocach, najlepsze zagadki, cytaty o przyja\u017ani \u015bmieszne<\/p>\n<p>yyyyy<\/p>\n<p>&nbsp;<\/p>\n","protected":false},"excerpt":{"rendered":"<p>Innofer Baby 50ml WSKAZANIA: Do post\u0119powania dietetycznego w celu zapobiegania niedoborowi \u017celaza i niedokrwisto\u015bci z niedoboru \u017celaza (anemii).\u00a0SK\u0141AD: olej ro\u015blinny MCT (\u015brednio\u0142a\u0144cuchowe tr\u00f3jglicerydy), \u017celazo elementarne DAWKOWANIE OG\u00d3LNIE:\u00a00,1 ml Innofer baby zawiera 1 mg \u017celazaDAWKOWANIE DZIECI:\u00a0Profilaktyka niedoboru \u017celaza \u2013 niemowl\u0119ta, r\u00f3wnie\u017c urodzone przedwcze\u015bnie i z nisk\u0105 mas\u0105 urodzeniow\u0105 oraz dzieci: Przyjmowanie pod nadzorem lekarza uzale\u017cnione od [&hellip;]<\/p>\n","protected":false},"featured_media":7553,"comment_status":"closed","ping_status":"open","template":"","meta":[],"product_cat":[985,1246],"product_tag":[680,857,788],"class_list":["post-7552","product","type-product","status-publish","has-post-thumbnail","hentry","product_cat-dzieci-i-niemowleta","product_cat-smart-pharma","product_tag-cytaty-z-malego-ksiecia","product_tag-zagadki-dla-dzieci-7-8-lat","product_tag-zagadki-krotkie"],"_links":{"self":[{"href":"http:\/\/klubmamgdynia.pl\/index.php\/wp-json\/wp\/v2\/product\/7552","targetHints":{"allow":["GET"]}}],"collection":[{"href":"http:\/\/klubmamgdynia.pl\/index.php\/wp-json\/wp\/v2\/product"}],"about":[{"href":"http:\/\/klubmamgdynia.pl\/index.php\/wp-json\/wp\/v2\/types\/product"}],"replies":[{"embeddable":true,"href":"http:\/\/klubmamgdynia.pl\/index.php\/wp-json\/wp\/v2\/comments?post=7552"}],"wp:featuredmedia":[{"embeddable":true,"href":"http:\/\/klubmamgdynia.pl\/index.php\/wp-json\/wp\/v2\/media\/7553"}],"wp:attachment":[{"href":"http:\/\/klubmamgdynia.pl\/index.php\/wp-json\/wp\/v2\/media?parent=7552"}],"wp:term":[{"taxonomy":"product_cat","embeddable":true,"href":"http:\/\/klubmamgdynia.pl\/index.php\/wp-json\/wp\/v2\/product_cat?post=7552"},{"taxonomy":"product_tag","embeddable":true,"href":"http:\/\/klubmamgdynia.pl\/index.php\/wp-json\/wp\/v2\/product_tag?post=7552"}],"curies":[{"name":"wp","href":"https:\/\/api.w.org\/{rel}","templated":true}]}}