{"id":7554,"date":"2015-01-28T22:23:08","date_gmt":"2015-01-28T21:23:08","guid":{"rendered":"http:\/\/klubmamgdynia.pl\/index.php\/produkt\/swanson-kwas-alfa-liponowy-100-mg-120-kaps\/"},"modified":"2026-04-29T12:31:32","modified_gmt":"2026-04-29T10:31:32","slug":"swanson-kwas-alfa-liponowy-100-mg-120-kaps","status":"publish","type":"product","link":"http:\/\/klubmamgdynia.pl\/index.php\/produkt\/swanson-kwas-alfa-liponowy-100-mg-120-kaps\/","title":{"rendered":"Swanson Kwas Alfa Liponowy 100 mg 120 kaps."},"content":{"rendered":"<p>ALA- Kwas alfa liponowy- suplement diety &#8211; 100 mg \/ 120 kapsu\u0142ek\u2022 Jeden z silniejszych antyoksydant\u00f3w\u2022 Wspomaga prac\u0119 uk\u0142adu kr\u0105\u017cenia i serca\u2022 Ochrania narz\u0105dy wzroku i w\u0105trobyKwas alfa liponowy jest jednym ze skuteczniejszych antyoksydant\u00f3w. Bierze udzia\u0142 w procesach detoksykacji, posiada wiele w\u0142a\u015bciwo\u015bci wspieraj\u0105cych organizm, a tak\u017ce zwi\u0119ksza wydolno\u015b\u0107 psychiczn\u0105 i fizyczn\u0105. Kwas alfa liponowy umo\u017cliwia regeneracj\u0119 uszkodzonych struktur DNA, lipid\u00f3w i protein, wi\u0105\u017ce toksyczne zwi\u0105zki, przez co lepiej s\u0105 one usuwane z organizmu.WARTO\u015a\u0106 OD\u017bYWCZA:Warto\u015b\u0107 od\u017cywcza1 kapsu\u0142ka2 kapsu\u0142ki% realizacji dziennegozapotrzebowania RDAKwas alfa liponowy 100 mg 200 mg *SK\u0141ADNIKI 1 KAPSU\u0141KI: Kwas alfa liponowy, \u017celatyna (otoczka kapsu\u0142ki), mikrokrystaliczna celuloza (substancja wype\u0142niaj\u0105ca), stearynian magnezu i\/lub krzemionka (substancje przeciwzbrylaj\u0105ce).SPOS\u00d3B U\u017bYCIA: Jedna kapsu\u0142ka 1-2 razy dziennie. Nie przekracza\u0107 zalecanej porcji do spo\u017cycia w ci\u0105gu dnia.Produkt nie mo\u017ce by\u0107 stosowany jako substytut prawid\u0142owo zr\u00f3\u017cnicowanej diety.PRZECIWWSKAZANIA: Produkt nie wskazany dla kobiet w ci\u0105\u017cy i karmi\u0105cych.PRZECHOWYWANIE: Przechowywa\u0107 w temperaturze pokojowej, w spos\u00f3b niedost\u0119pny dla ma\u0142ych dzieci.OPAKOWANIE: 100 mg \/ 120 kapsu\u0142ek. Masa netto: 43 g.INFORMACJE O PRODUCENCIE:Firma Swanson Health Products to jedna z najpopularniejszych firm produkuj\u0105cych suplementy diety w USA od 40 lat. Jej produkty spe\u0142niaj\u0105 wysokie normy ameryka\u0144skiej FDA (Agencji ds. \u017bywno\u015bci i Lek\u00f3w) oraz posiadaj\u0105 certyfikat FDA, co jest gwarantem bezpiecze\u0144stwa zdrowotnego preparat\u00f3w. Produkcja preparat\u00f3w z surowc\u00f3w naturalnego pochodzenia, odbywa si\u0119 zgodnie z normami GMP (Dobr\u0105 Praktyka Produkcyjn\u0105), kt\u00f3rych spe\u0142nienie pozwala uzyska\u0107 najwy\u017csz\u0105 mo\u017cliw\u0105 jako\u015b\u0107 produkt\u00f3w.Sklep Przepis na zdrowie jest AUTORYZOWANYM SPRZEDAWC\u0104 marki SWANSON w Polsce, co daje Pa\u0144stwu gwarancje autentyczno\u015bci wszystkich produkt\u00f3w oraz profesjonalizm i fachowo\u015b\u0107 w doradztwie tych produkt\u00f3w.<\/p>\n<h2>Swanson Kwas Alfa Liponowy 100 mg 120 kaps. Swanson<\/h2>\n<p>\u015bwinka peppa bajki do czytania, quiz opowie\u015bci z narnii, po\u0142\u0105cz kropki do druku \u0142atwe, dziecko cytaty, lody kolorowanka, prezent dla 7 latki, glupie zagadki, bajka na dobranoc do czytania, lato lato lato czeka tekst, kolorowanki pi\u0142karskie, nastolatka, rzadkie imiona \u017ce\u0144skie, kr\u00f3tkie bajki na dobranoc do czytania<\/p>\n<p>yyyyy<\/p>\n<p>&nbsp;<\/p>\n","protected":false},"excerpt":{"rendered":"<p>ALA- Kwas alfa liponowy- suplement diety &#8211; 100 mg \/ 120 kapsu\u0142ek\u2022 Jeden z silniejszych antyoksydant\u00f3w\u2022 Wspomaga prac\u0119 uk\u0142adu kr\u0105\u017cenia i serca\u2022 Ochrania narz\u0105dy wzroku i w\u0105trobyKwas alfa liponowy jest jednym ze skuteczniejszych antyoksydant\u00f3w. Bierze udzia\u0142 w procesach detoksykacji, posiada wiele w\u0142a\u015bciwo\u015bci wspieraj\u0105cych organizm, a tak\u017ce zwi\u0119ksza wydolno\u015b\u0107 psychiczn\u0105 i fizyczn\u0105. Kwas alfa liponowy umo\u017cliwia [&hellip;]<\/p>\n","protected":false},"featured_media":7555,"comment_status":"closed","ping_status":"open","template":"","meta":[],"product_cat":[1618,184],"product_tag":[696,624,636,634,715],"class_list":["post-7554","product","type-product","status-publish","has-post-thumbnail","hentry","product_cat-swanson","product_cat-uklad-pokarmowy-i-trawienie","product_tag-film-rodzinny-o-swietach","product_tag-krotkie-zagadki","product_tag-teksty-kolysanek","product_tag-zagadki-wielkanocne-dla-dzieci","product_tag-zosia-samosia"],"_links":{"self":[{"href":"http:\/\/klubmamgdynia.pl\/index.php\/wp-json\/wp\/v2\/product\/7554","targetHints":{"allow":["GET"]}}],"collection":[{"href":"http:\/\/klubmamgdynia.pl\/index.php\/wp-json\/wp\/v2\/product"}],"about":[{"href":"http:\/\/klubmamgdynia.pl\/index.php\/wp-json\/wp\/v2\/types\/product"}],"replies":[{"embeddable":true,"href":"http:\/\/klubmamgdynia.pl\/index.php\/wp-json\/wp\/v2\/comments?post=7554"}],"wp:featuredmedia":[{"embeddable":true,"href":"http:\/\/klubmamgdynia.pl\/index.php\/wp-json\/wp\/v2\/media\/7555"}],"wp:attachment":[{"href":"http:\/\/klubmamgdynia.pl\/index.php\/wp-json\/wp\/v2\/media?parent=7554"}],"wp:term":[{"taxonomy":"product_cat","embeddable":true,"href":"http:\/\/klubmamgdynia.pl\/index.php\/wp-json\/wp\/v2\/product_cat?post=7554"},{"taxonomy":"product_tag","embeddable":true,"href":"http:\/\/klubmamgdynia.pl\/index.php\/wp-json\/wp\/v2\/product_tag?post=7554"}],"curies":[{"name":"wp","href":"https:\/\/api.w.org\/{rel}","templated":true}]}}