{"id":7558,"date":"2013-04-08T20:02:20","date_gmt":"2013-04-08T18:02:20","guid":{"rendered":"http:\/\/klubmamgdynia.pl\/index.php\/produkt\/entero-acidolac-10-sasz\/"},"modified":"2026-04-06T15:49:29","modified_gmt":"2026-04-06T13:49:29","slug":"entero-acidolac-10-sasz","status":"publish","type":"product","link":"http:\/\/klubmamgdynia.pl\/index.php\/produkt\/entero-acidolac-10-sasz\/","title":{"rendered":"Entero Acidolac 10 sasz."},"content":{"rendered":"<p>Entero Acidolac x 10 sasz.                            <\/p>\n<p>ENTERO ACIDOLAC\u00ae\u00a0Suplement dietydla niemowl\u0105t, dzieci i doros\u0142ychOpis produktu \/ przeznaczenie:Entero Acidolac\u00ae suplement diety jest produktem, zawieraj\u0105cym liofilizowane kultury dro\u017cd\u017cowe probiotycznego szczepu accharomyces boulardii oraz fruktooligosacharydy.Produkt mo\u017cna stosowa\u0107 w celu uzupe\u0142niania mikrobioty jelit w okresie antybiotykoterapii oraz przez 2-3 tygodnie po zaprzestaniu stosowania antybiotyk\u00f3w, a tak\u017ce w podr\u00f3\u017cy ze zmian\u0105 strefy klimatycznej, kiedy w przewodzie pokarmowym mo\u017ce doj\u015b\u0107 do zmian w sk\u0142adzie mikrobioty.Saccharomyces boulardii, zawarte w produkcie Entero Acidolac\u00ae, to dobrze przebadane kultury dro\u017cd\u017cowe stosowane u niemowl\u0105t, dzieci i doros\u0142ych.Produkt bezglutenowy\u00a0Sk\u0142adniki: maltodekstryna, fruktooligosacharydy (FOS), liofilizowane kultury dro\u017cd\u017cy szczepu Saccharomyces boulardii, substancja przeciwzbrylaj\u0105ca mono- i diglicerydy kwas\u00f3w t\u0142uszczowych.                            <\/p>\n<p>* CFU \u2013 Colony Forming Unit &#8211; jednostka tworz\u0105ca koloni\u0119 bakterii\u00a0                            <\/p>\n<p>Zalecane dzienne spo\u017cycie:Niemowl\u0119ta i dzieci do 3 roku \u017cycia: 1 saszetka dziennie.\u00a0Dzieci powy\u017cej 3 roku \u017cycia i doro\u015bli: 1-2 saszetki dziennie.\u00a0Spos\u00f3b przygotowania: Zawarto\u015b\u0107 saszetki podawa\u0107 bezpo\u015brednio do jamy ustnej lub po uprzednim rozpuszczeniu w p\u0142ynie o temperaturze maksymalnie 37\u2103. W przypadku dzieci karmionych piersi\u0105 zawarto\u015b\u0107 saszetki mo\u017cna rozpu\u015bci\u0107 w \u015bci\u0105gni\u0119tym mleku matki.Produkt nale\u017cy spo\u017cy\u0107 bezpo\u015brednio po przygotowaniu.\u00a0Dodatkowe informacje:Produkt nie zawiera bia\u0142ka mleka krowiego i glutenu i mo\u017ce by\u0107 podawany osobom, kt\u00f3re nie toleruj\u0105 tych sk\u0142adnik\u00f3w.Nie nale\u017cy przekracza\u0107 zalecanej porcji do spo\u017cycia w ci\u0105gu dnia.\u00a0Suplement diety nie mo\u017ce by\u0107 stosowany jako substytut zr\u00f3\u017cnicowanej diety.Zr\u00f3wnowa\u017cona i zr\u00f3\u017cnicowana dieta oraz zdrowy styl \u017cycia s\u0105 podstaw\u0105 zapewnienia prawid\u0142owego funkcjonowania organizmu.Nie stosowa\u0107 u os\u00f3b uczulonych na kt\u00f3rykolwiek ze sk\u0142adnik\u00f3w produktu.\u00a0Warunki przechowywania:Przechowywa\u0107 w zamkni\u0119tym opakowaniu, w temperaturze 15 &#8211; 25\u2103, w spos\u00f3b niedost\u0119pny dla ma\u0142ych dzieci. Chroni\u0107 od \u015bwiat\u0142a i wilgoci.\u00a0Dost\u0119pne wielko\u015bci opakowa\u0144:30 g (10 saszetek x 3 g)Podmiot odpowiedzialny za informacj\u0119 o produkcie:Zak\u0142ady Farmaceutyczne POLPHARMA S.A.ul. Pelpli\u0144ska 1983-200 Starogard Gda\u0144ski                            <\/p>\n<p>                    Poznaj pozosta\u0142e produkty<\/p>\n<p>            Acidolac Baby krople 10 ml<\/p>\n<p>            Acidolac Junior (bia\u0142a czekolada) x 20 tabl.<\/p>\n<p>            Acidolac Junior (truskawka) x 20 tabl.<\/p>\n<p>            Acidolac Baby 10 sasz.<\/p>\n<p>            Acidolac caps 10 kaps.<\/p>\n<p>            Acidolac caps 20 kaps.<\/p>\n<p>            Acidolac 10 kaps.<\/p>\n<h2>Entero Acidolac 10 sasz. ZF Polpharma S.A.<\/h2>\n<p>samolot z papieru, prezent dla nastolatk\u00f3w na \u015bwi\u0119ta, kolorowe ciasto, kolorowe listki tekst, lukrecja imi\u0119, zagadki na inteligencj\u0119 z odpowiedziami<\/p>\n<p>yyyyy<\/p>\n<p>&nbsp;<\/p>\n","protected":false},"excerpt":{"rendered":"<p>Entero Acidolac x 10 sasz. ENTERO ACIDOLAC\u00ae\u00a0Suplement dietydla niemowl\u0105t, dzieci i doros\u0142ychOpis produktu \/ przeznaczenie:Entero Acidolac\u00ae suplement diety jest produktem, zawieraj\u0105cym liofilizowane kultury dro\u017cd\u017cowe probiotycznego szczepu accharomyces boulardii oraz fruktooligosacharydy.Produkt mo\u017cna stosowa\u0107 w celu uzupe\u0142niania mikrobioty jelit w okresie antybiotykoterapii oraz przez 2-3 tygodnie po zaprzestaniu stosowania antybiotyk\u00f3w, a tak\u017ce w podr\u00f3\u017cy ze zmian\u0105 strefy [&hellip;]<\/p>\n","protected":false},"featured_media":7559,"comment_status":"closed","ping_status":"open","template":"","meta":[],"product_cat":[1533,199],"product_tag":[668,670,688,614],"class_list":["post-7558","product","type-product","status-publish","has-post-thumbnail","hentry","product_cat-suplementy-dla-dzieci","product_cat-zf-polpharma-s-a","product_tag-atrakcje-dla-dzieci-wroclaw","product_tag-irma","product_tag-kolysanki-tekst","product_tag-pia"],"_links":{"self":[{"href":"http:\/\/klubmamgdynia.pl\/index.php\/wp-json\/wp\/v2\/product\/7558","targetHints":{"allow":["GET"]}}],"collection":[{"href":"http:\/\/klubmamgdynia.pl\/index.php\/wp-json\/wp\/v2\/product"}],"about":[{"href":"http:\/\/klubmamgdynia.pl\/index.php\/wp-json\/wp\/v2\/types\/product"}],"replies":[{"embeddable":true,"href":"http:\/\/klubmamgdynia.pl\/index.php\/wp-json\/wp\/v2\/comments?post=7558"}],"wp:featuredmedia":[{"embeddable":true,"href":"http:\/\/klubmamgdynia.pl\/index.php\/wp-json\/wp\/v2\/media\/7559"}],"wp:attachment":[{"href":"http:\/\/klubmamgdynia.pl\/index.php\/wp-json\/wp\/v2\/media?parent=7558"}],"wp:term":[{"taxonomy":"product_cat","embeddable":true,"href":"http:\/\/klubmamgdynia.pl\/index.php\/wp-json\/wp\/v2\/product_cat?post=7558"},{"taxonomy":"product_tag","embeddable":true,"href":"http:\/\/klubmamgdynia.pl\/index.php\/wp-json\/wp\/v2\/product_tag?post=7558"}],"curies":[{"name":"wp","href":"https:\/\/api.w.org\/{rel}","templated":true}]}}