{"id":756,"date":"2016-09-01T05:18:48","date_gmt":"2016-09-01T03:18:48","guid":{"rendered":"http:\/\/klubmamgdynia.pl\/index.php\/produkt\/salewa-ms-wildfire-edge-wallnut-fluo-orange\/"},"modified":"2026-04-29T19:24:02","modified_gmt":"2026-04-29T17:24:02","slug":"salewa-ms-wildfire-edge-wallnut-fluo-orange","status":"publish","type":"product","link":"http:\/\/klubmamgdynia.pl\/index.php\/produkt\/salewa-ms-wildfire-edge-wallnut-fluo-orange\/","title":{"rendered":"Salewa Ms Wildfire Edge Wallnut Fluo Orange"},"content":{"rendered":"<p>M\u0119skie obuwie turystyczne Salewa MS Wildfire Edge to wyj\u0105tkowo uniwersalny outdoorowy model. Technologia Salewa SwitchFit zapewnia mo\u017cliwo\u015b\u0107 zmiany wyj\u0105tkowo wygodnych, komfortowych but\u00f3w turystycznych na precyzyjne buty do wspinaczki. Za pomoc\u0105 tylnego \u201eoczka\u201d nale\u017cy zaci\u0105gn\u0105\u0107 sznur\u00f3wki i popchn\u0105\u0107 nog\u0119 do przodu w kierunku czubka. Podeszwa zewn\u0119trzna Pomoca Speed MNT z cz\u0119\u015bci\u0105 Edging Plate bezpo\u015brednio pod palcami sprawia, \u017ce buty maj\u0105 precyzyjny, wspinaczkowy czubek z optymaln\u0105 twardo\u015bci\u0105 do wspinaczki. Jak tylko sko\u0144czy si\u0119 wspinaczka, sznur\u00f3wki mo\u017cna poluzowa\u0107 a buty z powrotem stan\u0105 si\u0119 wygodnym, turystycznym modelem dzi\u0119ki elastycznej wy\u015bci\u00f3\u0142ce. Technologia 3F ze specjalnymi wzmocnieniami na kostce i na pi\u0119cie zapewnia doskona\u0142\u0105 stabilizacj\u0119 kostki. Podeszwa zewn\u0119trzna Pomoca Speed MNT zapewnia doskona\u0142y grip i bezpiecze\u0144stwo tak\u017ce na mokrych nawierzchniach.<\/p>\n<h2>Salewa Ms Wildfire Edge Wallnut Fluo Orange SALEWA<\/h2>\n<p>kajko i kokosz test z lektury, zagadki na logik\u0119, kolorowanki lego friends, zabawy z 7 latkiem, mitologia grecka quiz, zagadki dla nastolatk\u00f3w, imie aron, cytat z ma\u0142ego ksi\u0119cia o przyja\u017ani<\/p>\n<p>yyyyy<\/p>\n<p>&nbsp;<\/p>\n","protected":false},"excerpt":{"rendered":"<p>M\u0119skie obuwie turystyczne Salewa MS Wildfire Edge to wyj\u0105tkowo uniwersalny outdoorowy model. Technologia Salewa SwitchFit zapewnia mo\u017cliwo\u015b\u0107 zmiany wyj\u0105tkowo wygodnych, komfortowych but\u00f3w turystycznych na precyzyjne buty do wspinaczki. Za pomoc\u0105 tylnego \u201eoczka\u201d nale\u017cy zaci\u0105gn\u0105\u0107 sznur\u00f3wki i popchn\u0105\u0107 nog\u0119 do przodu w kierunku czubka. Podeszwa zewn\u0119trzna Pomoca Speed MNT z cz\u0119\u015bci\u0105 Edging Plate bezpo\u015brednio pod palcami [&hellip;]<\/p>\n","protected":false},"featured_media":757,"comment_status":"closed","ping_status":"open","template":"","meta":[],"product_cat":[277,276],"product_tag":[700,727,621,726],"class_list":["post-756","product","type-product","status-publish","has-post-thumbnail","hentry","product_cat-buty-trekkingowe","product_cat-salewa","product_tag-bajki-do-czytania-dla-dzieci","product_tag-godlo-polski-do-druku","product_tag-prezenty-roczek","product_tag-quiz-zemsta"],"_links":{"self":[{"href":"http:\/\/klubmamgdynia.pl\/index.php\/wp-json\/wp\/v2\/product\/756","targetHints":{"allow":["GET"]}}],"collection":[{"href":"http:\/\/klubmamgdynia.pl\/index.php\/wp-json\/wp\/v2\/product"}],"about":[{"href":"http:\/\/klubmamgdynia.pl\/index.php\/wp-json\/wp\/v2\/types\/product"}],"replies":[{"embeddable":true,"href":"http:\/\/klubmamgdynia.pl\/index.php\/wp-json\/wp\/v2\/comments?post=756"}],"wp:featuredmedia":[{"embeddable":true,"href":"http:\/\/klubmamgdynia.pl\/index.php\/wp-json\/wp\/v2\/media\/757"}],"wp:attachment":[{"href":"http:\/\/klubmamgdynia.pl\/index.php\/wp-json\/wp\/v2\/media?parent=756"}],"wp:term":[{"taxonomy":"product_cat","embeddable":true,"href":"http:\/\/klubmamgdynia.pl\/index.php\/wp-json\/wp\/v2\/product_cat?post=756"},{"taxonomy":"product_tag","embeddable":true,"href":"http:\/\/klubmamgdynia.pl\/index.php\/wp-json\/wp\/v2\/product_tag?post=756"}],"curies":[{"name":"wp","href":"https:\/\/api.w.org\/{rel}","templated":true}]}}